{"id":3760,"date":"2026-04-19T18:09:14","date_gmt":"2026-04-19T16:09:14","guid":{"rendered":"https:\/\/fesfestival.com\/2026-\/?post_type=product&#038;p=3760"},"modified":"2026-04-19T20:05:27","modified_gmt":"2026-04-19T18:05:27","slug":"ensembles-yassawi-et-qulansaz","status":"publish","type":"product","link":"https:\/\/fesfestival.com\/2026-\/product\/ensembles-yassawi-et-qulansaz\/","title":{"rendered":"Ensembles Yassawi et Qulansaz \u2013 Kazakhstan Traditions nomades d\u2019Asie Centrale"},"content":{"rendered":"<p><strong>\ud83d\udcc5 Vendredi 5 Juin 2026<\/strong> | <strong>\ud83d\udd50 15:00<\/strong> | <strong>\ud83d\udccd Jardan Jnan Sbil<\/strong><\/p>\n<p>Ensembles Yassawi et Qulansaz \u2013 Kazakhstan<\/p>\n<p>Traditions nomades d\u2019Asie Centrale<\/p>\n<p>La musique kazakhe fait partie des musiques d&#8217;Asie centrale. Elle est l&#8217;un des lieux d&#8217;implantations majeures de la musique des steppes des bardes turcophones. Bien que sous influence sovi\u00e9tique pendant un temps, elle a su garder son originalit\u00e9 et\u00a0\u00a0 malgr\u00e9 un certain syncr\u00e9tisme entre l\u2019Islam et le Tengri, le dieu au-dessus de tout des anciens chamanes, elle reste aujourd\u2019hui profond\u00e9ment attach\u00e9e \u00e0 cette id\u00e9e de nomadisme et de nature.<\/p>\n<p>Le chant \u00ab\u00a0kazakmu\u00a0\u00bb est la revendication profonde d\u2019un monde nomade lointain aujourd\u2018hui.<\/p>\n<p><em>\u00ab On compare le chant \u00e9pique kazakh Jyraou \u00e0 un pur-sang qui galope\u00a0\u00bb <\/em>grace \u00e0 la v\u00e9locit\u00e9 et la d\u00e9termination avec lesquelles les anciennes femmes po\u00e9tesses chantaient ce chant de la nature. Elles poss\u00e9daient \u00e0 la fois fiert\u00e9 guerri\u00e8re et noblesse nomade, l\u2019\u00e2pret\u00e9 de son interpr\u00e9tation lui conc\u00e9dait pl\u00e9nitude et simplicit\u00e9.<\/p>\n<p>La tradition musicale kazakhe est la repr\u00e9sentation sublim\u00e9e du mode de vie nomade et de ses espaces infinis. Elle s\u2019incarne dans la dombra, luth \u00e0 long manche et \u00e0 deux cordes. La particularit\u00e9 de ce chant, accompagn\u00e9e \u00e0 la dombra, est sa tonalit\u00e9 gutturale qui cr\u00e9e le lien entre le \u00ab\u00a0zhyrau\u00a0\u00bb et les anc\u00eatres (<em>aruakh<\/em>).<\/p>\n<p>Chez les Kazakhs, la vi\u00e8le \u00a0<em>kyl-kobyz<\/em>\u00a0(<em>kyl<\/em>\u00a0signifiant litt.\u201ccrin de cheval\u201d en r\u00e9f\u00e9rence aux cordes de l\u2019instrument) est, dans le mythe de cr\u00e9ation, le premier instrument de musique kazakh. Li\u00e9 \u00e0 Korkyt Ata, l\u2019anc\u00eatre de tous les\u00a0<em>baksy<\/em>\u00a0(po\u00e8tes chamanes).<\/p>\n<p>\u00c9quivalent du tambour chamanique sib\u00e9rien, il sert de r\u00e9ceptacle des esprits, de monture symbolique, de figuration de l\u2019univers. Il permet au\u00a0<em>baksy <\/em>d\u2019ouvrir une porte vers le monde des anc\u00eatres.<\/p>\n<p>&nbsp;<\/p>\n","protected":false},"excerpt":{"rendered":"<p>Vendredi 5 Juin \u2013 15:00 \u2013 Jardan Jnan Sbil.<\/p>\n","protected":false},"featured_media":3770,"comment_status":"closed","ping_status":"closed","template":"","meta":[],"product_brand":[],"product_cat":[104,102],"product_tag":[],"class_list":{"0":"post-3760","1":"product","2":"type-product","3":"status-publish","4":"has-post-thumbnail","6":"product_cat-jardin-jnan-sbil","7":"product_cat-tickets-festival","9":"first","10":"instock","11":"virtual","12":"purchasable","13":"product-type-simple"},"jetpack_sharing_enabled":true,"_links":{"self":[{"href":"https:\/\/fesfestival.com\/2026-\/wp-json\/wp\/v2\/product\/3760","targetHints":{"allow":["GET"]}}],"collection":[{"href":"https:\/\/fesfestival.com\/2026-\/wp-json\/wp\/v2\/product"}],"about":[{"href":"https:\/\/fesfestival.com\/2026-\/wp-json\/wp\/v2\/types\/product"}],"replies":[{"embeddable":true,"href":"https:\/\/fesfestival.com\/2026-\/wp-json\/wp\/v2\/comments?post=3760"}],"version-history":[{"count":3,"href":"https:\/\/fesfestival.com\/2026-\/wp-json\/wp\/v2\/product\/3760\/revisions"}],"predecessor-version":[{"id":3763,"href":"https:\/\/fesfestival.com\/2026-\/wp-json\/wp\/v2\/product\/3760\/revisions\/3763"}],"wp:featuredmedia":[{"embeddable":true,"href":"https:\/\/fesfestival.com\/2026-\/wp-json\/wp\/v2\/media\/3770"}],"wp:attachment":[{"href":"https:\/\/fesfestival.com\/2026-\/wp-json\/wp\/v2\/media?parent=3760"}],"wp:term":[{"taxonomy":"product_brand","embeddable":true,"href":"https:\/\/fesfestival.com\/2026-\/wp-json\/wp\/v2\/product_brand?post=3760"},{"taxonomy":"product_cat","embeddable":true,"href":"https:\/\/fesfestival.com\/2026-\/wp-json\/wp\/v2\/product_cat?post=3760"},{"taxonomy":"product_tag","embeddable":true,"href":"https:\/\/fesfestival.com\/2026-\/wp-json\/wp\/v2\/product_tag?post=3760"}],"curies":[{"name":"wp","href":"https:\/\/api.w.org\/{rel}","templated":true}]}}