{"id":3600,"date":"2026-04-14T19:27:27","date_gmt":"2026-04-14T17:27:27","guid":{"rendered":"https:\/\/fesfestival.com\/2026-\/?post_type=product&#038;p=3600"},"modified":"2026-05-12T15:44:21","modified_gmt":"2026-05-12T13:44:21","slug":"incarnation-4","status":"publish","type":"product","link":"https:\/\/fesfestival.com\/2026-\/product\/incarnation-4\/","title":{"rendered":"Incarnation"},"content":{"rendered":"<p>Incarnation\u00a0propose une exp\u00e9rience artistique in\u00e9dite, o\u00f9 la chor\u00e9graphie traditionnelle s\u2019inspire des statues de l&#8217;art khmer ancien pour cr\u00e9er un dialogue invisible entre le mouvement et la m\u00e9moire sculpturale. La performance invite \u00e0 un voyage hors du temps, entre l\u2019inanim\u00e9 et l\u2019anim\u00e9, aux confins du sacr\u00e9 et de l\u2019exp\u00e9rimentation.<\/p>\n<p>Cette performance r\u00e9unit Mathias Delplanque, musicien et cr\u00e9ateur sonore \u00e0 la crois\u00e9e des musiques actuelles, \u00e9lectroacoustiques et traditionnelles, et les danseuses classiques khm\u00e8res men\u00e9es par Chap Chamroeunmina qui a re\u00e7u le titre prestigieux de danseuse \u00e9toile du Ballet Royal du Cambodge.<\/p>\n","protected":false},"excerpt":{"rendered":"<p>Samedi 6 Juin \u2013 15:00 \u2013 Dar Adiyel<\/p>\n","protected":false},"featured_media":3442,"comment_status":"closed","ping_status":"closed","template":"","meta":[],"product_brand":[],"product_cat":[106,102],"product_tag":[],"class_list":{"0":"post-3600","1":"product","2":"type-product","3":"status-publish","4":"has-post-thumbnail","6":"product_cat-dar-adiyel","7":"product_cat-tickets-festival","9":"first","10":"instock","11":"virtual","12":"purchasable","13":"product-type-simple"},"yoast_head":"<!-- This site is optimized with the Yoast SEO plugin v27.5 - https:\/\/yoast.com\/product\/yoast-seo-wordpress\/ -->\n<title>Incarnation - Esprit de F\u00e8s<\/title>\n<meta name=\"robots\" content=\"index, follow, max-snippet:-1, max-image-preview:large, max-video-preview:-1\" \/>\n<link rel=\"canonical\" href=\"https:\/\/fesfestival.com\/2026-\/product\/incarnation-4\/\" \/>\n<meta property=\"og:locale\" content=\"fr_FR\" \/>\n<meta property=\"og:type\" content=\"article\" \/>\n<meta property=\"og:title\" content=\"Incarnation - Esprit de F\u00e8s\" \/>\n<meta property=\"og:description\" content=\"Samedi 6 Juin \u2013 15:00 \u2013 Dar Adiyel\" \/>\n<meta property=\"og:url\" content=\"https:\/\/fesfestival.com\/2026-\/product\/incarnation-4\/\" \/>\n<meta property=\"og:site_name\" content=\"Esprit de F\u00e8s\" \/>\n<meta property=\"article:modified_time\" content=\"2026-05-12T13:44:21+00:00\" \/>\n<meta property=\"og:image\" content=\"https:\/\/fesfestival.com\/2026-\/wp-content\/uploads\/2026\/03\/WhatsApp-Image-2026-03-20-at-15.59.34-1.jpeg\" \/>\n\t<meta property=\"og:image:width\" content=\"853\" \/>\n\t<meta property=\"og:image:height\" content=\"1280\" \/>\n\t<meta property=\"og:image:type\" content=\"image\/jpeg\" \/>\n<meta name=\"twitter:card\" content=\"summary_large_image\" \/>\n<meta name=\"twitter:label1\" content=\"Dur\u00e9e de lecture estim\u00e9e\" \/>\n\t<meta name=\"twitter:data1\" content=\"1 minute\" \/>\n<script type=\"application\/ld+json\" class=\"yoast-schema-graph\">{\"@context\":\"https:\\\/\\\/schema.org\",\"@graph\":[{\"@type\":\"WebPage\",\"@id\":\"https:\\\/\\\/fesfestival.com\\\/2026-\\\/product\\\/incarnation-4\\\/\",\"url\":\"https:\\\/\\\/fesfestival.com\\\/2026-\\\/product\\\/incarnation-4\\\/\",\"name\":\"Incarnation - Esprit de F\u00e8s\",\"isPartOf\":{\"@id\":\"https:\\\/\\\/fesfestival.com\\\/2026-\\\/#website\"},\"primaryImageOfPage\":{\"@id\":\"https:\\\/\\\/fesfestival.com\\\/2026-\\\/product\\\/incarnation-4\\\/#primaryimage\"},\"image\":{\"@id\":\"https:\\\/\\\/fesfestival.com\\\/2026-\\\/product\\\/incarnation-4\\\/#primaryimage\"},\"thumbnailUrl\":\"https:\\\/\\\/fesfestival.com\\\/2026-\\\/wp-content\\\/uploads\\\/2026\\\/03\\\/WhatsApp-Image-2026-03-20-at-15.59.34-1.jpeg\",\"datePublished\":\"2026-04-14T17:27:27+00:00\",\"dateModified\":\"2026-05-12T13:44:21+00:00\",\"breadcrumb\":{\"@id\":\"https:\\\/\\\/fesfestival.com\\\/2026-\\\/product\\\/incarnation-4\\\/#breadcrumb\"},\"inLanguage\":\"fr-FR\",\"potentialAction\":[{\"@type\":\"ReadAction\",\"target\":[\"https:\\\/\\\/fesfestival.com\\\/2026-\\\/product\\\/incarnation-4\\\/\"]}]},{\"@type\":\"ImageObject\",\"inLanguage\":\"fr-FR\",\"@id\":\"https:\\\/\\\/fesfestival.com\\\/2026-\\\/product\\\/incarnation-4\\\/#primaryimage\",\"url\":\"https:\\\/\\\/fesfestival.com\\\/2026-\\\/wp-content\\\/uploads\\\/2026\\\/03\\\/WhatsApp-Image-2026-03-20-at-15.59.34-1.jpeg\",\"contentUrl\":\"https:\\\/\\\/fesfestival.com\\\/2026-\\\/wp-content\\\/uploads\\\/2026\\\/03\\\/WhatsApp-Image-2026-03-20-at-15.59.34-1.jpeg\",\"width\":853,\"height\":1280},{\"@type\":\"BreadcrumbList\",\"@id\":\"https:\\\/\\\/fesfestival.com\\\/2026-\\\/product\\\/incarnation-4\\\/#breadcrumb\",\"itemListElement\":[{\"@type\":\"ListItem\",\"position\":1,\"name\":\"Accueil\",\"item\":\"https:\\\/\\\/fesfestival.com\\\/2026-\\\/\"},{\"@type\":\"ListItem\",\"position\":2,\"name\":\"Shop\",\"item\":\"https:\\\/\\\/fesfestival.com\\\/2026-\\\/shop\\\/\"},{\"@type\":\"ListItem\",\"position\":3,\"name\":\"Incarnation\"}]},{\"@type\":\"WebSite\",\"@id\":\"https:\\\/\\\/fesfestival.com\\\/2026-\\\/#website\",\"url\":\"https:\\\/\\\/fesfestival.com\\\/2026-\\\/\",\"name\":\"Esprit de F\u00e8s\",\"description\":\"F\u00e8s Festival Music Sacr\u00e9e\",\"publisher\":{\"@id\":\"https:\\\/\\\/fesfestival.com\\\/2026-\\\/#organization\"},\"potentialAction\":[{\"@type\":\"SearchAction\",\"target\":{\"@type\":\"EntryPoint\",\"urlTemplate\":\"https:\\\/\\\/fesfestival.com\\\/2026-\\\/?s={search_term_string}\"},\"query-input\":{\"@type\":\"PropertyValueSpecification\",\"valueRequired\":true,\"valueName\":\"search_term_string\"}}],\"inLanguage\":\"fr-FR\"},{\"@type\":\"Organization\",\"@id\":\"https:\\\/\\\/fesfestival.com\\\/2026-\\\/#organization\",\"name\":\"Esprit de F\u00e8s\",\"url\":\"https:\\\/\\\/fesfestival.com\\\/2026-\\\/\",\"logo\":{\"@type\":\"ImageObject\",\"inLanguage\":\"fr-FR\",\"@id\":\"https:\\\/\\\/fesfestival.com\\\/2026-\\\/#\\\/schema\\\/logo\\\/image\\\/\",\"url\":\"https:\\\/\\\/fesfestival.com\\\/2026-\\\/wp-content\\\/uploads\\\/2026\\\/03\\\/Logo_blue-scaled.png\",\"contentUrl\":\"https:\\\/\\\/fesfestival.com\\\/2026-\\\/wp-content\\\/uploads\\\/2026\\\/03\\\/Logo_blue-scaled.png\",\"width\":2560,\"height\":1032,\"caption\":\"Esprit de F\u00e8s\"},\"image\":{\"@id\":\"https:\\\/\\\/fesfestival.com\\\/2026-\\\/#\\\/schema\\\/logo\\\/image\\\/\"}}]}<\/script>\n<!-- \/ Yoast SEO plugin. -->","yoast_head_json":{"title":"Incarnation - Esprit de F\u00e8s","robots":{"index":"index","follow":"follow","max-snippet":"max-snippet:-1","max-image-preview":"max-image-preview:large","max-video-preview":"max-video-preview:-1"},"canonical":"https:\/\/fesfestival.com\/2026-\/product\/incarnation-4\/","og_locale":"fr_FR","og_type":"article","og_title":"Incarnation - Esprit de F\u00e8s","og_description":"Samedi 6 Juin \u2013 15:00 \u2013 Dar Adiyel","og_url":"https:\/\/fesfestival.com\/2026-\/product\/incarnation-4\/","og_site_name":"Esprit de F\u00e8s","article_modified_time":"2026-05-12T13:44:21+00:00","og_image":[{"width":853,"height":1280,"url":"https:\/\/fesfestival.com\/2026-\/wp-content\/uploads\/2026\/03\/WhatsApp-Image-2026-03-20-at-15.59.34-1.jpeg","type":"image\/jpeg"}],"twitter_card":"summary_large_image","twitter_misc":{"Dur\u00e9e de lecture estim\u00e9e":"1 minute"},"schema":{"@context":"https:\/\/schema.org","@graph":[{"@type":"WebPage","@id":"https:\/\/fesfestival.com\/2026-\/product\/incarnation-4\/","url":"https:\/\/fesfestival.com\/2026-\/product\/incarnation-4\/","name":"Incarnation - Esprit de F\u00e8s","isPartOf":{"@id":"https:\/\/fesfestival.com\/2026-\/#website"},"primaryImageOfPage":{"@id":"https:\/\/fesfestival.com\/2026-\/product\/incarnation-4\/#primaryimage"},"image":{"@id":"https:\/\/fesfestival.com\/2026-\/product\/incarnation-4\/#primaryimage"},"thumbnailUrl":"https:\/\/fesfestival.com\/2026-\/wp-content\/uploads\/2026\/03\/WhatsApp-Image-2026-03-20-at-15.59.34-1.jpeg","datePublished":"2026-04-14T17:27:27+00:00","dateModified":"2026-05-12T13:44:21+00:00","breadcrumb":{"@id":"https:\/\/fesfestival.com\/2026-\/product\/incarnation-4\/#breadcrumb"},"inLanguage":"fr-FR","potentialAction":[{"@type":"ReadAction","target":["https:\/\/fesfestival.com\/2026-\/product\/incarnation-4\/"]}]},{"@type":"ImageObject","inLanguage":"fr-FR","@id":"https:\/\/fesfestival.com\/2026-\/product\/incarnation-4\/#primaryimage","url":"https:\/\/fesfestival.com\/2026-\/wp-content\/uploads\/2026\/03\/WhatsApp-Image-2026-03-20-at-15.59.34-1.jpeg","contentUrl":"https:\/\/fesfestival.com\/2026-\/wp-content\/uploads\/2026\/03\/WhatsApp-Image-2026-03-20-at-15.59.34-1.jpeg","width":853,"height":1280},{"@type":"BreadcrumbList","@id":"https:\/\/fesfestival.com\/2026-\/product\/incarnation-4\/#breadcrumb","itemListElement":[{"@type":"ListItem","position":1,"name":"Accueil","item":"https:\/\/fesfestival.com\/2026-\/"},{"@type":"ListItem","position":2,"name":"Shop","item":"https:\/\/fesfestival.com\/2026-\/shop\/"},{"@type":"ListItem","position":3,"name":"Incarnation"}]},{"@type":"WebSite","@id":"https:\/\/fesfestival.com\/2026-\/#website","url":"https:\/\/fesfestival.com\/2026-\/","name":"Esprit de F\u00e8s","description":"F\u00e8s Festival Music Sacr\u00e9e","publisher":{"@id":"https:\/\/fesfestival.com\/2026-\/#organization"},"potentialAction":[{"@type":"SearchAction","target":{"@type":"EntryPoint","urlTemplate":"https:\/\/fesfestival.com\/2026-\/?s={search_term_string}"},"query-input":{"@type":"PropertyValueSpecification","valueRequired":true,"valueName":"search_term_string"}}],"inLanguage":"fr-FR"},{"@type":"Organization","@id":"https:\/\/fesfestival.com\/2026-\/#organization","name":"Esprit de F\u00e8s","url":"https:\/\/fesfestival.com\/2026-\/","logo":{"@type":"ImageObject","inLanguage":"fr-FR","@id":"https:\/\/fesfestival.com\/2026-\/#\/schema\/logo\/image\/","url":"https:\/\/fesfestival.com\/2026-\/wp-content\/uploads\/2026\/03\/Logo_blue-scaled.png","contentUrl":"https:\/\/fesfestival.com\/2026-\/wp-content\/uploads\/2026\/03\/Logo_blue-scaled.png","width":2560,"height":1032,"caption":"Esprit de F\u00e8s"},"image":{"@id":"https:\/\/fesfestival.com\/2026-\/#\/schema\/logo\/image\/"}}]}},"jetpack_sharing_enabled":true,"_links":{"self":[{"href":"https:\/\/fesfestival.com\/2026-\/wp-json\/wp\/v2\/product\/3600","targetHints":{"allow":["GET"]}}],"collection":[{"href":"https:\/\/fesfestival.com\/2026-\/wp-json\/wp\/v2\/product"}],"about":[{"href":"https:\/\/fesfestival.com\/2026-\/wp-json\/wp\/v2\/types\/product"}],"replies":[{"embeddable":true,"href":"https:\/\/fesfestival.com\/2026-\/wp-json\/wp\/v2\/comments?post=3600"}],"version-history":[{"count":5,"href":"https:\/\/fesfestival.com\/2026-\/wp-json\/wp\/v2\/product\/3600\/revisions"}],"predecessor-version":[{"id":4134,"href":"https:\/\/fesfestival.com\/2026-\/wp-json\/wp\/v2\/product\/3600\/revisions\/4134"}],"wp:featuredmedia":[{"embeddable":true,"href":"https:\/\/fesfestival.com\/2026-\/wp-json\/wp\/v2\/media\/3442"}],"wp:attachment":[{"href":"https:\/\/fesfestival.com\/2026-\/wp-json\/wp\/v2\/media?parent=3600"}],"wp:term":[{"taxonomy":"product_brand","embeddable":true,"href":"https:\/\/fesfestival.com\/2026-\/wp-json\/wp\/v2\/product_brand?post=3600"},{"taxonomy":"product_cat","embeddable":true,"href":"https:\/\/fesfestival.com\/2026-\/wp-json\/wp\/v2\/product_cat?post=3600"},{"taxonomy":"product_tag","embeddable":true,"href":"https:\/\/fesfestival.com\/2026-\/wp-json\/wp\/v2\/product_tag?post=3600"}],"curies":[{"name":"wp","href":"https:\/\/api.w.org\/{rel}","templated":true}]}}