{"id":3528,"date":"2026-04-13T18:20:10","date_gmt":"2026-04-13T16:20:10","guid":{"rendered":"https:\/\/fesfestival.com\/2026-\/?post_type=product&#038;p=3528"},"modified":"2026-04-19T12:25:01","modified_gmt":"2026-04-19T10:25:01","slug":"anima-ex-materia-du-ciel-a-la-terre-creation-douverture-copie","status":"publish","type":"product","link":"https:\/\/fesfestival.com\/2026-\/product\/anima-ex-materia-du-ciel-a-la-terre-creation-douverture-copie\/","title":{"rendered":"Anima Ex Materia Du Ciel \u00e0 la Terre \u2013 Cr\u00e9ation d&#8217;Ouverture"},"content":{"rendered":"<p><strong>\ud83d\udcc5 Jeudi 4 Juin 2026<\/strong> | <strong>\ud83d\udd50 21:00<\/strong> | <strong>\ud83d\udccd Bab Al Makina<\/strong><\/p>\n<p>Ce spectacle c\u00e9l\u00e9brera un artisanat vivant et enracin\u00e9 dans chaque quartier de la m\u00e9dina de F\u00e8s \u00e0 travers une d\u00e9ambulation \u00e9clair\u00e9e par la lumi\u00e8re des lanternes des dinandiers qui \u00ab\u00a0<em>refl\u00e8te les astres c\u00e9lestes, le croissant de<\/em><em> lune<\/em><em>, les \u00e9toiles et les plan\u00e8tes\u00a0\u00bb <\/em>comme le dit le po\u00e8te du malhoum marocain.\u00a0<em> \u00a0\u00a0<\/em><\/p>\n<p>Elle deviendra \u00e9pop\u00e9e, c\u00e9l\u00e9brera la main de l\u2019artisan, son geste cr\u00e9ateur. Un geste reli\u00e9 \u00e0 la fondation du monde, car selon les livres saints, l\u2019homme, fa\u00e7onn\u00e9 par Dieu, est n\u00e9 de l\u2019argile : poli et liss\u00e9 par la main du cr\u00e9ateur.<\/p>\n<p>Son atelier est cette antre secr\u00e8te o\u00f9 le four, la forge, le burin, le tour du potier, le soufflet apprivoisent les quatre \u00e9l\u00e9ments fondateurs de l\u2019univers : l\u2019eau, la terre, l\u2019air et le feu<\/p>\n<p>Le fondateur de F\u00e8s, Moulay Idriss II, porte le m\u00eame nom que le Proph\u00e8te Idriss &#8211; transmetteur du savoir artisanal, mentionn\u00e9 dans le Coran (xix, 56-57) et assimil\u00e9 \u00e0 l\u2019H\u00e9noch de la Bible ou au dieu grec Herm\u00e8s.<\/p>\n<p>Qu\u2019ils soient tanneurs (dabb\u0101gh\u012bn), teinturiers (\u1e63abb\u0101gh\u012bn), tisserands (\u1e25ayy\u0101k\u012bn), cordonniers (khu\u1e0d\u1e0d\u0101m), zelligeurs (zelliji), menuisiers (naq\u0101sh\u012bn, zou\u0101q) ou dinandiers (na\u1e25\u1e25\u0101s\u012bn), chacun d\u2019entre abreuve leur inspiration sous l\u2019aura protecteur de leur appartenance confr\u00e9rique (hirfa) et de leur ma\u00eetre spirituel (shaykh al-hirfa)<\/p>\n<p>En suivant les fils tendus par les tisserands des ruelles de la m\u00e9dina, nous remonterons le temps, jusqu\u2019il y a cinq mille ans dans le palais de Si Ling-chi, o\u00f9 la jeune \u00e9pouse de l&#8217;empereur Shi Huangdi d\u00e9couvrit la soie.<\/p>\n<p>L\u2019art des zelliges fassies, sera aussi celui des calligraphies d\u2019Escher ou des mosa\u00efques anciennes de Volubilis, tandis qu\u2019une forge tellurique, enflammera Bab Makina, hommage aux forgerons du monde, des Ismaghen du grand sud marocain aux tsiganes dont le toit \u00e9tait le ciel et ses \u00e9toiles.<\/p>\n<p>Ainsi dans le sillon de cette m\u00e9moire nomade, de nombreux artistes venus du Maroc, de l\u2019Inde, de l\u2019Asie centrale, de Chine, du Cambodge ou des Balkans, rendront hommage \u00e0 la noblesse cr\u00e9ative de cette civilisation fassie et andalouse.<\/p>\n","protected":false},"excerpt":{"rendered":"<p>Jeudi 4 Juin \u2013 21:00 \u2013 Bab Al Makina<\/p>\n<p><strong>Categorie S<\/strong><\/p>\n","protected":false},"featured_media":3471,"comment_status":"closed","ping_status":"closed","template":"","meta":[],"product_brand":[],"product_cat":[103,114,102],"product_tag":[],"class_list":{"0":"post-3528","1":"product","2":"type-product","3":"status-publish","4":"has-post-thumbnail","6":"product_cat-bab-al-makina","7":"product_cat-categorie-s","8":"product_cat-tickets-festival","10":"first","11":"instock","12":"virtual","13":"purchasable","14":"product-type-simple"},"jetpack_sharing_enabled":true,"_links":{"self":[{"href":"https:\/\/fesfestival.com\/2026-\/wp-json\/wp\/v2\/product\/3528","targetHints":{"allow":["GET"]}}],"collection":[{"href":"https:\/\/fesfestival.com\/2026-\/wp-json\/wp\/v2\/product"}],"about":[{"href":"https:\/\/fesfestival.com\/2026-\/wp-json\/wp\/v2\/types\/product"}],"replies":[{"embeddable":true,"href":"https:\/\/fesfestival.com\/2026-\/wp-json\/wp\/v2\/comments?post=3528"}],"version-history":[{"count":3,"href":"https:\/\/fesfestival.com\/2026-\/wp-json\/wp\/v2\/product\/3528\/revisions"}],"predecessor-version":[{"id":3573,"href":"https:\/\/fesfestival.com\/2026-\/wp-json\/wp\/v2\/product\/3528\/revisions\/3573"}],"wp:featuredmedia":[{"embeddable":true,"href":"https:\/\/fesfestival.com\/2026-\/wp-json\/wp\/v2\/media\/3471"}],"wp:attachment":[{"href":"https:\/\/fesfestival.com\/2026-\/wp-json\/wp\/v2\/media?parent=3528"}],"wp:term":[{"taxonomy":"product_brand","embeddable":true,"href":"https:\/\/fesfestival.com\/2026-\/wp-json\/wp\/v2\/product_brand?post=3528"},{"taxonomy":"product_cat","embeddable":true,"href":"https:\/\/fesfestival.com\/2026-\/wp-json\/wp\/v2\/product_cat?post=3528"},{"taxonomy":"product_tag","embeddable":true,"href":"https:\/\/fesfestival.com\/2026-\/wp-json\/wp\/v2\/product_tag?post=3528"}],"curies":[{"name":"wp","href":"https:\/\/api.w.org\/{rel}","templated":true}]}}