{"id":3143,"date":"2026-03-22T20:42:54","date_gmt":"2026-03-22T19:42:54","guid":{"rendered":"https:\/\/fesfestival.com\/2026-\/product\/ticket-nuits-soufies-cloture\/"},"modified":"2026-05-03T19:57:48","modified_gmt":"2026-05-03T17:57:48","slug":"ticket-nuits-soufies-cloture","status":"publish","type":"product","link":"https:\/\/fesfestival.com\/2026-\/product\/ticket-nuits-soufies-cloture\/","title":{"rendered":"Ticket \u2013 Nuits Soufies \u2013 Cl\u00f4ture"},"content":{"rendered":"<p><strong>\ud83d\udcc5 Dimanche 7 Juin 2026<\/strong> | <strong>\ud83d\udd50 23:30<\/strong> | <strong>\ud83d\udccd Jardin Jnan Sbil<\/strong><\/p>\n<p>Derni\u00e8re soir\u00e9e des Nuits Soufies au Jardin Jnan Sbil. Traditions mystiques du Maroc en dialogue avec les traditions soufies du monde.<\/p>\n","protected":false},"excerpt":{"rendered":"<p>Dimanche 7 Juin \u2013 23:30 \u2013 Jardin Jnan Sbil<\/p>\n","protected":false},"featured_media":3464,"comment_status":"closed","ping_status":"closed","template":"","meta":[],"product_brand":[],"product_cat":[104,102],"product_tag":[],"class_list":{"0":"post-3143","1":"product","2":"type-product","3":"status-publish","4":"has-post-thumbnail","6":"product_cat-jardin-jnan-sbil","7":"product_cat-tickets-festival","9":"first","10":"outofstock","11":"virtual","12":"purchasable","13":"product-type-simple"},"yoast_head":"<!-- This site is optimized with the Yoast SEO plugin v27.5 - https:\/\/yoast.com\/product\/yoast-seo-wordpress\/ -->\n<title>Ticket \u2013 Nuits Soufies \u2013 Cl\u00f4ture - Esprit de F\u00e8s<\/title>\n<meta name=\"robots\" content=\"index, follow, max-snippet:-1, max-image-preview:large, max-video-preview:-1\" \/>\n<link rel=\"canonical\" href=\"https:\/\/fesfestival.com\/2026-\/product\/ticket-nuits-soufies-cloture\/\" \/>\n<meta property=\"og:locale\" content=\"fr_FR\" \/>\n<meta property=\"og:type\" content=\"article\" \/>\n<meta property=\"og:title\" content=\"Ticket \u2013 Nuits Soufies \u2013 Cl\u00f4ture - Esprit de F\u00e8s\" \/>\n<meta property=\"og:description\" content=\"Dimanche 7 Juin \u2013 23:30 \u2013 Jardin Jnan Sbil\" \/>\n<meta property=\"og:url\" content=\"https:\/\/fesfestival.com\/2026-\/product\/ticket-nuits-soufies-cloture\/\" \/>\n<meta property=\"og:site_name\" content=\"Esprit de F\u00e8s\" \/>\n<meta property=\"article:modified_time\" content=\"2026-05-03T17:57:48+00:00\" \/>\n<meta property=\"og:image\" content=\"https:\/\/fesfestival.com\/2026-\/wp-content\/uploads\/2026\/03\/WhatsApp-Image-2026-04-07-at-11.04.46.jpeg\" \/>\n\t<meta property=\"og:image:width\" content=\"1600\" \/>\n\t<meta property=\"og:image:height\" content=\"1068\" \/>\n\t<meta property=\"og:image:type\" content=\"image\/jpeg\" \/>\n<meta name=\"twitter:card\" content=\"summary_large_image\" \/>\n<script type=\"application\/ld+json\" class=\"yoast-schema-graph\">{\"@context\":\"https:\\\/\\\/schema.org\",\"@graph\":[{\"@type\":\"WebPage\",\"@id\":\"https:\\\/\\\/fesfestival.com\\\/2026-\\\/product\\\/ticket-nuits-soufies-cloture\\\/\",\"url\":\"https:\\\/\\\/fesfestival.com\\\/2026-\\\/product\\\/ticket-nuits-soufies-cloture\\\/\",\"name\":\"Ticket \u2013 Nuits Soufies \u2013 Cl\u00f4ture - Esprit de F\u00e8s\",\"isPartOf\":{\"@id\":\"https:\\\/\\\/fesfestival.com\\\/2026-\\\/#website\"},\"primaryImageOfPage\":{\"@id\":\"https:\\\/\\\/fesfestival.com\\\/2026-\\\/product\\\/ticket-nuits-soufies-cloture\\\/#primaryimage\"},\"image\":{\"@id\":\"https:\\\/\\\/fesfestival.com\\\/2026-\\\/product\\\/ticket-nuits-soufies-cloture\\\/#primaryimage\"},\"thumbnailUrl\":\"https:\\\/\\\/fesfestival.com\\\/2026-\\\/wp-content\\\/uploads\\\/2026\\\/03\\\/WhatsApp-Image-2026-04-07-at-11.04.46.jpeg\",\"datePublished\":\"2026-03-22T19:42:54+00:00\",\"dateModified\":\"2026-05-03T17:57:48+00:00\",\"breadcrumb\":{\"@id\":\"https:\\\/\\\/fesfestival.com\\\/2026-\\\/product\\\/ticket-nuits-soufies-cloture\\\/#breadcrumb\"},\"inLanguage\":\"fr-FR\",\"potentialAction\":[{\"@type\":\"ReadAction\",\"target\":[\"https:\\\/\\\/fesfestival.com\\\/2026-\\\/product\\\/ticket-nuits-soufies-cloture\\\/\"]}]},{\"@type\":\"ImageObject\",\"inLanguage\":\"fr-FR\",\"@id\":\"https:\\\/\\\/fesfestival.com\\\/2026-\\\/product\\\/ticket-nuits-soufies-cloture\\\/#primaryimage\",\"url\":\"https:\\\/\\\/fesfestival.com\\\/2026-\\\/wp-content\\\/uploads\\\/2026\\\/03\\\/WhatsApp-Image-2026-04-07-at-11.04.46.jpeg\",\"contentUrl\":\"https:\\\/\\\/fesfestival.com\\\/2026-\\\/wp-content\\\/uploads\\\/2026\\\/03\\\/WhatsApp-Image-2026-04-07-at-11.04.46.jpeg\",\"width\":1600,\"height\":1068},{\"@type\":\"BreadcrumbList\",\"@id\":\"https:\\\/\\\/fesfestival.com\\\/2026-\\\/product\\\/ticket-nuits-soufies-cloture\\\/#breadcrumb\",\"itemListElement\":[{\"@type\":\"ListItem\",\"position\":1,\"name\":\"Accueil\",\"item\":\"https:\\\/\\\/fesfestival.com\\\/2026-\\\/\"},{\"@type\":\"ListItem\",\"position\":2,\"name\":\"Shop\",\"item\":\"https:\\\/\\\/fesfestival.com\\\/2026-\\\/shop\\\/\"},{\"@type\":\"ListItem\",\"position\":3,\"name\":\"Ticket \u2013 Nuits Soufies \u2013 Cl\u00f4ture\"}]},{\"@type\":\"WebSite\",\"@id\":\"https:\\\/\\\/fesfestival.com\\\/2026-\\\/#website\",\"url\":\"https:\\\/\\\/fesfestival.com\\\/2026-\\\/\",\"name\":\"Esprit de F\u00e8s\",\"description\":\"F\u00e8s Festival Music Sacr\u00e9e\",\"publisher\":{\"@id\":\"https:\\\/\\\/fesfestival.com\\\/2026-\\\/#organization\"},\"potentialAction\":[{\"@type\":\"SearchAction\",\"target\":{\"@type\":\"EntryPoint\",\"urlTemplate\":\"https:\\\/\\\/fesfestival.com\\\/2026-\\\/?s={search_term_string}\"},\"query-input\":{\"@type\":\"PropertyValueSpecification\",\"valueRequired\":true,\"valueName\":\"search_term_string\"}}],\"inLanguage\":\"fr-FR\"},{\"@type\":\"Organization\",\"@id\":\"https:\\\/\\\/fesfestival.com\\\/2026-\\\/#organization\",\"name\":\"Esprit de F\u00e8s\",\"url\":\"https:\\\/\\\/fesfestival.com\\\/2026-\\\/\",\"logo\":{\"@type\":\"ImageObject\",\"inLanguage\":\"fr-FR\",\"@id\":\"https:\\\/\\\/fesfestival.com\\\/2026-\\\/#\\\/schema\\\/logo\\\/image\\\/\",\"url\":\"https:\\\/\\\/fesfestival.com\\\/2026-\\\/wp-content\\\/uploads\\\/2026\\\/03\\\/Logo_blue-scaled.png\",\"contentUrl\":\"https:\\\/\\\/fesfestival.com\\\/2026-\\\/wp-content\\\/uploads\\\/2026\\\/03\\\/Logo_blue-scaled.png\",\"width\":2560,\"height\":1032,\"caption\":\"Esprit de F\u00e8s\"},\"image\":{\"@id\":\"https:\\\/\\\/fesfestival.com\\\/2026-\\\/#\\\/schema\\\/logo\\\/image\\\/\"}}]}<\/script>\n<!-- \/ Yoast SEO plugin. -->","yoast_head_json":{"title":"Ticket \u2013 Nuits Soufies \u2013 Cl\u00f4ture - Esprit de F\u00e8s","robots":{"index":"index","follow":"follow","max-snippet":"max-snippet:-1","max-image-preview":"max-image-preview:large","max-video-preview":"max-video-preview:-1"},"canonical":"https:\/\/fesfestival.com\/2026-\/product\/ticket-nuits-soufies-cloture\/","og_locale":"fr_FR","og_type":"article","og_title":"Ticket \u2013 Nuits Soufies \u2013 Cl\u00f4ture - Esprit de F\u00e8s","og_description":"Dimanche 7 Juin \u2013 23:30 \u2013 Jardin Jnan Sbil","og_url":"https:\/\/fesfestival.com\/2026-\/product\/ticket-nuits-soufies-cloture\/","og_site_name":"Esprit de F\u00e8s","article_modified_time":"2026-05-03T17:57:48+00:00","og_image":[{"width":1600,"height":1068,"url":"https:\/\/fesfestival.com\/2026-\/wp-content\/uploads\/2026\/03\/WhatsApp-Image-2026-04-07-at-11.04.46.jpeg","type":"image\/jpeg"}],"twitter_card":"summary_large_image","schema":{"@context":"https:\/\/schema.org","@graph":[{"@type":"WebPage","@id":"https:\/\/fesfestival.com\/2026-\/product\/ticket-nuits-soufies-cloture\/","url":"https:\/\/fesfestival.com\/2026-\/product\/ticket-nuits-soufies-cloture\/","name":"Ticket \u2013 Nuits Soufies \u2013 Cl\u00f4ture - Esprit de F\u00e8s","isPartOf":{"@id":"https:\/\/fesfestival.com\/2026-\/#website"},"primaryImageOfPage":{"@id":"https:\/\/fesfestival.com\/2026-\/product\/ticket-nuits-soufies-cloture\/#primaryimage"},"image":{"@id":"https:\/\/fesfestival.com\/2026-\/product\/ticket-nuits-soufies-cloture\/#primaryimage"},"thumbnailUrl":"https:\/\/fesfestival.com\/2026-\/wp-content\/uploads\/2026\/03\/WhatsApp-Image-2026-04-07-at-11.04.46.jpeg","datePublished":"2026-03-22T19:42:54+00:00","dateModified":"2026-05-03T17:57:48+00:00","breadcrumb":{"@id":"https:\/\/fesfestival.com\/2026-\/product\/ticket-nuits-soufies-cloture\/#breadcrumb"},"inLanguage":"fr-FR","potentialAction":[{"@type":"ReadAction","target":["https:\/\/fesfestival.com\/2026-\/product\/ticket-nuits-soufies-cloture\/"]}]},{"@type":"ImageObject","inLanguage":"fr-FR","@id":"https:\/\/fesfestival.com\/2026-\/product\/ticket-nuits-soufies-cloture\/#primaryimage","url":"https:\/\/fesfestival.com\/2026-\/wp-content\/uploads\/2026\/03\/WhatsApp-Image-2026-04-07-at-11.04.46.jpeg","contentUrl":"https:\/\/fesfestival.com\/2026-\/wp-content\/uploads\/2026\/03\/WhatsApp-Image-2026-04-07-at-11.04.46.jpeg","width":1600,"height":1068},{"@type":"BreadcrumbList","@id":"https:\/\/fesfestival.com\/2026-\/product\/ticket-nuits-soufies-cloture\/#breadcrumb","itemListElement":[{"@type":"ListItem","position":1,"name":"Accueil","item":"https:\/\/fesfestival.com\/2026-\/"},{"@type":"ListItem","position":2,"name":"Shop","item":"https:\/\/fesfestival.com\/2026-\/shop\/"},{"@type":"ListItem","position":3,"name":"Ticket \u2013 Nuits Soufies \u2013 Cl\u00f4ture"}]},{"@type":"WebSite","@id":"https:\/\/fesfestival.com\/2026-\/#website","url":"https:\/\/fesfestival.com\/2026-\/","name":"Esprit de F\u00e8s","description":"F\u00e8s Festival Music Sacr\u00e9e","publisher":{"@id":"https:\/\/fesfestival.com\/2026-\/#organization"},"potentialAction":[{"@type":"SearchAction","target":{"@type":"EntryPoint","urlTemplate":"https:\/\/fesfestival.com\/2026-\/?s={search_term_string}"},"query-input":{"@type":"PropertyValueSpecification","valueRequired":true,"valueName":"search_term_string"}}],"inLanguage":"fr-FR"},{"@type":"Organization","@id":"https:\/\/fesfestival.com\/2026-\/#organization","name":"Esprit de F\u00e8s","url":"https:\/\/fesfestival.com\/2026-\/","logo":{"@type":"ImageObject","inLanguage":"fr-FR","@id":"https:\/\/fesfestival.com\/2026-\/#\/schema\/logo\/image\/","url":"https:\/\/fesfestival.com\/2026-\/wp-content\/uploads\/2026\/03\/Logo_blue-scaled.png","contentUrl":"https:\/\/fesfestival.com\/2026-\/wp-content\/uploads\/2026\/03\/Logo_blue-scaled.png","width":2560,"height":1032,"caption":"Esprit de F\u00e8s"},"image":{"@id":"https:\/\/fesfestival.com\/2026-\/#\/schema\/logo\/image\/"}}]}},"jetpack_sharing_enabled":true,"_links":{"self":[{"href":"https:\/\/fesfestival.com\/2026-\/wp-json\/wp\/v2\/product\/3143","targetHints":{"allow":["GET"]}}],"collection":[{"href":"https:\/\/fesfestival.com\/2026-\/wp-json\/wp\/v2\/product"}],"about":[{"href":"https:\/\/fesfestival.com\/2026-\/wp-json\/wp\/v2\/types\/product"}],"replies":[{"embeddable":true,"href":"https:\/\/fesfestival.com\/2026-\/wp-json\/wp\/v2\/comments?post=3143"}],"version-history":[{"count":1,"href":"https:\/\/fesfestival.com\/2026-\/wp-json\/wp\/v2\/product\/3143\/revisions"}],"predecessor-version":[{"id":3468,"href":"https:\/\/fesfestival.com\/2026-\/wp-json\/wp\/v2\/product\/3143\/revisions\/3468"}],"wp:featuredmedia":[{"embeddable":true,"href":"https:\/\/fesfestival.com\/2026-\/wp-json\/wp\/v2\/media\/3464"}],"wp:attachment":[{"href":"https:\/\/fesfestival.com\/2026-\/wp-json\/wp\/v2\/media?parent=3143"}],"wp:term":[{"taxonomy":"product_brand","embeddable":true,"href":"https:\/\/fesfestival.com\/2026-\/wp-json\/wp\/v2\/product_brand?post=3143"},{"taxonomy":"product_cat","embeddable":true,"href":"https:\/\/fesfestival.com\/2026-\/wp-json\/wp\/v2\/product_cat?post=3143"},{"taxonomy":"product_tag","embeddable":true,"href":"https:\/\/fesfestival.com\/2026-\/wp-json\/wp\/v2\/product_tag?post=3143"}],"curies":[{"name":"wp","href":"https:\/\/api.w.org\/{rel}","templated":true}]}}