{"id":3142,"date":"2026-03-22T20:42:54","date_gmt":"2026-03-22T19:42:54","guid":{"rendered":"https:\/\/fesfestival.com\/2026-\/product\/ticket-la-nuit-du-samaa-de-fes-a-konya\/"},"modified":"2026-04-14T19:23:04","modified_gmt":"2026-04-14T17:23:04","slug":"ticket-la-nuit-du-samaa-de-fes-a-konya","status":"publish","type":"product","link":"https:\/\/fesfestival.com\/2026-\/product\/ticket-la-nuit-du-samaa-de-fes-a-konya\/","title":{"rendered":"La Nuit du Samaa \u2013 De F\u00e8s \u00e0 Konya"},"content":{"rendered":"<p><strong>\ud83d\udcc5 Dimanche 7 Juin 2026<\/strong> | <strong>\ud83d\udd50 21:00<\/strong> | <strong>\ud83d\udccd Bab Al Makina<\/strong><\/p>\n<p><em>\u00ab\u00a0Ce n\u2019est pas la beaut\u00e9 de la voix qui compte, mais ce qu\u2019<\/em><em>elle r<\/em><em>\u00e9v\u00e8le de l\u2019\u00e2me.\u00a0\u00bb\u00a0 <\/em>Ibn \u2018Arab\u00ee<\/p>\n<p>\u00ab\u00a0<em>La voix est le souffle de l\u2019\u00e2me<\/em>\u00a0\u00bb Jalal al-Din Rumi<\/p>\n<p>Avec le Konya Metropolitan Sufi Music Ensemble<\/p>\n<p>La c\u00e9l\u00e9bration de l\u2019esprit<\/p>\n<p>Le sam\u00e2\u2019 \u00ab\u00a0l\u2019\u00e9coute\u00a0\u00bb de la voix habit\u00e9e par une po\u00e9sie mystique et divine s\u2019inscrit dans la tradition soufie du Levant au Maghreb<\/p>\n<p>Le <em>sam\u00e2\u2019 <\/em>marocain symbolise l\u2019un des chants spirituels les plus raffin\u00e9s et aboutis de la culture soufie du Maghreb et du monde arabe. \u00c0 travers le Maghreb et l\u2019Andalousie, apparaissent, d\u00e8s le 12\u00e8me si\u00e8cle, des r\u00e9seaux de ma\u00eetres\/disciples qui donneront naissance par la suite \u00e0 de r\u00e9elles confr\u00e9ries (tariqat-s).<\/p>\n<p>Les premiers asc\u00e8tes qui se lancent \u00e0 la recherche de la connaissance divine vont, gr\u00e2ce \u00e0 une p\u00e9r\u00e9grination spirituelle (al-siy\u00e2ha) \u00e0 travers villes et campagnes, faire na\u00eetre un long chapelet (silisila) dont chacune des perles sera l\u2019incarnation d\u2019une de ces confr\u00e9ries (tariq\u00e2) qui peuplent le Maroc, du Rif au Sahara.<\/p>\n<p>Pour la plupart d\u2019entre elles, l\u2019audition de chants mystiques (al-sam\u00e2\u2019) et la pratique de danses rituelles &#8211; \u00e9voquant la pr\u00e9sence divine (al-hadra) &#8211; favorisent des ph\u00e9nom\u00e8nes d\u2019extase (hal) et de transe.<\/p>\n<p>\u00c0 cette grande tradition marocaine se rajoutera l\u2019expression Mevlevi, de Mevlana \u00ab notre ma\u00eetre \u00bb en l\u2019occurrence de Djalal ad-D\u00een Rumi (XIIIe si\u00e8cle), incontestablement un des plus grands mystiques et po\u00e8tes inspir\u00e9s de tous les temps.<\/p>\n<p>Rumi se distinguait par l\u2019importance qu\u2019il donnait au son dans son exp\u00e9rience mystique : il pouvait entrer en extase au seul son cristallin du marteau sur l\u2019enclume, ou \u00e0\u0300 celui de n\u2019importe quelle musique \u2013 comme par exemple aux abords d\u2019une taverne, a\u0300 l\u2019audition d\u2019une musique de simple divertissement. L\u2019ordre Mevlevi insiste ainsi sur le <em>sama\u2019 <\/em>ou \u00ab audition mystique \u00bb : la musique \u00e9veille en nous une facult\u00e9\u0301 de l\u2019\u00e2me qui renvoie celle-ci au temps d\u2019avant la cr\u00e9ation, ou\u0300 elle entendait les paroles c\u00e9lestes \u00ab <em>ne suis-je pas ton Seigneur ? <\/em>\u00bb.<\/p>\n<p>D\u2019apr\u00e8s J\u00e9r\u00f4me Cler: \u00ab\u00a0<em>C\u2019est \u00e0\u0300 la fois l\u2019extase qui m\u00e8ne a\u0300 la danse et la danse qui m\u00e8ne a\u0300 l\u2019extase<\/em>\u00a0\u00bb Mais la danse sacr\u00e9e \u00e9tait toujours pre\u0301ce\u0301de\u0301e de l\u2019audition mystique et du <em>zikr<\/em>, invocation re\u0301pe\u0301te\u0301e du Nom divin.<\/p>\n","protected":false},"excerpt":{"rendered":"<p>Dimanche 7 Juin \u2013 21:00 \u2013 Bab Al Makina<\/p>\n<p>Categorie A<\/p>\n","protected":false},"featured_media":3461,"comment_status":"closed","ping_status":"closed","template":"","meta":[],"product_brand":[],"product_cat":[103,112,102],"product_tag":[],"class_list":{"0":"post-3142","1":"product","2":"type-product","3":"status-publish","4":"has-post-thumbnail","6":"product_cat-bab-al-makina","7":"product_cat-categorie-a","8":"product_cat-tickets-festival","10":"first","11":"instock","12":"virtual","13":"purchasable","14":"product-type-simple"},"jetpack_sharing_enabled":true,"_links":{"self":[{"href":"https:\/\/fesfestival.com\/2026-\/wp-json\/wp\/v2\/product\/3142","targetHints":{"allow":["GET"]}}],"collection":[{"href":"https:\/\/fesfestival.com\/2026-\/wp-json\/wp\/v2\/product"}],"about":[{"href":"https:\/\/fesfestival.com\/2026-\/wp-json\/wp\/v2\/types\/product"}],"replies":[{"embeddable":true,"href":"https:\/\/fesfestival.com\/2026-\/wp-json\/wp\/v2\/comments?post=3142"}],"version-history":[{"count":4,"href":"https:\/\/fesfestival.com\/2026-\/wp-json\/wp\/v2\/product\/3142\/revisions"}],"predecessor-version":[{"id":3595,"href":"https:\/\/fesfestival.com\/2026-\/wp-json\/wp\/v2\/product\/3142\/revisions\/3595"}],"wp:featuredmedia":[{"embeddable":true,"href":"https:\/\/fesfestival.com\/2026-\/wp-json\/wp\/v2\/media\/3461"}],"wp:attachment":[{"href":"https:\/\/fesfestival.com\/2026-\/wp-json\/wp\/v2\/media?parent=3142"}],"wp:term":[{"taxonomy":"product_brand","embeddable":true,"href":"https:\/\/fesfestival.com\/2026-\/wp-json\/wp\/v2\/product_brand?post=3142"},{"taxonomy":"product_cat","embeddable":true,"href":"https:\/\/fesfestival.com\/2026-\/wp-json\/wp\/v2\/product_cat?post=3142"},{"taxonomy":"product_tag","embeddable":true,"href":"https:\/\/fesfestival.com\/2026-\/wp-json\/wp\/v2\/product_tag?post=3142"}],"curies":[{"name":"wp","href":"https:\/\/api.w.org\/{rel}","templated":true}]}}