{"id":3141,"date":"2026-03-22T20:42:54","date_gmt":"2026-03-22T19:42:54","guid":{"rendered":"https:\/\/fesfestival.com\/2026-\/product\/ticket-jasser-haj-youssef-yahya-hussein-abdallah\/"},"modified":"2026-04-14T19:21:49","modified_gmt":"2026-04-14T17:21:49","slug":"ticket-jasser-haj-youssef-yahya-hussein-abdallah","status":"publish","type":"product","link":"https:\/\/fesfestival.com\/2026-\/product\/ticket-jasser-haj-youssef-yahya-hussein-abdallah\/","title":{"rendered":"Chants des montagnes et des steppes  Une \u00e9vocation nomade de la route de la Soie"},"content":{"rendered":"<p><strong>\ud83d\udcc5 Dimanche 7 Juin 2026<\/strong> | <strong>\ud83d\udd50 18:00<\/strong> | <strong>\ud83d\udccd Jardin Jnan Sbil<\/strong><\/p>\n<p>L\u2019art du luth\u00a0\u00a0 komuz\u00a0:<\/p>\n<p>Eleman and Kamuz Aibek Kanybekov \u2013 Tajikistan<\/p>\n<p>Chant diphonique\u00a0 Urtyn Duu et vi\u00e8le morin\u00a0 khuur :<\/p>\n<p>Mandaakhai Daansuren \u2013 Mongolie<\/p>\n<p>Chant classique shashmaqom et luths dotar et sato\u00a0:<\/p>\n<p>Ilyos Arabov \u2013 Ouzbekistan<\/p>\n<p>Tout commence avec l\u2019art du komuz, le luth \u00e0 long manche kirghiz, qui s&#8217;inscrit, comme la plupart des luttes d&#8217;Asie centrale, dans la grande tradition des bardes, ces figures fondatrices de l&#8217;histoire des peuples nomades d&#8217;origine turkm\u00e8ne.<\/p>\n<p>Au Kirghizistan, la figure fondatrice du barde est D\u00e9d\u00e9 Korkut. C&#8217;est cet \u00ab esprit nomade \u00bb qui est au c\u0153ur du r\u00e9cit \u00e9pique de D\u00e9d\u00e9 Korkut, le cr\u00e9ateur du luth komuz. Ce luth, qui exprime le galop du cheval, redonne \u00e0 un peuple l&#8217;id\u00e9e de son identit\u00e9 et de ses valeurs fondamentales.<\/p>\n<p>Galop du cheval qu\u2019exprime aussi avec fiert\u00e9 celles d\u2019autres cavaliers des steppes \u00e0 travers la pratique de la vi\u00e8le ancestrale mongole, le morin-khoor.<\/p>\n<p>Gengis Khan le grand-p\u00e8re de Kubai Khan a conquis le monde avec ses tribus nomades arm\u00e9es simplement d\u2019arcs.\u00a0 Il a cr\u00e9\u00e9 le plus grand empire de tous les temps, un empire qui s\u2019\u00e9tendait de la Mer Caspienne \u00e0 la Chine, de l\u2019Indon\u00e9sie, \u00e0 l\u2019Inde.<\/p>\n<p>Les Mongols ont connu les yourtes et les tentes nomades aussi bien que les plus grands palais comme ceux, apr\u00e8s les montagnes du Pamir, de la ville somptueuse de Samarkand que conquit Gengis Khan au XIII\u00b0 si\u00e8cle. Samarkand et Boukhara sont encore aujourd\u2019hui les temples de la grande tradition classique du shashmaqom.<\/p>\n","protected":false},"excerpt":{"rendered":"<p>Dimanche 7 Juin \u2013 18:00 \u2013 Jardin Jnan Sbil<\/p>\n","protected":false},"featured_media":3450,"comment_status":"closed","ping_status":"closed","template":"","meta":[],"product_brand":[],"product_cat":[104,102],"product_tag":[],"class_list":{"0":"post-3141","1":"product","2":"type-product","3":"status-publish","4":"has-post-thumbnail","6":"product_cat-jardin-jnan-sbil","7":"product_cat-tickets-festival","9":"first","10":"instock","11":"virtual","12":"purchasable","13":"product-type-simple"},"jetpack_sharing_enabled":true,"_links":{"self":[{"href":"https:\/\/fesfestival.com\/2026-\/wp-json\/wp\/v2\/product\/3141","targetHints":{"allow":["GET"]}}],"collection":[{"href":"https:\/\/fesfestival.com\/2026-\/wp-json\/wp\/v2\/product"}],"about":[{"href":"https:\/\/fesfestival.com\/2026-\/wp-json\/wp\/v2\/types\/product"}],"replies":[{"embeddable":true,"href":"https:\/\/fesfestival.com\/2026-\/wp-json\/wp\/v2\/comments?post=3141"}],"version-history":[{"count":3,"href":"https:\/\/fesfestival.com\/2026-\/wp-json\/wp\/v2\/product\/3141\/revisions"}],"predecessor-version":[{"id":3592,"href":"https:\/\/fesfestival.com\/2026-\/wp-json\/wp\/v2\/product\/3141\/revisions\/3592"}],"wp:featuredmedia":[{"embeddable":true,"href":"https:\/\/fesfestival.com\/2026-\/wp-json\/wp\/v2\/media\/3450"}],"wp:attachment":[{"href":"https:\/\/fesfestival.com\/2026-\/wp-json\/wp\/v2\/media?parent=3141"}],"wp:term":[{"taxonomy":"product_brand","embeddable":true,"href":"https:\/\/fesfestival.com\/2026-\/wp-json\/wp\/v2\/product_brand?post=3141"},{"taxonomy":"product_cat","embeddable":true,"href":"https:\/\/fesfestival.com\/2026-\/wp-json\/wp\/v2\/product_cat?post=3141"},{"taxonomy":"product_tag","embeddable":true,"href":"https:\/\/fesfestival.com\/2026-\/wp-json\/wp\/v2\/product_tag?post=3141"}],"curies":[{"name":"wp","href":"https:\/\/api.w.org\/{rel}","templated":true}]}}