{"id":3140,"date":"2026-03-22T20:42:54","date_gmt":"2026-03-22T19:42:54","guid":{"rendered":"https:\/\/fesfestival.com\/2026-\/product\/ticket-tarab-mystique-haj-youssef-bihaqi\/"},"modified":"2026-05-04T17:53:14","modified_gmt":"2026-05-04T15:53:14","slug":"ticket-tarab-mystique-haj-youssef-bihaqi","status":"publish","type":"product","link":"https:\/\/fesfestival.com\/2026-\/product\/ticket-tarab-mystique-haj-youssef-bihaqi\/","title":{"rendered":"Tarab mystique \u2013 Haj Youssef &amp; Bihaqi"},"content":{"rendered":"<p><strong>\ud83d\udcc5 Dimanche 7 Juin 2026<\/strong> | <strong>\ud83d\udd50 10:00<\/strong> | <strong>\ud83d\udccd Salle prefecture (en face mus\u00e9e Batha).<\/strong><\/p>\n<p>L\u2019art du maq\u00e2m magnifie la po\u00e9sie soufie, notamment celle de la Qas\u012bda Al-Burda (Le Po\u00e8me du Manteau), plus connue sous le nom de Burda, \u00e9crit par le po\u00e8te \u00e9gyptien d\u2019origine berb\u00e8re, Al-B\u016b\u1e63\u012br\u012b au XIIIe si\u00e8cle (VIIe si\u00e8cle de l\u2019H\u00e9gire). Des textes fondamentaux de la litt\u00e9rature orientale, emplis d\u2019une profonde d\u00e9votion et d\u2019un haut degr\u00e9 de spiritualit\u00e9, sont port\u00e9s par le chant extatique de Yahya Hussein Abdallah et nuanc\u00e9s par les subtils \u00e9clairages instrumentaux de Jasser Haj Youssef.<\/p>\n<p>Inspir\u00e9e de la rencontre historique entre deux personnalit\u00e9s l\u00e9gendaires de la tradition musicale arabe, celle du Cheikh Mohammad Omran et du violoniste Abdo Dagher, cette interpr\u00e9tation s\u2019inscrit dans une tradition rare et pr\u00e9cieuse. S\u2019\u00e9loigner de l\u2019imitation, revenir \u00e0 la profondeur de jeu et habiter l\u2019espace sonore sont ici les ma\u00eetres-mots.<\/p>\n","protected":false},"excerpt":{"rendered":"<p>Dimanche 7 Juin \u2013 10:00 \u2013 Dar Adiyel\t<\/p>\n","protected":false},"featured_media":3520,"comment_status":"closed","ping_status":"closed","template":"","meta":[],"product_brand":[],"product_cat":[106,102],"product_tag":[],"class_list":{"0":"post-3140","1":"product","2":"type-product","3":"status-publish","4":"has-post-thumbnail","6":"product_cat-dar-adiyel","7":"product_cat-tickets-festival","9":"first","10":"instock","11":"virtual","12":"purchasable","13":"product-type-simple"},"yoast_head":"<!-- This site is optimized with the Yoast SEO plugin v27.5 - https:\/\/yoast.com\/product\/yoast-seo-wordpress\/ -->\n<title>Tarab mystique \u2013 Haj Youssef &amp; Bihaqi - Esprit de F\u00e8s<\/title>\n<meta name=\"robots\" content=\"index, follow, max-snippet:-1, max-image-preview:large, max-video-preview:-1\" \/>\n<link rel=\"canonical\" href=\"https:\/\/fesfestival.com\/2026-\/product\/ticket-tarab-mystique-haj-youssef-bihaqi\/\" \/>\n<meta property=\"og:locale\" content=\"fr_FR\" \/>\n<meta property=\"og:type\" content=\"article\" \/>\n<meta property=\"og:title\" content=\"Tarab mystique \u2013 Haj Youssef &amp; Bihaqi - Esprit de F\u00e8s\" \/>\n<meta property=\"og:description\" content=\"Dimanche 7 Juin \u2013 10:00 \u2013 Dar Adiyel\" \/>\n<meta property=\"og:url\" content=\"https:\/\/fesfestival.com\/2026-\/product\/ticket-tarab-mystique-haj-youssef-bihaqi\/\" \/>\n<meta property=\"og:site_name\" content=\"Esprit de F\u00e8s\" \/>\n<meta property=\"article:modified_time\" content=\"2026-05-04T15:53:14+00:00\" \/>\n<meta property=\"og:image\" content=\"https:\/\/fesfestival.com\/2026-\/wp-content\/uploads\/2026\/03\/Jasser-Haj-Youssef-et-Hahya-Hussein-Abdallah-Bihaqi--scaled.jpg\" \/>\n\t<meta property=\"og:image:width\" content=\"2560\" \/>\n\t<meta property=\"og:image:height\" content=\"1707\" \/>\n\t<meta property=\"og:image:type\" content=\"image\/jpeg\" \/>\n<meta name=\"twitter:card\" content=\"summary_large_image\" \/>\n<meta name=\"twitter:label1\" content=\"Dur\u00e9e de lecture estim\u00e9e\" \/>\n\t<meta name=\"twitter:data1\" content=\"1 minute\" \/>\n<script type=\"application\/ld+json\" class=\"yoast-schema-graph\">{\"@context\":\"https:\\\/\\\/schema.org\",\"@graph\":[{\"@type\":\"WebPage\",\"@id\":\"https:\\\/\\\/fesfestival.com\\\/2026-\\\/product\\\/ticket-tarab-mystique-haj-youssef-bihaqi\\\/\",\"url\":\"https:\\\/\\\/fesfestival.com\\\/2026-\\\/product\\\/ticket-tarab-mystique-haj-youssef-bihaqi\\\/\",\"name\":\"Tarab mystique \u2013 Haj Youssef &amp; Bihaqi - Esprit de F\u00e8s\",\"isPartOf\":{\"@id\":\"https:\\\/\\\/fesfestival.com\\\/2026-\\\/#website\"},\"primaryImageOfPage\":{\"@id\":\"https:\\\/\\\/fesfestival.com\\\/2026-\\\/product\\\/ticket-tarab-mystique-haj-youssef-bihaqi\\\/#primaryimage\"},\"image\":{\"@id\":\"https:\\\/\\\/fesfestival.com\\\/2026-\\\/product\\\/ticket-tarab-mystique-haj-youssef-bihaqi\\\/#primaryimage\"},\"thumbnailUrl\":\"https:\\\/\\\/fesfestival.com\\\/2026-\\\/wp-content\\\/uploads\\\/2026\\\/03\\\/Jasser-Haj-Youssef-et-Hahya-Hussein-Abdallah-Bihaqi--scaled.jpg\",\"datePublished\":\"2026-03-22T19:42:54+00:00\",\"dateModified\":\"2026-05-04T15:53:14+00:00\",\"breadcrumb\":{\"@id\":\"https:\\\/\\\/fesfestival.com\\\/2026-\\\/product\\\/ticket-tarab-mystique-haj-youssef-bihaqi\\\/#breadcrumb\"},\"inLanguage\":\"fr-FR\",\"potentialAction\":[{\"@type\":\"ReadAction\",\"target\":[\"https:\\\/\\\/fesfestival.com\\\/2026-\\\/product\\\/ticket-tarab-mystique-haj-youssef-bihaqi\\\/\"]}]},{\"@type\":\"ImageObject\",\"inLanguage\":\"fr-FR\",\"@id\":\"https:\\\/\\\/fesfestival.com\\\/2026-\\\/product\\\/ticket-tarab-mystique-haj-youssef-bihaqi\\\/#primaryimage\",\"url\":\"https:\\\/\\\/fesfestival.com\\\/2026-\\\/wp-content\\\/uploads\\\/2026\\\/03\\\/Jasser-Haj-Youssef-et-Hahya-Hussein-Abdallah-Bihaqi--scaled.jpg\",\"contentUrl\":\"https:\\\/\\\/fesfestival.com\\\/2026-\\\/wp-content\\\/uploads\\\/2026\\\/03\\\/Jasser-Haj-Youssef-et-Hahya-Hussein-Abdallah-Bihaqi--scaled.jpg\",\"width\":2560,\"height\":1707},{\"@type\":\"BreadcrumbList\",\"@id\":\"https:\\\/\\\/fesfestival.com\\\/2026-\\\/product\\\/ticket-tarab-mystique-haj-youssef-bihaqi\\\/#breadcrumb\",\"itemListElement\":[{\"@type\":\"ListItem\",\"position\":1,\"name\":\"Accueil\",\"item\":\"https:\\\/\\\/fesfestival.com\\\/2026-\\\/\"},{\"@type\":\"ListItem\",\"position\":2,\"name\":\"Shop\",\"item\":\"https:\\\/\\\/fesfestival.com\\\/2026-\\\/shop\\\/\"},{\"@type\":\"ListItem\",\"position\":3,\"name\":\"Tarab mystique \u2013 Haj Youssef &amp; Bihaqi\"}]},{\"@type\":\"WebSite\",\"@id\":\"https:\\\/\\\/fesfestival.com\\\/2026-\\\/#website\",\"url\":\"https:\\\/\\\/fesfestival.com\\\/2026-\\\/\",\"name\":\"Esprit de F\u00e8s\",\"description\":\"F\u00e8s Festival Music Sacr\u00e9e\",\"publisher\":{\"@id\":\"https:\\\/\\\/fesfestival.com\\\/2026-\\\/#organization\"},\"potentialAction\":[{\"@type\":\"SearchAction\",\"target\":{\"@type\":\"EntryPoint\",\"urlTemplate\":\"https:\\\/\\\/fesfestival.com\\\/2026-\\\/?s={search_term_string}\"},\"query-input\":{\"@type\":\"PropertyValueSpecification\",\"valueRequired\":true,\"valueName\":\"search_term_string\"}}],\"inLanguage\":\"fr-FR\"},{\"@type\":\"Organization\",\"@id\":\"https:\\\/\\\/fesfestival.com\\\/2026-\\\/#organization\",\"name\":\"Esprit de F\u00e8s\",\"url\":\"https:\\\/\\\/fesfestival.com\\\/2026-\\\/\",\"logo\":{\"@type\":\"ImageObject\",\"inLanguage\":\"fr-FR\",\"@id\":\"https:\\\/\\\/fesfestival.com\\\/2026-\\\/#\\\/schema\\\/logo\\\/image\\\/\",\"url\":\"https:\\\/\\\/fesfestival.com\\\/2026-\\\/wp-content\\\/uploads\\\/2026\\\/03\\\/Logo_blue-scaled.png\",\"contentUrl\":\"https:\\\/\\\/fesfestival.com\\\/2026-\\\/wp-content\\\/uploads\\\/2026\\\/03\\\/Logo_blue-scaled.png\",\"width\":2560,\"height\":1032,\"caption\":\"Esprit de F\u00e8s\"},\"image\":{\"@id\":\"https:\\\/\\\/fesfestival.com\\\/2026-\\\/#\\\/schema\\\/logo\\\/image\\\/\"}}]}<\/script>\n<!-- \/ Yoast SEO plugin. -->","yoast_head_json":{"title":"Tarab mystique \u2013 Haj Youssef &amp; Bihaqi - Esprit de F\u00e8s","robots":{"index":"index","follow":"follow","max-snippet":"max-snippet:-1","max-image-preview":"max-image-preview:large","max-video-preview":"max-video-preview:-1"},"canonical":"https:\/\/fesfestival.com\/2026-\/product\/ticket-tarab-mystique-haj-youssef-bihaqi\/","og_locale":"fr_FR","og_type":"article","og_title":"Tarab mystique \u2013 Haj Youssef &amp; Bihaqi - Esprit de F\u00e8s","og_description":"Dimanche 7 Juin \u2013 10:00 \u2013 Dar Adiyel","og_url":"https:\/\/fesfestival.com\/2026-\/product\/ticket-tarab-mystique-haj-youssef-bihaqi\/","og_site_name":"Esprit de F\u00e8s","article_modified_time":"2026-05-04T15:53:14+00:00","og_image":[{"width":2560,"height":1707,"url":"https:\/\/fesfestival.com\/2026-\/wp-content\/uploads\/2026\/03\/Jasser-Haj-Youssef-et-Hahya-Hussein-Abdallah-Bihaqi--scaled.jpg","type":"image\/jpeg"}],"twitter_card":"summary_large_image","twitter_misc":{"Dur\u00e9e de lecture estim\u00e9e":"1 minute"},"schema":{"@context":"https:\/\/schema.org","@graph":[{"@type":"WebPage","@id":"https:\/\/fesfestival.com\/2026-\/product\/ticket-tarab-mystique-haj-youssef-bihaqi\/","url":"https:\/\/fesfestival.com\/2026-\/product\/ticket-tarab-mystique-haj-youssef-bihaqi\/","name":"Tarab mystique \u2013 Haj Youssef &amp; Bihaqi - Esprit de F\u00e8s","isPartOf":{"@id":"https:\/\/fesfestival.com\/2026-\/#website"},"primaryImageOfPage":{"@id":"https:\/\/fesfestival.com\/2026-\/product\/ticket-tarab-mystique-haj-youssef-bihaqi\/#primaryimage"},"image":{"@id":"https:\/\/fesfestival.com\/2026-\/product\/ticket-tarab-mystique-haj-youssef-bihaqi\/#primaryimage"},"thumbnailUrl":"https:\/\/fesfestival.com\/2026-\/wp-content\/uploads\/2026\/03\/Jasser-Haj-Youssef-et-Hahya-Hussein-Abdallah-Bihaqi--scaled.jpg","datePublished":"2026-03-22T19:42:54+00:00","dateModified":"2026-05-04T15:53:14+00:00","breadcrumb":{"@id":"https:\/\/fesfestival.com\/2026-\/product\/ticket-tarab-mystique-haj-youssef-bihaqi\/#breadcrumb"},"inLanguage":"fr-FR","potentialAction":[{"@type":"ReadAction","target":["https:\/\/fesfestival.com\/2026-\/product\/ticket-tarab-mystique-haj-youssef-bihaqi\/"]}]},{"@type":"ImageObject","inLanguage":"fr-FR","@id":"https:\/\/fesfestival.com\/2026-\/product\/ticket-tarab-mystique-haj-youssef-bihaqi\/#primaryimage","url":"https:\/\/fesfestival.com\/2026-\/wp-content\/uploads\/2026\/03\/Jasser-Haj-Youssef-et-Hahya-Hussein-Abdallah-Bihaqi--scaled.jpg","contentUrl":"https:\/\/fesfestival.com\/2026-\/wp-content\/uploads\/2026\/03\/Jasser-Haj-Youssef-et-Hahya-Hussein-Abdallah-Bihaqi--scaled.jpg","width":2560,"height":1707},{"@type":"BreadcrumbList","@id":"https:\/\/fesfestival.com\/2026-\/product\/ticket-tarab-mystique-haj-youssef-bihaqi\/#breadcrumb","itemListElement":[{"@type":"ListItem","position":1,"name":"Accueil","item":"https:\/\/fesfestival.com\/2026-\/"},{"@type":"ListItem","position":2,"name":"Shop","item":"https:\/\/fesfestival.com\/2026-\/shop\/"},{"@type":"ListItem","position":3,"name":"Tarab mystique \u2013 Haj Youssef &amp; Bihaqi"}]},{"@type":"WebSite","@id":"https:\/\/fesfestival.com\/2026-\/#website","url":"https:\/\/fesfestival.com\/2026-\/","name":"Esprit de F\u00e8s","description":"F\u00e8s Festival Music Sacr\u00e9e","publisher":{"@id":"https:\/\/fesfestival.com\/2026-\/#organization"},"potentialAction":[{"@type":"SearchAction","target":{"@type":"EntryPoint","urlTemplate":"https:\/\/fesfestival.com\/2026-\/?s={search_term_string}"},"query-input":{"@type":"PropertyValueSpecification","valueRequired":true,"valueName":"search_term_string"}}],"inLanguage":"fr-FR"},{"@type":"Organization","@id":"https:\/\/fesfestival.com\/2026-\/#organization","name":"Esprit de F\u00e8s","url":"https:\/\/fesfestival.com\/2026-\/","logo":{"@type":"ImageObject","inLanguage":"fr-FR","@id":"https:\/\/fesfestival.com\/2026-\/#\/schema\/logo\/image\/","url":"https:\/\/fesfestival.com\/2026-\/wp-content\/uploads\/2026\/03\/Logo_blue-scaled.png","contentUrl":"https:\/\/fesfestival.com\/2026-\/wp-content\/uploads\/2026\/03\/Logo_blue-scaled.png","width":2560,"height":1032,"caption":"Esprit de F\u00e8s"},"image":{"@id":"https:\/\/fesfestival.com\/2026-\/#\/schema\/logo\/image\/"}}]}},"jetpack_sharing_enabled":true,"_links":{"self":[{"href":"https:\/\/fesfestival.com\/2026-\/wp-json\/wp\/v2\/product\/3140","targetHints":{"allow":["GET"]}}],"collection":[{"href":"https:\/\/fesfestival.com\/2026-\/wp-json\/wp\/v2\/product"}],"about":[{"href":"https:\/\/fesfestival.com\/2026-\/wp-json\/wp\/v2\/types\/product"}],"replies":[{"embeddable":true,"href":"https:\/\/fesfestival.com\/2026-\/wp-json\/wp\/v2\/comments?post=3140"}],"version-history":[{"count":7,"href":"https:\/\/fesfestival.com\/2026-\/wp-json\/wp\/v2\/product\/3140\/revisions"}],"predecessor-version":[{"id":3866,"href":"https:\/\/fesfestival.com\/2026-\/wp-json\/wp\/v2\/product\/3140\/revisions\/3866"}],"wp:featuredmedia":[{"embeddable":true,"href":"https:\/\/fesfestival.com\/2026-\/wp-json\/wp\/v2\/media\/3520"}],"wp:attachment":[{"href":"https:\/\/fesfestival.com\/2026-\/wp-json\/wp\/v2\/media?parent=3140"}],"wp:term":[{"taxonomy":"product_brand","embeddable":true,"href":"https:\/\/fesfestival.com\/2026-\/wp-json\/wp\/v2\/product_brand?post=3140"},{"taxonomy":"product_cat","embeddable":true,"href":"https:\/\/fesfestival.com\/2026-\/wp-json\/wp\/v2\/product_cat?post=3140"},{"taxonomy":"product_tag","embeddable":true,"href":"https:\/\/fesfestival.com\/2026-\/wp-json\/wp\/v2\/product_tag?post=3140"}],"curies":[{"name":"wp","href":"https:\/\/api.w.org\/{rel}","templated":true}]}}