{"id":3139,"date":"2026-03-22T20:42:54","date_gmt":"2026-03-22T19:42:54","guid":{"rendered":"https:\/\/fesfestival.com\/2026-\/product\/ticket-sanam-marvi-chants-soufis-du-pakistan\/"},"modified":"2026-04-14T19:19:46","modified_gmt":"2026-04-14T17:19:46","slug":"ticket-sanam-marvi-chants-soufis-du-pakistan","status":"publish","type":"product","link":"https:\/\/fesfestival.com\/2026-\/product\/ticket-sanam-marvi-chants-soufis-du-pakistan\/","title":{"rendered":"Sanam Marvi \u2013 Chants soufis du Pakistan"},"content":{"rendered":"<p><strong>\ud83d\udcc5 Samedi 6 Juin 2026<\/strong> | <strong>\ud83d\udd50 23:00<\/strong> | <strong>\ud83d\udccd Jardin Jnan Sbil<\/strong><\/p>\n<p>\u00ab\u00a0<em>Qui sera t\u00e9moin de la beaut\u00e9 du bien-aim\u00e9, si cette vue te fait d\u00e9faillir ? Pourquoi parler de le rencontrer un jour, s\u2019il faut d\u00e9j\u00e0 une \u00e9ternit\u00e9 pour se rencontrer soi-m\u00eame ? <\/em><\/p>\n<p>Sachal Sarmast &#8211; po\u00e8te sindhi<\/p>\n<p>Sanam Marvi incarne le chant soufi au f\u00e9minin et porte l\u2019h\u00e9ritage spirituel de cette voie mystique. N\u00e9e dans la province du Sindh (Pakistan), pour elle, les mots et le Sama (audition spirituelle) sont essentiels, nourrissant les textes sacr\u00e9s qu\u2019elle interpr\u00e8te avec une profonde d\u00e9votion.<\/p>\n<p>Et puis\u00a0; il y\u2019a la puissance exalt\u00e9e de la saveur (rasa) soufie sans cesse en suspens, en qu\u00eate du \u00ab\u00a0sultana\u00a0\u00bb, le wajd, rechercher \u00e0 l\u2019infini l\u2019union avec l\u2019\u00eatre cher, le ma\u00eetre ou le divin, cette \u00e9motion qu\u2019incarne la grande Sanam Marvi avec la tradition soufie indo-pakistanais (du mot arabe, parler). Sa voix c\u00e9l\u00e8bre la joie de l\u2019union avec l\u2019\u00eatre aim\u00e9, les s\u00e9parations, les retrouvailles.<\/p>\n<p>Il sera difficile de rester insensible \u00e0 une voix qui trouve des r\u00e9sonances au fond de chacun de nous, des po\u00e8mes comme <em>Tere isq nachaya<\/em> du ma\u00eetre soufi punjabi Baba Bulleh Shah :<\/p>\n<p>\u00ab <em>Ton amour me fait danser comme un fou. Ton amour a \u00e9lu r\u00e9sidence en moi. J\u2019ai rempli la coupe de poison et l\u2019ai bue volontairement. Viens, mon gu\u00e9risseur, avant que je ne meure. Ton amour me fait danser comme un fou&#8230; \u00bb<\/em><\/p>\n<p>(D\u2019apr\u00e8s un texte de Pierre-Alain Baud)<\/p>\n","protected":false},"excerpt":{"rendered":"<p>Samedi 6 Juin \u2013 23:00 \u2013 Jardin Jnan Sbil<\/p>\n","protected":false},"featured_media":3095,"comment_status":"closed","ping_status":"closed","template":"","meta":[],"product_brand":[],"product_cat":[104,102],"product_tag":[],"class_list":{"0":"post-3139","1":"product","2":"type-product","3":"status-publish","4":"has-post-thumbnail","6":"product_cat-jardin-jnan-sbil","7":"product_cat-tickets-festival","9":"first","10":"instock","11":"virtual","12":"purchasable","13":"product-type-simple"},"jetpack_sharing_enabled":true,"_links":{"self":[{"href":"https:\/\/fesfestival.com\/2026-\/wp-json\/wp\/v2\/product\/3139","targetHints":{"allow":["GET"]}}],"collection":[{"href":"https:\/\/fesfestival.com\/2026-\/wp-json\/wp\/v2\/product"}],"about":[{"href":"https:\/\/fesfestival.com\/2026-\/wp-json\/wp\/v2\/types\/product"}],"replies":[{"embeddable":true,"href":"https:\/\/fesfestival.com\/2026-\/wp-json\/wp\/v2\/comments?post=3139"}],"version-history":[{"count":3,"href":"https:\/\/fesfestival.com\/2026-\/wp-json\/wp\/v2\/product\/3139\/revisions"}],"predecessor-version":[{"id":3590,"href":"https:\/\/fesfestival.com\/2026-\/wp-json\/wp\/v2\/product\/3139\/revisions\/3590"}],"wp:featuredmedia":[{"embeddable":true,"href":"https:\/\/fesfestival.com\/2026-\/wp-json\/wp\/v2\/media\/3095"}],"wp:attachment":[{"href":"https:\/\/fesfestival.com\/2026-\/wp-json\/wp\/v2\/media?parent=3139"}],"wp:term":[{"taxonomy":"product_brand","embeddable":true,"href":"https:\/\/fesfestival.com\/2026-\/wp-json\/wp\/v2\/product_brand?post=3139"},{"taxonomy":"product_cat","embeddable":true,"href":"https:\/\/fesfestival.com\/2026-\/wp-json\/wp\/v2\/product_cat?post=3139"},{"taxonomy":"product_tag","embeddable":true,"href":"https:\/\/fesfestival.com\/2026-\/wp-json\/wp\/v2\/product_tag?post=3139"}],"curies":[{"name":"wp","href":"https:\/\/api.w.org\/{rel}","templated":true}]}}