{"id":3138,"date":"2026-03-22T20:42:54","date_gmt":"2026-03-22T19:42:54","guid":{"rendered":"https:\/\/fesfestival.com\/2026-\/product\/ticket-sami-yusuf-concert\/"},"modified":"2026-04-20T01:44:12","modified_gmt":"2026-04-19T23:44:12","slug":"ticket-sami-yusuf-concert","status":"publish","type":"product","link":"https:\/\/fesfestival.com\/2026-\/product\/ticket-sami-yusuf-concert\/","title":{"rendered":"Sami Yusuf \u2013 Concert"},"content":{"rendered":"<p><strong>\ud83d\udcc5 Samedi 6 Juin 2026<\/strong> | <strong>\ud83d\udd50 21:00<\/strong> | <strong>\ud83d\udccd Bab Al Makina<\/strong><\/p>\n<p>&#8221;Quand je suis silencieux\u00a0 je tombe dans cet endroit\u00a0 ou tout est musique\u00a0 et amour.;&#8221;<\/p>\n<p>Djalal al din R\u00fbmi<\/p>\n<p>Sami Yusuf reste inspir\u00e9 par une vision universelle et une fascination pour les musiques de tradition empreinte de m\u00e9ditation et de cette mysticit\u00e9 qu\u2019il cultive avec justesse et pr\u00e9cision\u00a0; lui permet d\u2019assembler harmonieusement selon ses projets\u00a0: musique qawwalli, flamenco, chant andalou, \u00a0azeri ou persan, ou m\u00eame dans certains de ses projets r\u00e9cents.<\/p>\n<p>Proche dans son inspiration de cet esprit de F\u00e8s, Il revient une nouvelle fois au festival c\u00e9l\u00e9br\u00e9 la beaut\u00e9 mystique de l\u2019Orient.<\/p>\n<p>Refusant la facilit\u00e9 d\u2019une musique orientale globalis\u00e9e format\u00e9e, il s\u2019abreuve aux sources de la musique persane, turque, azerbaidjanaise du samaa andalou ou du qawwalli indo-pakistanais et m\u00eame plus r\u00e9cemment dans certains de ses projets du flamenco ou de la liturgie chr\u00e9tienne.<\/p>\n<p>Sami Yusuf poss\u00e8de ce sens du vrai, c\u2019est ce qui lui conf\u00e8re cette capacit\u00e9 de rassembler dans sa musique, ceux et celles, qui poursuivent cette m\u00eame qu\u00eate.<\/p>\n<p>Comme il aime \u00e0 le dire lui-m\u00eame\u00a0: \u00ab\u00a0<em>Nous savons que les voyageurs d\u00e9couvraient le c\u0153ur des cultures qu\u2019ils rencontraient \u00e0 travers la musique et l\u2019art parce que la musique r\u00e9v\u00e8le des aspects de l\u2019exp\u00e9rience humaine sans les mots. La musique est directe, elle a le pouvoir de communiquer sans besoin de traduction. De mon point de vue, aucun texte ne peut rivaliser en puissance avec la musique.<\/em><\/p>\n<p><em>C\u2019est une c\u00e9l\u00e9bration du g\u00e9nie de toutes ces traditions vivantes, qui doivent \u00eatre consid\u00e9r\u00e9es pour ce qu\u2019elles sont et non pas pour ce qu\u2019on voudrait qu\u2019elles soient. Le dialogue musical qui a lieu pendant les concerts m\u2019enthousiasme. Il est important de se rappeler que ce dialogue vient alimenter une conversation men\u00e9e de tr\u00e8s longue date. Les savoirs s\u2019\u00e9changent mais \u00e9galement d\u2019autres grandes traditions musicales, d\u2019Inde par exemple ou d\u2019ailleurs. Depuis 10-15 ans, ma pratique s\u2019est particuli\u00e8rement articul\u00e9e autour des musiques traditionnelles. Elles m\u2019inspirent le plus grand respect car elles rec\u00e8lent en leur c\u0153ur quelque chose de tr\u00e8s profond, qui n\u2019est pas de ce monde. Appelez cela comme vous voulez\u00a0: le \u00ab\u00a0secret\u00a0\u00bb, le \u00ab\u00a0divin\u00a0\u00bb, le \u00ab\u00a0supr\u00eame\u00a0\u00bb \u2026 <\/em><\/p>\n","protected":false},"excerpt":{"rendered":"<p>Samedi 6 Juin \u2013 21:00 \u2013 Bab Al Makina<\/p>\n<p>Cat\u00e9gorie A<\/p>\n","protected":false},"featured_media":3432,"comment_status":"closed","ping_status":"closed","template":"","meta":[],"product_brand":[],"product_cat":[103,112,102],"product_tag":[],"class_list":{"0":"post-3138","1":"product","2":"type-product","3":"status-publish","4":"has-post-thumbnail","6":"product_cat-bab-al-makina","7":"product_cat-categorie-a","8":"product_cat-tickets-festival","10":"first","11":"instock","12":"virtual","13":"purchasable","14":"product-type-simple"},"jetpack_sharing_enabled":true,"_links":{"self":[{"href":"https:\/\/fesfestival.com\/2026-\/wp-json\/wp\/v2\/product\/3138","targetHints":{"allow":["GET"]}}],"collection":[{"href":"https:\/\/fesfestival.com\/2026-\/wp-json\/wp\/v2\/product"}],"about":[{"href":"https:\/\/fesfestival.com\/2026-\/wp-json\/wp\/v2\/types\/product"}],"replies":[{"embeddable":true,"href":"https:\/\/fesfestival.com\/2026-\/wp-json\/wp\/v2\/comments?post=3138"}],"version-history":[{"count":5,"href":"https:\/\/fesfestival.com\/2026-\/wp-json\/wp\/v2\/product\/3138\/revisions"}],"predecessor-version":[{"id":3589,"href":"https:\/\/fesfestival.com\/2026-\/wp-json\/wp\/v2\/product\/3138\/revisions\/3589"}],"wp:featuredmedia":[{"embeddable":true,"href":"https:\/\/fesfestival.com\/2026-\/wp-json\/wp\/v2\/media\/3432"}],"wp:attachment":[{"href":"https:\/\/fesfestival.com\/2026-\/wp-json\/wp\/v2\/media?parent=3138"}],"wp:term":[{"taxonomy":"product_brand","embeddable":true,"href":"https:\/\/fesfestival.com\/2026-\/wp-json\/wp\/v2\/product_brand?post=3138"},{"taxonomy":"product_cat","embeddable":true,"href":"https:\/\/fesfestival.com\/2026-\/wp-json\/wp\/v2\/product_cat?post=3138"},{"taxonomy":"product_tag","embeddable":true,"href":"https:\/\/fesfestival.com\/2026-\/wp-json\/wp\/v2\/product_tag?post=3138"}],"curies":[{"name":"wp","href":"https:\/\/api.w.org\/{rel}","templated":true}]}}