{"id":3137,"date":"2026-03-22T20:42:54","date_gmt":"2026-03-22T19:42:54","guid":{"rendered":"https:\/\/fesfestival.com\/2026-\/product\/ticket-leon-phal-stress-killer\/"},"modified":"2026-04-14T19:16:06","modified_gmt":"2026-04-14T17:16:06","slug":"ticket-leon-phal-stress-killer","status":"publish","type":"product","link":"https:\/\/fesfestival.com\/2026-\/product\/ticket-leon-phal-stress-killer\/","title":{"rendered":"L\u00e9on Phal \u2013 Stress Killer"},"content":{"rendered":"<p><strong>\ud83d\udcc5 Samedi 6 Juin 2026<\/strong> | <strong>\ud83d\udd50 18:00<\/strong> | <strong>\ud83d\udccd Jardin Jnan Sbil<\/strong><\/p>\n<p>Le saxophoniste franco-suisse L\u00e9on Phal fait partie de cette g\u00e9n\u00e9ration de jazzmen qui a grandi en \u00e9coutant non seulement du jazz, mais \u00e9galement du funk, de la soul ou de l\u2019\u00e9lectro. La section rythmique compos\u00e9e du batteur Arthur Alard et du contrebassiste R\u00e9my Bouyssi\u00e8re est puissante et souple \u00e0 la fois. Sur cette fondation, le clavi\u00e9riste Gauthier Toux ajoute ses nappes et ses arp\u00e8ges d\u2019\u00e9chos et de r\u00e9verbe, afin de cr\u00e9er un son plus a\u00e9rien. \u00c0 partir de cet univers musical, le trompettiste Zacharie Ksyk, et L\u00e9on Phal \u00e9laborent leurs propres cheminements improvis\u00e9s. Les beats drum\u2019n\u2019bass ou house, v\u00e9ritables moments de transe, c\u00e8dent r\u00e9guli\u00e8rement la place \u00e0 des passages apaisants.<\/p>\n<p>Cette puissance sans compromis de la musique ne se fait jamais au d\u00e9triment de l\u2019harmonie ou de la m\u00e9lodie, toujours tr\u00e8s soign\u00e9es. On pense \u00e0 Roy Hargrove, Erik Truffaz ou Julien Loureau, m\u00eame si le quintet a trouv\u00e9 un son qui lui est propre rendant cet ensemble musical unique<\/p>\n<p>&nbsp;<\/p>\n<p><iframe title=\"L\u00c9ON PHAL - STRESS KILLER (FULL ALBUM VISUALIZER)\" width=\"1200\" height=\"675\" src=\"https:\/\/www.youtube.com\/embed\/rNiQg4DNnAc?feature=oembed\" frameborder=\"0\" allow=\"accelerometer; autoplay; clipboard-write; encrypted-media; gyroscope; picture-in-picture; web-share\" referrerpolicy=\"strict-origin-when-cross-origin\" allowfullscreen><\/iframe><\/p>\n","protected":false},"excerpt":{"rendered":"<p>Samedi 6 Juin \u2013 18:00 \u2013 Jardin Jnan Sbil<\/p>\n","protected":false},"featured_media":3566,"comment_status":"closed","ping_status":"closed","template":"","meta":[],"product_brand":[],"product_cat":[104,102],"product_tag":[],"class_list":{"0":"post-3137","1":"product","2":"type-product","3":"status-publish","4":"has-post-thumbnail","6":"product_cat-jardin-jnan-sbil","7":"product_cat-tickets-festival","9":"first","10":"instock","11":"virtual","12":"purchasable","13":"product-type-simple"},"jetpack_sharing_enabled":true,"_links":{"self":[{"href":"https:\/\/fesfestival.com\/2026-\/wp-json\/wp\/v2\/product\/3137","targetHints":{"allow":["GET"]}}],"collection":[{"href":"https:\/\/fesfestival.com\/2026-\/wp-json\/wp\/v2\/product"}],"about":[{"href":"https:\/\/fesfestival.com\/2026-\/wp-json\/wp\/v2\/types\/product"}],"replies":[{"embeddable":true,"href":"https:\/\/fesfestival.com\/2026-\/wp-json\/wp\/v2\/comments?post=3137"}],"version-history":[{"count":4,"href":"https:\/\/fesfestival.com\/2026-\/wp-json\/wp\/v2\/product\/3137\/revisions"}],"predecessor-version":[{"id":3586,"href":"https:\/\/fesfestival.com\/2026-\/wp-json\/wp\/v2\/product\/3137\/revisions\/3586"}],"wp:featuredmedia":[{"embeddable":true,"href":"https:\/\/fesfestival.com\/2026-\/wp-json\/wp\/v2\/media\/3566"}],"wp:attachment":[{"href":"https:\/\/fesfestival.com\/2026-\/wp-json\/wp\/v2\/media?parent=3137"}],"wp:term":[{"taxonomy":"product_brand","embeddable":true,"href":"https:\/\/fesfestival.com\/2026-\/wp-json\/wp\/v2\/product_brand?post=3137"},{"taxonomy":"product_cat","embeddable":true,"href":"https:\/\/fesfestival.com\/2026-\/wp-json\/wp\/v2\/product_cat?post=3137"},{"taxonomy":"product_tag","embeddable":true,"href":"https:\/\/fesfestival.com\/2026-\/wp-json\/wp\/v2\/product_tag?post=3137"}],"curies":[{"name":"wp","href":"https:\/\/api.w.org\/{rel}","templated":true}]}}