{"id":3136,"date":"2026-03-22T20:42:54","date_gmt":"2026-03-22T19:42:54","guid":{"rendered":"https:\/\/fesfestival.com\/2026-\/product\/ticket-saisons-du-monde-interieur-ragas-tagore\/"},"modified":"2026-04-17T19:00:15","modified_gmt":"2026-04-17T17:00:15","slug":"ticket-saisons-du-monde-interieur-ragas-tagore","status":"publish","type":"product","link":"https:\/\/fesfestival.com\/2026-\/product\/ticket-saisons-du-monde-interieur-ragas-tagore\/","title":{"rendered":"Saisons du monde int\u00e9rieur Ragas et po\u00e8mes"},"content":{"rendered":"<p><strong>\ud83d\udcc5 Samedi 6 Juin 2026<\/strong> | <strong>\ud83d\udd50 10:00<\/strong> | <strong>\ud83d\udccd Salle prefecture (en face mus\u00e9e Batha).<\/strong><\/p>\n<p>Pandit Shyam Sundar Goswami a la r\u00e9putation d\u2019user de clart\u00e9, de retenue, dans la traduction fid\u00e8le qu\u2019il livre des humeurs et sentiments d\u00e9peints par les diff\u00e9rents ragas indiens.<\/p>\n<p>Son expression vocale est en parfaite harmonie avec les nuances de la po\u00e9sie et du changement de saison qu\u2019incarne le projet \u00ab\u00a0Ritu\u2013Chaitanya: Saisons du monde int\u00e9rieur \u00bb. Son chant se propose d\u00e8s lors de magnifier la r\u00e9citation des po\u00e8mes de Rabindranath Tagore.<\/p>\n<p>Entre paroles et musique, la po\u00e9sie de R. Tagore est travers\u00e9e par le rythme des saisons et l&#8217;infinie richesse de la musique classique indienne \u00e0 l\u2019aune de son expression du temps.<\/p>\n<p>\u00c0 l&#8217;occasion d&#8217;un voyage \u00e0 travers les saisons de l&#8217;Inde, s\u2019ouvre un chemin int\u00e9rieur d\u2019\u00e9motions, de m\u00e9moire et de jeux de miroir dans lequel les interactions subtiles entre la voix, la m\u00e9lodie et le silence suscitent l&#8217;\u00e9veil, l&#8217;attente et la nostalgie. Viennent ainsi \u00e0 \u00eatre r\u00e9v\u00e9l\u00e9es les correspondances entre les saisons de l&#8217;\u00e2me et les \u00e9tapes de la vie int\u00e9rieure.<\/p>\n","protected":false},"excerpt":{"rendered":"<p>Samedi 6 Juin \u2013 10:00 \u2013 Salle prefecture (en face mus\u00e9e Batha).<\/p>\n","protected":false},"featured_media":3099,"comment_status":"closed","ping_status":"closed","template":"","meta":[],"product_brand":[],"product_cat":[105,102],"product_tag":[],"class_list":{"0":"post-3136","1":"product","2":"type-product","3":"status-publish","4":"has-post-thumbnail","6":"product_cat-salle-prefecture-en-face-musee-batha","7":"product_cat-tickets-festival","9":"first","10":"instock","11":"virtual","12":"purchasable","13":"product-type-simple"},"jetpack_sharing_enabled":true,"_links":{"self":[{"href":"https:\/\/fesfestival.com\/2026-\/wp-json\/wp\/v2\/product\/3136","targetHints":{"allow":["GET"]}}],"collection":[{"href":"https:\/\/fesfestival.com\/2026-\/wp-json\/wp\/v2\/product"}],"about":[{"href":"https:\/\/fesfestival.com\/2026-\/wp-json\/wp\/v2\/types\/product"}],"replies":[{"embeddable":true,"href":"https:\/\/fesfestival.com\/2026-\/wp-json\/wp\/v2\/comments?post=3136"}],"version-history":[{"count":5,"href":"https:\/\/fesfestival.com\/2026-\/wp-json\/wp\/v2\/product\/3136\/revisions"}],"predecessor-version":[{"id":3716,"href":"https:\/\/fesfestival.com\/2026-\/wp-json\/wp\/v2\/product\/3136\/revisions\/3716"}],"wp:featuredmedia":[{"embeddable":true,"href":"https:\/\/fesfestival.com\/2026-\/wp-json\/wp\/v2\/media\/3099"}],"wp:attachment":[{"href":"https:\/\/fesfestival.com\/2026-\/wp-json\/wp\/v2\/media?parent=3136"}],"wp:term":[{"taxonomy":"product_brand","embeddable":true,"href":"https:\/\/fesfestival.com\/2026-\/wp-json\/wp\/v2\/product_brand?post=3136"},{"taxonomy":"product_cat","embeddable":true,"href":"https:\/\/fesfestival.com\/2026-\/wp-json\/wp\/v2\/product_cat?post=3136"},{"taxonomy":"product_tag","embeddable":true,"href":"https:\/\/fesfestival.com\/2026-\/wp-json\/wp\/v2\/product_tag?post=3136"}],"curies":[{"name":"wp","href":"https:\/\/api.w.org\/{rel}","templated":true}]}}