{"id":3135,"date":"2026-03-22T20:42:54","date_gmt":"2026-03-22T19:42:54","guid":{"rendered":"https:\/\/fesfestival.com\/2026-\/product\/ticket-taran-taranta-tarantella-cie-tarantarte\/"},"modified":"2026-04-14T19:14:43","modified_gmt":"2026-04-14T17:14:43","slug":"ticket-taran-taranta-tarantella-cie-tarantarte","status":"publish","type":"product","link":"https:\/\/fesfestival.com\/2026-\/product\/ticket-taran-taranta-tarantella-cie-tarantarte\/","title":{"rendered":"Tar\u00e0n Taranta Tarantella \u2013 Cie Tarantarte"},"content":{"rendered":"<p><strong>\ud83d\udcc5 Vendredi 5 Juin 2026<\/strong> | <strong>\ud83d\udd50 23:30<\/strong> | <strong>\ud83d\udccd Jardin Jnan Sbil<\/strong><\/p>\n<p>Une cr\u00e9ation chor\u00e9graphique autour de la <em>tarantella, <\/em>danse et rituel de la r\u00e9gion des Pouilles<\/p>\n<p>Avec le soutien de l&#8217;Ambassade d&#8217;Italie et l&#8217;Institut Culturel Italien de Rabat<\/p>\n<p>\u00c0 partir du Salento (Pouilles), cinq danseuses &#8211; de formations diff\u00e9rentes et dirig\u00e9es par la danseuse et chor\u00e9graphe Maristella Martella &#8211; entrem\u00ealent pass\u00e9 et pr\u00e9sent, classique et contemporain, dans une cr\u00e9ation originale.<\/p>\n<p>Les pi\u00e8ces de ce puzzle, fruit d&#8217;une longue recherche ethnoarch\u00e9ologique, s\u2019inspirent en profondeur des danses populaires du sud de l\u2019Italie : pizzica et tarantella ainsi que de leurs origines magno-grecques puis\u00e9es au sein du monde mediterran\u00e9en.<\/p>\n<p>C\u00e9l\u00e8bre danse italienne datant du XVIII \u00e8me si\u00e8cle, la tarentelle et son c\u00e9l\u00e8bre tambourin nous renvoient \u00e0 un univers tant profane que sacr\u00e9. R\u00e9pandue en Calabre comme \u00e0 Naples, le nom de cette danse provient de la ville de Tarente mais est \u00e9galement associ\u00e9 \u00e0 l&#8217;araign\u00e9e tarentule (lycosa tarantula). En effet, les tarentelles ont longtemps \u00e9t\u00e9 des pratiques rituelles, dites th\u00e9rapeutiques, s\u2019apparentant \u00e0 un v\u00e9ritable culte de possession. Les habitants de l\u2019Italie m\u00e9ridionale, essentiellement des femmes semble-t-il, qui se faisaient piquer par une tarentule devaient alors danser sur le rythme fr\u00e9n\u00e9tique de cette danse pour \u00eatre gu\u00e9ris.<\/p>\n<p><a href=\"http:\/\/www.tarantarte.it\">www.tarantarte.it<\/a><\/p>\n","protected":false},"excerpt":{"rendered":"<p>Vendredi 5 Juin \u2013 23:30 \u2013 Jardin Jnan Sbil<\/p>\n","protected":false},"featured_media":3519,"comment_status":"closed","ping_status":"closed","template":"","meta":[],"product_brand":[],"product_cat":[104,102],"product_tag":[],"class_list":{"0":"post-3135","1":"product","2":"type-product","3":"status-publish","4":"has-post-thumbnail","6":"product_cat-jardin-jnan-sbil","7":"product_cat-tickets-festival","9":"first","10":"instock","11":"virtual","12":"purchasable","13":"product-type-simple"},"jetpack_sharing_enabled":true,"_links":{"self":[{"href":"https:\/\/fesfestival.com\/2026-\/wp-json\/wp\/v2\/product\/3135","targetHints":{"allow":["GET"]}}],"collection":[{"href":"https:\/\/fesfestival.com\/2026-\/wp-json\/wp\/v2\/product"}],"about":[{"href":"https:\/\/fesfestival.com\/2026-\/wp-json\/wp\/v2\/types\/product"}],"replies":[{"embeddable":true,"href":"https:\/\/fesfestival.com\/2026-\/wp-json\/wp\/v2\/comments?post=3135"}],"version-history":[{"count":4,"href":"https:\/\/fesfestival.com\/2026-\/wp-json\/wp\/v2\/product\/3135\/revisions"}],"predecessor-version":[{"id":3584,"href":"https:\/\/fesfestival.com\/2026-\/wp-json\/wp\/v2\/product\/3135\/revisions\/3584"}],"wp:featuredmedia":[{"embeddable":true,"href":"https:\/\/fesfestival.com\/2026-\/wp-json\/wp\/v2\/media\/3519"}],"wp:attachment":[{"href":"https:\/\/fesfestival.com\/2026-\/wp-json\/wp\/v2\/media?parent=3135"}],"wp:term":[{"taxonomy":"product_brand","embeddable":true,"href":"https:\/\/fesfestival.com\/2026-\/wp-json\/wp\/v2\/product_brand?post=3135"},{"taxonomy":"product_cat","embeddable":true,"href":"https:\/\/fesfestival.com\/2026-\/wp-json\/wp\/v2\/product_cat?post=3135"},{"taxonomy":"product_tag","embeddable":true,"href":"https:\/\/fesfestival.com\/2026-\/wp-json\/wp\/v2\/product_tag?post=3135"}],"curies":[{"name":"wp","href":"https:\/\/api.w.org\/{rel}","templated":true}]}}