{"id":3133,"date":"2026-03-22T20:42:54","date_gmt":"2026-03-22T19:42:54","guid":{"rendered":"https:\/\/fesfestival.com\/2026-\/product\/ticket-lantidote-chemirani-khalife-hasa\/"},"modified":"2026-05-08T15:18:51","modified_gmt":"2026-05-08T13:18:51","slug":"lantidote-chemirani-khalife-hasa","status":"publish","type":"product","link":"https:\/\/fesfestival.com\/2026-\/product\/lantidote-chemirani-khalife-hasa\/","title":{"rendered":"L&#8217;Antidote \u2013 Chemirani, Khalif\u00e9, Hasa"},"content":{"rendered":"<p><strong>\ud83d\udcc5 Vendredi 5 Juin 2026<\/strong> | <strong>\ud83d\udd50 18:00<\/strong> | <strong>\ud83d\udccd Jardin Jnan Sbil<\/strong><\/p>\n<p>Imaginez trois fleuves quittant leur lit pour se fondre en un cours d\u2019eau libre et impr\u00e9visible.<\/p>\n<p>Trois musiciens originaires de traditions orientales diff\u00e9rentes. Redi Hasa, albanais, violoncelliste inspir\u00e9, connu pour avoir \u0153uvr\u00e9 au renouveau des musiques traditionnelles du sud de l\u2019Italie. Rami Khalif\u00e9, libanais, pianiste classique virtuose, dont la g\u00e9ographie personnelle navigue entre Rachmaninov, la mystique soufie, l\u2019\u00e9lectro-dance et, bien s\u00fbr, l\u2019influence de son illustre p\u00e8re Marcel Khalife &#8211; \u00e0 l\u2019instar de celle de son fr\u00e8re Bachar. Bijan Chemirani, iranien, lui aussi h\u00e9ritier &#8211; avec son fr\u00e8re Kevan et sa s\u0153ur Myriam &#8211; d\u2019une autre figure tut\u00e9laire, celle du regrett\u00e9 maestro Djamshid Chemirani.<\/p>\n<p>\u00ab L\u2019antidote \u00bb, r\u00e9pertoire instrumental virtuose, insuffle beaut\u00e9 et oppose pouvoir de gu\u00e9rison de la musique mystique aux poisons des temps pr\u00e9sents et tourments du monde. Enregistr\u00e9 dans les Pouilles, univers propice au r\u00eave et \u00e0 la contemplation, il propose un voyage sonore riche, libre et immersif.<\/p>\n","protected":false},"excerpt":{"rendered":"<p>Vendredi 5 Juin \u2013 18:00 \u2013 Jardin Jnan Sbil<\/p>\n","protected":false},"featured_media":3460,"comment_status":"closed","ping_status":"closed","template":"","meta":[],"product_brand":[],"product_cat":[104,102],"product_tag":[],"class_list":{"0":"post-3133","1":"product","2":"type-product","3":"status-publish","4":"has-post-thumbnail","6":"product_cat-jardin-jnan-sbil","7":"product_cat-tickets-festival","9":"first","10":"instock","11":"virtual","12":"purchasable","13":"product-type-simple"},"yoast_head":"<!-- This site is optimized with the Yoast SEO plugin v27.5 - https:\/\/yoast.com\/product\/yoast-seo-wordpress\/ -->\n<title>L&#039;Antidote \u2013 Chemirani, Khalif\u00e9, Hasa - Esprit de F\u00e8s<\/title>\n<meta name=\"robots\" content=\"index, follow, max-snippet:-1, max-image-preview:large, max-video-preview:-1\" \/>\n<link rel=\"canonical\" href=\"https:\/\/fesfestival.com\/2026-\/product\/lantidote-chemirani-khalife-hasa\/\" \/>\n<meta property=\"og:locale\" content=\"fr_FR\" \/>\n<meta property=\"og:type\" content=\"article\" \/>\n<meta property=\"og:title\" content=\"L&#039;Antidote \u2013 Chemirani, Khalif\u00e9, Hasa - Esprit de F\u00e8s\" \/>\n<meta property=\"og:description\" content=\"Vendredi 5 Juin \u2013 18:00 \u2013 Jardin Jnan Sbil\" \/>\n<meta property=\"og:url\" content=\"https:\/\/fesfestival.com\/2026-\/product\/lantidote-chemirani-khalife-hasa\/\" \/>\n<meta property=\"og:site_name\" content=\"Esprit de F\u00e8s\" \/>\n<meta property=\"article:modified_time\" content=\"2026-05-08T13:18:51+00:00\" \/>\n<meta property=\"og:image\" content=\"https:\/\/fesfestival.com\/2026-\/wp-content\/uploads\/2026\/03\/TRIO-58-scaled.jpg\" \/>\n\t<meta property=\"og:image:width\" content=\"2560\" \/>\n\t<meta property=\"og:image:height\" content=\"1707\" \/>\n\t<meta property=\"og:image:type\" content=\"image\/jpeg\" \/>\n<meta name=\"twitter:card\" content=\"summary_large_image\" \/>\n<meta name=\"twitter:label1\" content=\"Dur\u00e9e de lecture estim\u00e9e\" \/>\n\t<meta name=\"twitter:data1\" content=\"1 minute\" \/>\n<script type=\"application\/ld+json\" class=\"yoast-schema-graph\">{\"@context\":\"https:\\\/\\\/schema.org\",\"@graph\":[{\"@type\":\"WebPage\",\"@id\":\"https:\\\/\\\/fesfestival.com\\\/2026-\\\/product\\\/lantidote-chemirani-khalife-hasa\\\/\",\"url\":\"https:\\\/\\\/fesfestival.com\\\/2026-\\\/product\\\/lantidote-chemirani-khalife-hasa\\\/\",\"name\":\"L'Antidote \u2013 Chemirani, Khalif\u00e9, Hasa - Esprit de F\u00e8s\",\"isPartOf\":{\"@id\":\"https:\\\/\\\/fesfestival.com\\\/2026-\\\/#website\"},\"primaryImageOfPage\":{\"@id\":\"https:\\\/\\\/fesfestival.com\\\/2026-\\\/product\\\/lantidote-chemirani-khalife-hasa\\\/#primaryimage\"},\"image\":{\"@id\":\"https:\\\/\\\/fesfestival.com\\\/2026-\\\/product\\\/lantidote-chemirani-khalife-hasa\\\/#primaryimage\"},\"thumbnailUrl\":\"https:\\\/\\\/fesfestival.com\\\/2026-\\\/wp-content\\\/uploads\\\/2026\\\/03\\\/TRIO-58-scaled.jpg\",\"datePublished\":\"2026-03-22T19:42:54+00:00\",\"dateModified\":\"2026-05-08T13:18:51+00:00\",\"breadcrumb\":{\"@id\":\"https:\\\/\\\/fesfestival.com\\\/2026-\\\/product\\\/lantidote-chemirani-khalife-hasa\\\/#breadcrumb\"},\"inLanguage\":\"fr-FR\",\"potentialAction\":[{\"@type\":\"ReadAction\",\"target\":[\"https:\\\/\\\/fesfestival.com\\\/2026-\\\/product\\\/lantidote-chemirani-khalife-hasa\\\/\"]}]},{\"@type\":\"ImageObject\",\"inLanguage\":\"fr-FR\",\"@id\":\"https:\\\/\\\/fesfestival.com\\\/2026-\\\/product\\\/lantidote-chemirani-khalife-hasa\\\/#primaryimage\",\"url\":\"https:\\\/\\\/fesfestival.com\\\/2026-\\\/wp-content\\\/uploads\\\/2026\\\/03\\\/TRIO-58-scaled.jpg\",\"contentUrl\":\"https:\\\/\\\/fesfestival.com\\\/2026-\\\/wp-content\\\/uploads\\\/2026\\\/03\\\/TRIO-58-scaled.jpg\",\"width\":2560,\"height\":1707},{\"@type\":\"BreadcrumbList\",\"@id\":\"https:\\\/\\\/fesfestival.com\\\/2026-\\\/product\\\/lantidote-chemirani-khalife-hasa\\\/#breadcrumb\",\"itemListElement\":[{\"@type\":\"ListItem\",\"position\":1,\"name\":\"Accueil\",\"item\":\"https:\\\/\\\/fesfestival.com\\\/2026-\\\/\"},{\"@type\":\"ListItem\",\"position\":2,\"name\":\"Shop\",\"item\":\"https:\\\/\\\/fesfestival.com\\\/2026-\\\/shop\\\/\"},{\"@type\":\"ListItem\",\"position\":3,\"name\":\"L&#8217;Antidote \u2013 Chemirani, Khalif\u00e9, Hasa\"}]},{\"@type\":\"WebSite\",\"@id\":\"https:\\\/\\\/fesfestival.com\\\/2026-\\\/#website\",\"url\":\"https:\\\/\\\/fesfestival.com\\\/2026-\\\/\",\"name\":\"Esprit de F\u00e8s\",\"description\":\"F\u00e8s Festival Music Sacr\u00e9e\",\"publisher\":{\"@id\":\"https:\\\/\\\/fesfestival.com\\\/2026-\\\/#organization\"},\"potentialAction\":[{\"@type\":\"SearchAction\",\"target\":{\"@type\":\"EntryPoint\",\"urlTemplate\":\"https:\\\/\\\/fesfestival.com\\\/2026-\\\/?s={search_term_string}\"},\"query-input\":{\"@type\":\"PropertyValueSpecification\",\"valueRequired\":true,\"valueName\":\"search_term_string\"}}],\"inLanguage\":\"fr-FR\"},{\"@type\":\"Organization\",\"@id\":\"https:\\\/\\\/fesfestival.com\\\/2026-\\\/#organization\",\"name\":\"Esprit de F\u00e8s\",\"url\":\"https:\\\/\\\/fesfestival.com\\\/2026-\\\/\",\"logo\":{\"@type\":\"ImageObject\",\"inLanguage\":\"fr-FR\",\"@id\":\"https:\\\/\\\/fesfestival.com\\\/2026-\\\/#\\\/schema\\\/logo\\\/image\\\/\",\"url\":\"https:\\\/\\\/fesfestival.com\\\/2026-\\\/wp-content\\\/uploads\\\/2026\\\/03\\\/Logo_blue-scaled.png\",\"contentUrl\":\"https:\\\/\\\/fesfestival.com\\\/2026-\\\/wp-content\\\/uploads\\\/2026\\\/03\\\/Logo_blue-scaled.png\",\"width\":2560,\"height\":1032,\"caption\":\"Esprit de F\u00e8s\"},\"image\":{\"@id\":\"https:\\\/\\\/fesfestival.com\\\/2026-\\\/#\\\/schema\\\/logo\\\/image\\\/\"}}]}<\/script>\n<!-- \/ Yoast SEO plugin. -->","yoast_head_json":{"title":"L'Antidote \u2013 Chemirani, Khalif\u00e9, Hasa - Esprit de F\u00e8s","robots":{"index":"index","follow":"follow","max-snippet":"max-snippet:-1","max-image-preview":"max-image-preview:large","max-video-preview":"max-video-preview:-1"},"canonical":"https:\/\/fesfestival.com\/2026-\/product\/lantidote-chemirani-khalife-hasa\/","og_locale":"fr_FR","og_type":"article","og_title":"L'Antidote \u2013 Chemirani, Khalif\u00e9, Hasa - Esprit de F\u00e8s","og_description":"Vendredi 5 Juin \u2013 18:00 \u2013 Jardin Jnan Sbil","og_url":"https:\/\/fesfestival.com\/2026-\/product\/lantidote-chemirani-khalife-hasa\/","og_site_name":"Esprit de F\u00e8s","article_modified_time":"2026-05-08T13:18:51+00:00","og_image":[{"width":2560,"height":1707,"url":"https:\/\/fesfestival.com\/2026-\/wp-content\/uploads\/2026\/03\/TRIO-58-scaled.jpg","type":"image\/jpeg"}],"twitter_card":"summary_large_image","twitter_misc":{"Dur\u00e9e de lecture estim\u00e9e":"1 minute"},"schema":{"@context":"https:\/\/schema.org","@graph":[{"@type":"WebPage","@id":"https:\/\/fesfestival.com\/2026-\/product\/lantidote-chemirani-khalife-hasa\/","url":"https:\/\/fesfestival.com\/2026-\/product\/lantidote-chemirani-khalife-hasa\/","name":"L'Antidote \u2013 Chemirani, Khalif\u00e9, Hasa - Esprit de F\u00e8s","isPartOf":{"@id":"https:\/\/fesfestival.com\/2026-\/#website"},"primaryImageOfPage":{"@id":"https:\/\/fesfestival.com\/2026-\/product\/lantidote-chemirani-khalife-hasa\/#primaryimage"},"image":{"@id":"https:\/\/fesfestival.com\/2026-\/product\/lantidote-chemirani-khalife-hasa\/#primaryimage"},"thumbnailUrl":"https:\/\/fesfestival.com\/2026-\/wp-content\/uploads\/2026\/03\/TRIO-58-scaled.jpg","datePublished":"2026-03-22T19:42:54+00:00","dateModified":"2026-05-08T13:18:51+00:00","breadcrumb":{"@id":"https:\/\/fesfestival.com\/2026-\/product\/lantidote-chemirani-khalife-hasa\/#breadcrumb"},"inLanguage":"fr-FR","potentialAction":[{"@type":"ReadAction","target":["https:\/\/fesfestival.com\/2026-\/product\/lantidote-chemirani-khalife-hasa\/"]}]},{"@type":"ImageObject","inLanguage":"fr-FR","@id":"https:\/\/fesfestival.com\/2026-\/product\/lantidote-chemirani-khalife-hasa\/#primaryimage","url":"https:\/\/fesfestival.com\/2026-\/wp-content\/uploads\/2026\/03\/TRIO-58-scaled.jpg","contentUrl":"https:\/\/fesfestival.com\/2026-\/wp-content\/uploads\/2026\/03\/TRIO-58-scaled.jpg","width":2560,"height":1707},{"@type":"BreadcrumbList","@id":"https:\/\/fesfestival.com\/2026-\/product\/lantidote-chemirani-khalife-hasa\/#breadcrumb","itemListElement":[{"@type":"ListItem","position":1,"name":"Accueil","item":"https:\/\/fesfestival.com\/2026-\/"},{"@type":"ListItem","position":2,"name":"Shop","item":"https:\/\/fesfestival.com\/2026-\/shop\/"},{"@type":"ListItem","position":3,"name":"L&#8217;Antidote \u2013 Chemirani, Khalif\u00e9, Hasa"}]},{"@type":"WebSite","@id":"https:\/\/fesfestival.com\/2026-\/#website","url":"https:\/\/fesfestival.com\/2026-\/","name":"Esprit de F\u00e8s","description":"F\u00e8s Festival Music Sacr\u00e9e","publisher":{"@id":"https:\/\/fesfestival.com\/2026-\/#organization"},"potentialAction":[{"@type":"SearchAction","target":{"@type":"EntryPoint","urlTemplate":"https:\/\/fesfestival.com\/2026-\/?s={search_term_string}"},"query-input":{"@type":"PropertyValueSpecification","valueRequired":true,"valueName":"search_term_string"}}],"inLanguage":"fr-FR"},{"@type":"Organization","@id":"https:\/\/fesfestival.com\/2026-\/#organization","name":"Esprit de F\u00e8s","url":"https:\/\/fesfestival.com\/2026-\/","logo":{"@type":"ImageObject","inLanguage":"fr-FR","@id":"https:\/\/fesfestival.com\/2026-\/#\/schema\/logo\/image\/","url":"https:\/\/fesfestival.com\/2026-\/wp-content\/uploads\/2026\/03\/Logo_blue-scaled.png","contentUrl":"https:\/\/fesfestival.com\/2026-\/wp-content\/uploads\/2026\/03\/Logo_blue-scaled.png","width":2560,"height":1032,"caption":"Esprit de F\u00e8s"},"image":{"@id":"https:\/\/fesfestival.com\/2026-\/#\/schema\/logo\/image\/"}}]}},"jetpack_sharing_enabled":true,"_links":{"self":[{"href":"https:\/\/fesfestival.com\/2026-\/wp-json\/wp\/v2\/product\/3133","targetHints":{"allow":["GET"]}}],"collection":[{"href":"https:\/\/fesfestival.com\/2026-\/wp-json\/wp\/v2\/product"}],"about":[{"href":"https:\/\/fesfestival.com\/2026-\/wp-json\/wp\/v2\/types\/product"}],"replies":[{"embeddable":true,"href":"https:\/\/fesfestival.com\/2026-\/wp-json\/wp\/v2\/comments?post=3133"}],"version-history":[{"count":5,"href":"https:\/\/fesfestival.com\/2026-\/wp-json\/wp\/v2\/product\/3133\/revisions"}],"predecessor-version":[{"id":3768,"href":"https:\/\/fesfestival.com\/2026-\/wp-json\/wp\/v2\/product\/3133\/revisions\/3768"}],"wp:featuredmedia":[{"embeddable":true,"href":"https:\/\/fesfestival.com\/2026-\/wp-json\/wp\/v2\/media\/3460"}],"wp:attachment":[{"href":"https:\/\/fesfestival.com\/2026-\/wp-json\/wp\/v2\/media?parent=3133"}],"wp:term":[{"taxonomy":"product_brand","embeddable":true,"href":"https:\/\/fesfestival.com\/2026-\/wp-json\/wp\/v2\/product_brand?post=3133"},{"taxonomy":"product_cat","embeddable":true,"href":"https:\/\/fesfestival.com\/2026-\/wp-json\/wp\/v2\/product_cat?post=3133"},{"taxonomy":"product_tag","embeddable":true,"href":"https:\/\/fesfestival.com\/2026-\/wp-json\/wp\/v2\/product_tag?post=3133"}],"curies":[{"name":"wp","href":"https:\/\/api.w.org\/{rel}","templated":true}]}}