{"id":3132,"date":"2026-03-22T20:42:54","date_gmt":"2026-03-22T19:42:54","guid":{"rendered":"https:\/\/fesfestival.com\/2026-\/product\/ticket-un-matin-poetique-niamh-bury-chants-dirlande\/"},"modified":"2026-04-18T19:35:33","modified_gmt":"2026-04-18T17:35:33","slug":"ticket-un-matin-poetique-niamh-bury-chants-dirlande","status":"publish","type":"product","link":"https:\/\/fesfestival.com\/2026-\/product\/ticket-un-matin-poetique-niamh-bury-chants-dirlande\/","title":{"rendered":"Un matin po\u00e9tique \u2013 Niamh Bury, Chants d&#8217;Irlande"},"content":{"rendered":"<p><strong>\ud83d\udcc5 Vendredi 5 Juin 2026<\/strong> | <strong>\ud83d\udd50 10:00<\/strong> | <strong>\ud83d\udccd Salle prefecture (en face mus\u00e9e Batha)<\/strong><\/p>\n<p>Niamh Bury est aujourd\u2019hui l&#8217;une des chanteuses les plus captivantes de la nouvelle sc\u00e8ne folk irlandaise. La profondeur et le timbre singulier de sa voix lui ont permis de collaborer avec des artistes notoires comme Ye Vagabonds.<\/p>\n<p>Elle est aussi l&#8217;une des principales organisatrices de la c\u00e9l\u00e8bre session de chant traditionnel\u00a0<em>The Night Before Larry Got Stretched<\/em>, au Cobblestone, pub de Dublin dont les fondateurs sont connus pour \u00eatre des membres de Lankum et Landless. Son album <em>Yellow Roses<\/em>\u00a0est devenu une r\u00e9f\u00e9rence pour le c\u00e9l\u00e8bre magazine anglais Mojo.<\/p>\n<p>Niamh Bury refl\u00e8te l\u2019esprit m\u00eame d\u2019une musique folk originale, peupl\u00e9e de contes, d\u2019images et d\u2019\u00e9motions, d\u00e9clinant autant de facettes d\u2019un v\u00e9cu int\u00e9rieur. C\u2019est pour cette raison, qu\u2019\u00e0 ses d\u00e9buts, Bob Dylan f\u00fbt fascin\u00e9 par ce genre musical, avant qu\u2019il ne le sublime lui-m\u00eame.<\/p>\n<p><em>\u00ab\u00a0La musique folk \u00e9tait une r\u00e9alit\u00e9 d&#8217;une dimension plus brillante. Elle d\u00e9passait toute compr\u00e9hension humaine et vous interpellait, vous pouviez dispara\u00eetre et \u00eatre aspir\u00e9 par elle. Je me sentais chez moi dans ce royaume mystique compos\u00e9 non pas tant d&#8217;individus que d&#8217;arch\u00e9types, d&#8217;arch\u00e9types vivants de l&#8217;humanit\u00e9, de forme m\u00e9taphysique, chacun rude, intense et rempli d&#8217;une connaissance naturelle et d&#8217;une sagesse int\u00e9rieure. Chacun exigeant un certain respect. Je pouvais croire en tout cela et chanter \u00e0 ce sujet. C&#8217;\u00e9tait si r\u00e9el, si plus vrai que la vie elle-m\u00eame. C&#8217;\u00e9tait la vie magnifi\u00e9e. \u00bb <\/em><\/p>\n<p><em>\u00a0Chronicles vol. I \u2013 Bob Dylan <\/em><\/p>\n<p>&nbsp;<\/p>\n","protected":false},"excerpt":{"rendered":"<p>Vendredi 5 Juin \u2013 10:30 \u2013 Salle prefecture (en face mus\u00e9e Batha).<\/p>\n","protected":false},"featured_media":3086,"comment_status":"closed","ping_status":"closed","template":"","meta":[],"product_brand":[],"product_cat":[105,102],"product_tag":[],"class_list":{"0":"post-3132","1":"product","2":"type-product","3":"status-publish","4":"has-post-thumbnail","6":"product_cat-salle-prefecture-en-face-musee-batha","7":"product_cat-tickets-festival","9":"first","10":"instock","11":"virtual","12":"purchasable","13":"product-type-simple"},"jetpack_sharing_enabled":true,"_links":{"self":[{"href":"https:\/\/fesfestival.com\/2026-\/wp-json\/wp\/v2\/product\/3132","targetHints":{"allow":["GET"]}}],"collection":[{"href":"https:\/\/fesfestival.com\/2026-\/wp-json\/wp\/v2\/product"}],"about":[{"href":"https:\/\/fesfestival.com\/2026-\/wp-json\/wp\/v2\/types\/product"}],"replies":[{"embeddable":true,"href":"https:\/\/fesfestival.com\/2026-\/wp-json\/wp\/v2\/comments?post=3132"}],"version-history":[{"count":8,"href":"https:\/\/fesfestival.com\/2026-\/wp-json\/wp\/v2\/product\/3132\/revisions"}],"predecessor-version":[{"id":3715,"href":"https:\/\/fesfestival.com\/2026-\/wp-json\/wp\/v2\/product\/3132\/revisions\/3715"}],"wp:featuredmedia":[{"embeddable":true,"href":"https:\/\/fesfestival.com\/2026-\/wp-json\/wp\/v2\/media\/3086"}],"wp:attachment":[{"href":"https:\/\/fesfestival.com\/2026-\/wp-json\/wp\/v2\/media?parent=3132"}],"wp:term":[{"taxonomy":"product_brand","embeddable":true,"href":"https:\/\/fesfestival.com\/2026-\/wp-json\/wp\/v2\/product_brand?post=3132"},{"taxonomy":"product_cat","embeddable":true,"href":"https:\/\/fesfestival.com\/2026-\/wp-json\/wp\/v2\/product_cat?post=3132"},{"taxonomy":"product_tag","embeddable":true,"href":"https:\/\/fesfestival.com\/2026-\/wp-json\/wp\/v2\/product_tag?post=3132"}],"curies":[{"name":"wp","href":"https:\/\/api.w.org\/{rel}","templated":true}]}}