{"id":3129,"date":"2026-03-22T20:42:54","date_gmt":"2026-03-22T19:42:54","guid":{"rendered":"https:\/\/fesfestival.com\/2026-\/product\/pass-festival-complet-esprit-de-fes-2026\/"},"modified":"2026-05-12T16:32:12","modified_gmt":"2026-05-12T14:32:12","slug":"pass-festival-complet-esprit-de-fes-2026","status":"publish","type":"product","link":"https:\/\/fesfestival.com\/2026-\/product\/pass-festival-complet-esprit-de-fes-2026\/","title":{"rendered":"Pass Festival Complet \u2013 Esprit de F\u00e8s 2026"},"content":{"rendered":"<p>Acc\u00e8s \u00e0 tous les concerts et \u00e9v\u00e9nements du Festival Esprit de F\u00e8s 2026, du 4 au 7 juin 2026. Inclut l&#8217;acc\u00e8s aux concerts de Bab Al Makina, Jardin Jnan Sbil, et les matins po\u00e9tiques dans la M\u00e9dina.<\/p>\n<h4>Inclus :<\/h4>\n<ul>\n<li>Acc\u00e8s au zone S<\/li>\n<li>18 concerts et spectacles<\/li>\n<li>Acc\u00e8s prioritaire aux places assises<\/li>\n<li>Programme officiel du festival<\/li>\n<\/ul>\n","protected":false},"excerpt":{"rendered":"<p>Acc\u00e8s illimit\u00e9 \u00e0 tous les concerts et \u00e9v\u00e9nements du Festival Esprit de F\u00e8s 2026 (4-7 juin)<\/p>\n","protected":false},"featured_media":3769,"comment_status":"closed","ping_status":"closed","template":"","meta":[],"product_brand":[],"product_cat":[102],"product_tag":[],"class_list":{"0":"post-3129","1":"product","2":"type-product","3":"status-publish","4":"has-post-thumbnail","6":"product_cat-tickets-festival","8":"first","9":"instock","10":"virtual","11":"purchasable","12":"product-type-simple"},"yoast_head":"<!-- This site is optimized with the Yoast SEO plugin v27.5 - https:\/\/yoast.com\/product\/yoast-seo-wordpress\/ -->\n<title>Pass Festival Complet \u2013 Esprit de F\u00e8s 2026 - Esprit de F\u00e8s<\/title>\n<meta name=\"robots\" content=\"index, follow, max-snippet:-1, max-image-preview:large, max-video-preview:-1\" \/>\n<link rel=\"canonical\" href=\"https:\/\/fesfestival.com\/2026-\/product\/pass-festival-complet-esprit-de-fes-2026\/\" \/>\n<meta property=\"og:locale\" content=\"fr_FR\" \/>\n<meta property=\"og:type\" content=\"article\" \/>\n<meta property=\"og:title\" content=\"Pass Festival Complet \u2013 Esprit de F\u00e8s 2026 - Esprit de F\u00e8s\" \/>\n<meta property=\"og:description\" content=\"Acc\u00e8s illimit\u00e9 \u00e0 tous les concerts et \u00e9v\u00e9nements du Festival Esprit de F\u00e8s 2026 (4-7 juin)\" \/>\n<meta property=\"og:url\" content=\"https:\/\/fesfestival.com\/2026-\/product\/pass-festival-complet-esprit-de-fes-2026\/\" \/>\n<meta property=\"og:site_name\" content=\"Esprit de F\u00e8s\" \/>\n<meta property=\"article:modified_time\" content=\"2026-05-12T14:32:12+00:00\" \/>\n<meta property=\"og:image\" content=\"https:\/\/fesfestival.com\/2026-\/wp-content\/uploads\/2026\/03\/bronze-web.jpg\" \/>\n\t<meta property=\"og:image:width\" content=\"1299\" \/>\n\t<meta property=\"og:image:height\" content=\"1890\" \/>\n\t<meta property=\"og:image:type\" content=\"image\/jpeg\" \/>\n<meta name=\"twitter:card\" content=\"summary_large_image\" \/>\n<script type=\"application\/ld+json\" class=\"yoast-schema-graph\">{\"@context\":\"https:\\\/\\\/schema.org\",\"@graph\":[{\"@type\":\"WebPage\",\"@id\":\"https:\\\/\\\/fesfestival.com\\\/2026-\\\/product\\\/pass-festival-complet-esprit-de-fes-2026\\\/\",\"url\":\"https:\\\/\\\/fesfestival.com\\\/2026-\\\/product\\\/pass-festival-complet-esprit-de-fes-2026\\\/\",\"name\":\"Pass Festival Complet \u2013 Esprit de F\u00e8s 2026 - Esprit de F\u00e8s\",\"isPartOf\":{\"@id\":\"https:\\\/\\\/fesfestival.com\\\/2026-\\\/#website\"},\"primaryImageOfPage\":{\"@id\":\"https:\\\/\\\/fesfestival.com\\\/2026-\\\/product\\\/pass-festival-complet-esprit-de-fes-2026\\\/#primaryimage\"},\"image\":{\"@id\":\"https:\\\/\\\/fesfestival.com\\\/2026-\\\/product\\\/pass-festival-complet-esprit-de-fes-2026\\\/#primaryimage\"},\"thumbnailUrl\":\"https:\\\/\\\/fesfestival.com\\\/2026-\\\/wp-content\\\/uploads\\\/2026\\\/03\\\/bronze-web.jpg\",\"datePublished\":\"2026-03-22T19:42:54+00:00\",\"dateModified\":\"2026-05-12T14:32:12+00:00\",\"breadcrumb\":{\"@id\":\"https:\\\/\\\/fesfestival.com\\\/2026-\\\/product\\\/pass-festival-complet-esprit-de-fes-2026\\\/#breadcrumb\"},\"inLanguage\":\"fr-FR\",\"potentialAction\":[{\"@type\":\"ReadAction\",\"target\":[\"https:\\\/\\\/fesfestival.com\\\/2026-\\\/product\\\/pass-festival-complet-esprit-de-fes-2026\\\/\"]}]},{\"@type\":\"ImageObject\",\"inLanguage\":\"fr-FR\",\"@id\":\"https:\\\/\\\/fesfestival.com\\\/2026-\\\/product\\\/pass-festival-complet-esprit-de-fes-2026\\\/#primaryimage\",\"url\":\"https:\\\/\\\/fesfestival.com\\\/2026-\\\/wp-content\\\/uploads\\\/2026\\\/03\\\/bronze-web.jpg\",\"contentUrl\":\"https:\\\/\\\/fesfestival.com\\\/2026-\\\/wp-content\\\/uploads\\\/2026\\\/03\\\/bronze-web.jpg\",\"width\":1299,\"height\":1890},{\"@type\":\"BreadcrumbList\",\"@id\":\"https:\\\/\\\/fesfestival.com\\\/2026-\\\/product\\\/pass-festival-complet-esprit-de-fes-2026\\\/#breadcrumb\",\"itemListElement\":[{\"@type\":\"ListItem\",\"position\":1,\"name\":\"Accueil\",\"item\":\"https:\\\/\\\/fesfestival.com\\\/2026-\\\/\"},{\"@type\":\"ListItem\",\"position\":2,\"name\":\"Shop\",\"item\":\"https:\\\/\\\/fesfestival.com\\\/2026-\\\/shop\\\/\"},{\"@type\":\"ListItem\",\"position\":3,\"name\":\"Pass Festival Complet \u2013 Esprit de F\u00e8s 2026\"}]},{\"@type\":\"WebSite\",\"@id\":\"https:\\\/\\\/fesfestival.com\\\/2026-\\\/#website\",\"url\":\"https:\\\/\\\/fesfestival.com\\\/2026-\\\/\",\"name\":\"Esprit de F\u00e8s\",\"description\":\"F\u00e8s Festival Music Sacr\u00e9e\",\"publisher\":{\"@id\":\"https:\\\/\\\/fesfestival.com\\\/2026-\\\/#organization\"},\"potentialAction\":[{\"@type\":\"SearchAction\",\"target\":{\"@type\":\"EntryPoint\",\"urlTemplate\":\"https:\\\/\\\/fesfestival.com\\\/2026-\\\/?s={search_term_string}\"},\"query-input\":{\"@type\":\"PropertyValueSpecification\",\"valueRequired\":true,\"valueName\":\"search_term_string\"}}],\"inLanguage\":\"fr-FR\"},{\"@type\":\"Organization\",\"@id\":\"https:\\\/\\\/fesfestival.com\\\/2026-\\\/#organization\",\"name\":\"Esprit de F\u00e8s\",\"url\":\"https:\\\/\\\/fesfestival.com\\\/2026-\\\/\",\"logo\":{\"@type\":\"ImageObject\",\"inLanguage\":\"fr-FR\",\"@id\":\"https:\\\/\\\/fesfestival.com\\\/2026-\\\/#\\\/schema\\\/logo\\\/image\\\/\",\"url\":\"https:\\\/\\\/fesfestival.com\\\/2026-\\\/wp-content\\\/uploads\\\/2026\\\/03\\\/Logo_blue-scaled.png\",\"contentUrl\":\"https:\\\/\\\/fesfestival.com\\\/2026-\\\/wp-content\\\/uploads\\\/2026\\\/03\\\/Logo_blue-scaled.png\",\"width\":2560,\"height\":1032,\"caption\":\"Esprit de F\u00e8s\"},\"image\":{\"@id\":\"https:\\\/\\\/fesfestival.com\\\/2026-\\\/#\\\/schema\\\/logo\\\/image\\\/\"}}]}<\/script>\n<!-- \/ Yoast SEO plugin. -->","yoast_head_json":{"title":"Pass Festival Complet \u2013 Esprit de F\u00e8s 2026 - Esprit de F\u00e8s","robots":{"index":"index","follow":"follow","max-snippet":"max-snippet:-1","max-image-preview":"max-image-preview:large","max-video-preview":"max-video-preview:-1"},"canonical":"https:\/\/fesfestival.com\/2026-\/product\/pass-festival-complet-esprit-de-fes-2026\/","og_locale":"fr_FR","og_type":"article","og_title":"Pass Festival Complet \u2013 Esprit de F\u00e8s 2026 - Esprit de F\u00e8s","og_description":"Acc\u00e8s illimit\u00e9 \u00e0 tous les concerts et \u00e9v\u00e9nements du Festival Esprit de F\u00e8s 2026 (4-7 juin)","og_url":"https:\/\/fesfestival.com\/2026-\/product\/pass-festival-complet-esprit-de-fes-2026\/","og_site_name":"Esprit de F\u00e8s","article_modified_time":"2026-05-12T14:32:12+00:00","og_image":[{"width":1299,"height":1890,"url":"https:\/\/fesfestival.com\/2026-\/wp-content\/uploads\/2026\/03\/bronze-web.jpg","type":"image\/jpeg"}],"twitter_card":"summary_large_image","schema":{"@context":"https:\/\/schema.org","@graph":[{"@type":"WebPage","@id":"https:\/\/fesfestival.com\/2026-\/product\/pass-festival-complet-esprit-de-fes-2026\/","url":"https:\/\/fesfestival.com\/2026-\/product\/pass-festival-complet-esprit-de-fes-2026\/","name":"Pass Festival Complet \u2013 Esprit de F\u00e8s 2026 - Esprit de F\u00e8s","isPartOf":{"@id":"https:\/\/fesfestival.com\/2026-\/#website"},"primaryImageOfPage":{"@id":"https:\/\/fesfestival.com\/2026-\/product\/pass-festival-complet-esprit-de-fes-2026\/#primaryimage"},"image":{"@id":"https:\/\/fesfestival.com\/2026-\/product\/pass-festival-complet-esprit-de-fes-2026\/#primaryimage"},"thumbnailUrl":"https:\/\/fesfestival.com\/2026-\/wp-content\/uploads\/2026\/03\/bronze-web.jpg","datePublished":"2026-03-22T19:42:54+00:00","dateModified":"2026-05-12T14:32:12+00:00","breadcrumb":{"@id":"https:\/\/fesfestival.com\/2026-\/product\/pass-festival-complet-esprit-de-fes-2026\/#breadcrumb"},"inLanguage":"fr-FR","potentialAction":[{"@type":"ReadAction","target":["https:\/\/fesfestival.com\/2026-\/product\/pass-festival-complet-esprit-de-fes-2026\/"]}]},{"@type":"ImageObject","inLanguage":"fr-FR","@id":"https:\/\/fesfestival.com\/2026-\/product\/pass-festival-complet-esprit-de-fes-2026\/#primaryimage","url":"https:\/\/fesfestival.com\/2026-\/wp-content\/uploads\/2026\/03\/bronze-web.jpg","contentUrl":"https:\/\/fesfestival.com\/2026-\/wp-content\/uploads\/2026\/03\/bronze-web.jpg","width":1299,"height":1890},{"@type":"BreadcrumbList","@id":"https:\/\/fesfestival.com\/2026-\/product\/pass-festival-complet-esprit-de-fes-2026\/#breadcrumb","itemListElement":[{"@type":"ListItem","position":1,"name":"Accueil","item":"https:\/\/fesfestival.com\/2026-\/"},{"@type":"ListItem","position":2,"name":"Shop","item":"https:\/\/fesfestival.com\/2026-\/shop\/"},{"@type":"ListItem","position":3,"name":"Pass Festival Complet \u2013 Esprit de F\u00e8s 2026"}]},{"@type":"WebSite","@id":"https:\/\/fesfestival.com\/2026-\/#website","url":"https:\/\/fesfestival.com\/2026-\/","name":"Esprit de F\u00e8s","description":"F\u00e8s Festival Music Sacr\u00e9e","publisher":{"@id":"https:\/\/fesfestival.com\/2026-\/#organization"},"potentialAction":[{"@type":"SearchAction","target":{"@type":"EntryPoint","urlTemplate":"https:\/\/fesfestival.com\/2026-\/?s={search_term_string}"},"query-input":{"@type":"PropertyValueSpecification","valueRequired":true,"valueName":"search_term_string"}}],"inLanguage":"fr-FR"},{"@type":"Organization","@id":"https:\/\/fesfestival.com\/2026-\/#organization","name":"Esprit de F\u00e8s","url":"https:\/\/fesfestival.com\/2026-\/","logo":{"@type":"ImageObject","inLanguage":"fr-FR","@id":"https:\/\/fesfestival.com\/2026-\/#\/schema\/logo\/image\/","url":"https:\/\/fesfestival.com\/2026-\/wp-content\/uploads\/2026\/03\/Logo_blue-scaled.png","contentUrl":"https:\/\/fesfestival.com\/2026-\/wp-content\/uploads\/2026\/03\/Logo_blue-scaled.png","width":2560,"height":1032,"caption":"Esprit de F\u00e8s"},"image":{"@id":"https:\/\/fesfestival.com\/2026-\/#\/schema\/logo\/image\/"}}]}},"jetpack_sharing_enabled":true,"_links":{"self":[{"href":"https:\/\/fesfestival.com\/2026-\/wp-json\/wp\/v2\/product\/3129","targetHints":{"allow":["GET"]}}],"collection":[{"href":"https:\/\/fesfestival.com\/2026-\/wp-json\/wp\/v2\/product"}],"about":[{"href":"https:\/\/fesfestival.com\/2026-\/wp-json\/wp\/v2\/types\/product"}],"replies":[{"embeddable":true,"href":"https:\/\/fesfestival.com\/2026-\/wp-json\/wp\/v2\/comments?post=3129"}],"version-history":[{"count":3,"href":"https:\/\/fesfestival.com\/2026-\/wp-json\/wp\/v2\/product\/3129\/revisions"}],"predecessor-version":[{"id":3621,"href":"https:\/\/fesfestival.com\/2026-\/wp-json\/wp\/v2\/product\/3129\/revisions\/3621"}],"wp:featuredmedia":[{"embeddable":true,"href":"https:\/\/fesfestival.com\/2026-\/wp-json\/wp\/v2\/media\/3769"}],"wp:attachment":[{"href":"https:\/\/fesfestival.com\/2026-\/wp-json\/wp\/v2\/media?parent=3129"}],"wp:term":[{"taxonomy":"product_brand","embeddable":true,"href":"https:\/\/fesfestival.com\/2026-\/wp-json\/wp\/v2\/product_brand?post=3129"},{"taxonomy":"product_cat","embeddable":true,"href":"https:\/\/fesfestival.com\/2026-\/wp-json\/wp\/v2\/product_cat?post=3129"},{"taxonomy":"product_tag","embeddable":true,"href":"https:\/\/fesfestival.com\/2026-\/wp-json\/wp\/v2\/product_tag?post=3129"}],"curies":[{"name":"wp","href":"https:\/\/api.w.org\/{rel}","templated":true}]}}