{"id":5017,"date":"2026-05-14T13:37:32","date_gmt":"2026-05-14T11:37:32","guid":{"rendered":"https:\/\/fesfestival.com\/2026-\/?page_id=5017"},"modified":"2026-05-14T13:42:56","modified_gmt":"2026-05-14T11:42:56","slug":"plan-dacces","status":"publish","type":"page","link":"https:\/\/fesfestival.com\/2026-\/plan-dacces\/","title":{"rendered":"Plan d\u2019acc\u00e8s"},"content":{"rendered":"\t\t<div data-elementor-type=\"wp-page\" data-elementor-id=\"5017\" class=\"elementor elementor-5017\">\n\t\t\t\t\t\t<section class=\"elementor-section elementor-top-section elementor-element elementor-element-5b238e42 elementor-section-height-min-height elementor-section-boxed elementor-section-height-default elementor-section-items-middle\" data-id=\"5b238e42\" data-element_type=\"section\" data-e-type=\"section\">\n\t\t\t\t\t\t<div class=\"elementor-container elementor-column-gap-default\">\n\t\t\t\t\t<div class=\"elementor-column elementor-col-100 elementor-top-column elementor-element elementor-element-25e3daac\" data-id=\"25e3daac\" data-element_type=\"column\" data-e-type=\"column\">\n\t\t\t<div class=\"elementor-widget-wrap elementor-element-populated\">\n\t\t\t\t\t\t<div class=\"elementor-element elementor-element-2536e08f elementor-widget elementor-widget-text-editor\" data-id=\"2536e08f\" data-element_type=\"widget\" data-e-type=\"widget\" data-widget_type=\"text-editor.default\">\n\t\t\t\t<div class=\"elementor-widget-container\">\n\t\t\t\t\t\t\t\t\t<h3><strong>Afin de faciliter votre acc\u00e8s au site de Bab Al Makina, nous vous invitons \u00e0 consulter le plan d\u2019acc\u00e8s d\u00e9taill\u00e9 du Festival des Musiques Sacr\u00e9es du Monde.<\/strong><\/h3>\t\t\t\t\t\t\t\t<\/div>\n\t\t\t\t<\/div>\n\t\t\t\t\t<\/div>\n\t\t<\/div>\n\t\t\t\t\t<\/div>\n\t\t<\/section>\n\t\t\t\t<section class=\"elementor-section elementor-top-section elementor-element elementor-element-4540b1ff elementor-section-full_width elementor-section-height-default elementor-section-height-default\" data-id=\"4540b1ff\" data-element_type=\"section\" data-e-type=\"section\">\n\t\t\t\t\t\t<div class=\"elementor-container elementor-column-gap-default\">\n\t\t\t\t\t<div class=\"elementor-column elementor-col-100 elementor-top-column elementor-element elementor-element-1ae4704c\" data-id=\"1ae4704c\" data-element_type=\"column\" data-e-type=\"column\">\n\t\t\t<div class=\"elementor-widget-wrap elementor-element-populated\">\n\t\t\t\t\t\t<div class=\"elementor-element elementor-element-640ab03a gallery-spacing-custom elementor-widget elementor-widget-image-gallery\" data-id=\"640ab03a\" data-element_type=\"widget\" data-e-type=\"widget\" data-widget_type=\"image-gallery.default\">\n\t\t\t\t<div class=\"elementor-widget-container\">\n\t\t\t\t\t\t\t<div class=\"elementor-image-gallery\">\n\t\t\t<div id='gallery-1' class='gallery galleryid-5017 gallery-columns-1 gallery-size-full'><figure class='gallery-item'>\n\t\t\t<div class='gallery-icon portrait'>\n\t\t\t\t<a data-elementor-open-lightbox=\"yes\" data-elementor-lightbox-slideshow=\"640ab03a\" data-e-action-hash=\"#elementor-action%3Aaction%3Dlightbox%26settings%3DeyJpZCI6NTAyOCwidXJsIjoiaHR0cHM6XC9cL2Zlc2Zlc3RpdmFsLmNvbVwvMjAyNi1cL3dwLWNvbnRlbnRcL3VwbG9hZHNcLzIwMjZcLzA1XC9QbGFuLWRhY2Nlcy1zY2FsZWQuanBnIiwic2xpZGVzaG93IjoiNjQwYWIwM2EifQ%3D%3D\" href='https:\/\/fesfestival.com\/2026-\/wp-content\/uploads\/2026\/05\/Plan-dacces-scaled.jpg'><img fetchpriority=\"high\" decoding=\"async\" width=\"2256\" height=\"2560\" src=\"https:\/\/fesfestival.com\/2026-\/wp-content\/uploads\/2026\/05\/Plan-dacces-scaled.jpg\" class=\"attachment-full size-full\" alt=\"\" srcset=\"https:\/\/fesfestival.com\/2026-\/wp-content\/uploads\/2026\/05\/Plan-dacces-scaled.jpg 2256w, https:\/\/fesfestival.com\/2026-\/wp-content\/uploads\/2026\/05\/Plan-dacces-264x300.jpg 264w, https:\/\/fesfestival.com\/2026-\/wp-content\/uploads\/2026\/05\/Plan-dacces-902x1024.jpg 902w, https:\/\/fesfestival.com\/2026-\/wp-content\/uploads\/2026\/05\/Plan-dacces-1354x1536.jpg 1354w, https:\/\/fesfestival.com\/2026-\/wp-content\/uploads\/2026\/05\/Plan-dacces-1805x2048.jpg 1805w, https:\/\/fesfestival.com\/2026-\/wp-content\/uploads\/2026\/05\/Plan-dacces-600x681.jpg 600w\" sizes=\"(max-width: 2256px) 100vw, 2256px\" \/><\/a>\n\t\t\t<\/div><\/figure>\n\t\t<\/div>\n\t\t<\/div>\n\t\t\t\t\t\t<\/div>\n\t\t\t\t<\/div>\n\t\t\t\t\t<\/div>\n\t\t<\/div>\n\t\t\t\t\t<\/div>\n\t\t<\/section>\n\t\t\t\t<\/div>\n\t\t","protected":false},"excerpt":{"rendered":"<p>Afin de faciliter votre acc\u00e8s au site de Bab Al Makina, nous vous invitons \u00e0 consulter le plan d\u2019acc\u00e8s d\u00e9taill\u00e9 du Festival des Musiques Sacr\u00e9es du Monde.<\/p>\n","protected":false},"author":1,"featured_media":0,"parent":0,"menu_order":0,"comment_status":"closed","ping_status":"closed","template":"","meta":{"footnotes":""},"class_list":["post-5017","page","type-page","status-publish","hentry"],"yoast_head":"<!-- This site is optimized with the Yoast SEO plugin v27.5 - https:\/\/yoast.com\/product\/yoast-seo-wordpress\/ -->\n<title>Plan d\u2019acc\u00e8s - Esprit de F\u00e8s<\/title>\n<meta name=\"robots\" content=\"index, follow, max-snippet:-1, max-image-preview:large, max-video-preview:-1\" \/>\n<link rel=\"canonical\" href=\"https:\/\/fesfestival.com\/2026-\/plan-dacces\/\" \/>\n<meta property=\"og:locale\" content=\"fr_FR\" \/>\n<meta property=\"og:type\" content=\"article\" \/>\n<meta property=\"og:title\" content=\"Plan d\u2019acc\u00e8s - Esprit de F\u00e8s\" \/>\n<meta property=\"og:description\" content=\"Afin de faciliter votre acc\u00e8s au site de Bab Al Makina, nous vous invitons \u00e0 consulter le plan d\u2019acc\u00e8s d\u00e9taill\u00e9 du Festival des Musiques Sacr\u00e9es du Monde.\" \/>\n<meta property=\"og:url\" content=\"https:\/\/fesfestival.com\/2026-\/plan-dacces\/\" \/>\n<meta property=\"og:site_name\" content=\"Esprit de F\u00e8s\" \/>\n<meta property=\"article:modified_time\" content=\"2026-05-14T11:42:56+00:00\" \/>\n<meta property=\"og:image\" content=\"https:\/\/fesfestival.com\/2026-\/wp-content\/uploads\/2026\/05\/Plan-dacces-scaled.jpg\" \/>\n<meta name=\"twitter:card\" content=\"summary_large_image\" \/>\n<meta name=\"twitter:label1\" content=\"Dur\u00e9e de lecture estim\u00e9e\" \/>\n\t<meta name=\"twitter:data1\" content=\"1 minute\" \/>\n<script type=\"application\/ld+json\" class=\"yoast-schema-graph\">{\"@context\":\"https:\\\/\\\/schema.org\",\"@graph\":[{\"@type\":\"WebPage\",\"@id\":\"https:\\\/\\\/fesfestival.com\\\/2026-\\\/plan-dacces\\\/\",\"url\":\"https:\\\/\\\/fesfestival.com\\\/2026-\\\/plan-dacces\\\/\",\"name\":\"Plan d\u2019acc\u00e8s - Esprit de F\u00e8s\",\"isPartOf\":{\"@id\":\"https:\\\/\\\/fesfestival.com\\\/2026-\\\/#website\"},\"primaryImageOfPage\":{\"@id\":\"https:\\\/\\\/fesfestival.com\\\/2026-\\\/plan-dacces\\\/#primaryimage\"},\"image\":{\"@id\":\"https:\\\/\\\/fesfestival.com\\\/2026-\\\/plan-dacces\\\/#primaryimage\"},\"thumbnailUrl\":\"https:\\\/\\\/fesfestival.com\\\/2026-\\\/wp-content\\\/uploads\\\/2026\\\/05\\\/Plan-dacces-scaled.jpg\",\"datePublished\":\"2026-05-14T11:37:32+00:00\",\"dateModified\":\"2026-05-14T11:42:56+00:00\",\"breadcrumb\":{\"@id\":\"https:\\\/\\\/fesfestival.com\\\/2026-\\\/plan-dacces\\\/#breadcrumb\"},\"inLanguage\":\"fr-FR\",\"potentialAction\":[{\"@type\":\"ReadAction\",\"target\":[\"https:\\\/\\\/fesfestival.com\\\/2026-\\\/plan-dacces\\\/\"]}]},{\"@type\":\"ImageObject\",\"inLanguage\":\"fr-FR\",\"@id\":\"https:\\\/\\\/fesfestival.com\\\/2026-\\\/plan-dacces\\\/#primaryimage\",\"url\":\"https:\\\/\\\/fesfestival.com\\\/2026-\\\/wp-content\\\/uploads\\\/2026\\\/05\\\/Plan-dacces-scaled.jpg\",\"contentUrl\":\"https:\\\/\\\/fesfestival.com\\\/2026-\\\/wp-content\\\/uploads\\\/2026\\\/05\\\/Plan-dacces-scaled.jpg\"},{\"@type\":\"BreadcrumbList\",\"@id\":\"https:\\\/\\\/fesfestival.com\\\/2026-\\\/plan-dacces\\\/#breadcrumb\",\"itemListElement\":[{\"@type\":\"ListItem\",\"position\":1,\"name\":\"Accueil\",\"item\":\"https:\\\/\\\/fesfestival.com\\\/2026-\\\/\"},{\"@type\":\"ListItem\",\"position\":2,\"name\":\"Plan d\u2019acc\u00e8s\"}]},{\"@type\":\"WebSite\",\"@id\":\"https:\\\/\\\/fesfestival.com\\\/2026-\\\/#website\",\"url\":\"https:\\\/\\\/fesfestival.com\\\/2026-\\\/\",\"name\":\"Esprit de F\u00e8s\",\"description\":\"F\u00e8s Festival Music Sacr\u00e9e\",\"publisher\":{\"@id\":\"https:\\\/\\\/fesfestival.com\\\/2026-\\\/#organization\"},\"potentialAction\":[{\"@type\":\"SearchAction\",\"target\":{\"@type\":\"EntryPoint\",\"urlTemplate\":\"https:\\\/\\\/fesfestival.com\\\/2026-\\\/?s={search_term_string}\"},\"query-input\":{\"@type\":\"PropertyValueSpecification\",\"valueRequired\":true,\"valueName\":\"search_term_string\"}}],\"inLanguage\":\"fr-FR\"},{\"@type\":\"Organization\",\"@id\":\"https:\\\/\\\/fesfestival.com\\\/2026-\\\/#organization\",\"name\":\"Esprit de F\u00e8s\",\"url\":\"https:\\\/\\\/fesfestival.com\\\/2026-\\\/\",\"logo\":{\"@type\":\"ImageObject\",\"inLanguage\":\"fr-FR\",\"@id\":\"https:\\\/\\\/fesfestival.com\\\/2026-\\\/#\\\/schema\\\/logo\\\/image\\\/\",\"url\":\"https:\\\/\\\/fesfestival.com\\\/2026-\\\/wp-content\\\/uploads\\\/2026\\\/03\\\/Logo_blue-scaled.png\",\"contentUrl\":\"https:\\\/\\\/fesfestival.com\\\/2026-\\\/wp-content\\\/uploads\\\/2026\\\/03\\\/Logo_blue-scaled.png\",\"width\":2560,\"height\":1032,\"caption\":\"Esprit de F\u00e8s\"},\"image\":{\"@id\":\"https:\\\/\\\/fesfestival.com\\\/2026-\\\/#\\\/schema\\\/logo\\\/image\\\/\"}}]}<\/script>\n<!-- \/ Yoast SEO plugin. -->","yoast_head_json":{"title":"Plan d\u2019acc\u00e8s - Esprit de F\u00e8s","robots":{"index":"index","follow":"follow","max-snippet":"max-snippet:-1","max-image-preview":"max-image-preview:large","max-video-preview":"max-video-preview:-1"},"canonical":"https:\/\/fesfestival.com\/2026-\/plan-dacces\/","og_locale":"fr_FR","og_type":"article","og_title":"Plan d\u2019acc\u00e8s - Esprit de F\u00e8s","og_description":"Afin de faciliter votre acc\u00e8s au site de Bab Al Makina, nous vous invitons \u00e0 consulter le plan d\u2019acc\u00e8s d\u00e9taill\u00e9 du Festival des Musiques Sacr\u00e9es du Monde.","og_url":"https:\/\/fesfestival.com\/2026-\/plan-dacces\/","og_site_name":"Esprit de F\u00e8s","article_modified_time":"2026-05-14T11:42:56+00:00","og_image":[{"url":"https:\/\/fesfestival.com\/2026-\/wp-content\/uploads\/2026\/05\/Plan-dacces-scaled.jpg","type":"","width":"","height":""}],"twitter_card":"summary_large_image","twitter_misc":{"Dur\u00e9e de lecture estim\u00e9e":"1 minute"},"schema":{"@context":"https:\/\/schema.org","@graph":[{"@type":"WebPage","@id":"https:\/\/fesfestival.com\/2026-\/plan-dacces\/","url":"https:\/\/fesfestival.com\/2026-\/plan-dacces\/","name":"Plan d\u2019acc\u00e8s - Esprit de F\u00e8s","isPartOf":{"@id":"https:\/\/fesfestival.com\/2026-\/#website"},"primaryImageOfPage":{"@id":"https:\/\/fesfestival.com\/2026-\/plan-dacces\/#primaryimage"},"image":{"@id":"https:\/\/fesfestival.com\/2026-\/plan-dacces\/#primaryimage"},"thumbnailUrl":"https:\/\/fesfestival.com\/2026-\/wp-content\/uploads\/2026\/05\/Plan-dacces-scaled.jpg","datePublished":"2026-05-14T11:37:32+00:00","dateModified":"2026-05-14T11:42:56+00:00","breadcrumb":{"@id":"https:\/\/fesfestival.com\/2026-\/plan-dacces\/#breadcrumb"},"inLanguage":"fr-FR","potentialAction":[{"@type":"ReadAction","target":["https:\/\/fesfestival.com\/2026-\/plan-dacces\/"]}]},{"@type":"ImageObject","inLanguage":"fr-FR","@id":"https:\/\/fesfestival.com\/2026-\/plan-dacces\/#primaryimage","url":"https:\/\/fesfestival.com\/2026-\/wp-content\/uploads\/2026\/05\/Plan-dacces-scaled.jpg","contentUrl":"https:\/\/fesfestival.com\/2026-\/wp-content\/uploads\/2026\/05\/Plan-dacces-scaled.jpg"},{"@type":"BreadcrumbList","@id":"https:\/\/fesfestival.com\/2026-\/plan-dacces\/#breadcrumb","itemListElement":[{"@type":"ListItem","position":1,"name":"Accueil","item":"https:\/\/fesfestival.com\/2026-\/"},{"@type":"ListItem","position":2,"name":"Plan d\u2019acc\u00e8s"}]},{"@type":"WebSite","@id":"https:\/\/fesfestival.com\/2026-\/#website","url":"https:\/\/fesfestival.com\/2026-\/","name":"Esprit de F\u00e8s","description":"F\u00e8s Festival Music Sacr\u00e9e","publisher":{"@id":"https:\/\/fesfestival.com\/2026-\/#organization"},"potentialAction":[{"@type":"SearchAction","target":{"@type":"EntryPoint","urlTemplate":"https:\/\/fesfestival.com\/2026-\/?s={search_term_string}"},"query-input":{"@type":"PropertyValueSpecification","valueRequired":true,"valueName":"search_term_string"}}],"inLanguage":"fr-FR"},{"@type":"Organization","@id":"https:\/\/fesfestival.com\/2026-\/#organization","name":"Esprit de F\u00e8s","url":"https:\/\/fesfestival.com\/2026-\/","logo":{"@type":"ImageObject","inLanguage":"fr-FR","@id":"https:\/\/fesfestival.com\/2026-\/#\/schema\/logo\/image\/","url":"https:\/\/fesfestival.com\/2026-\/wp-content\/uploads\/2026\/03\/Logo_blue-scaled.png","contentUrl":"https:\/\/fesfestival.com\/2026-\/wp-content\/uploads\/2026\/03\/Logo_blue-scaled.png","width":2560,"height":1032,"caption":"Esprit de F\u00e8s"},"image":{"@id":"https:\/\/fesfestival.com\/2026-\/#\/schema\/logo\/image\/"}}]}},"jetpack_sharing_enabled":true,"_links":{"self":[{"href":"https:\/\/fesfestival.com\/2026-\/wp-json\/wp\/v2\/pages\/5017","targetHints":{"allow":["GET"]}}],"collection":[{"href":"https:\/\/fesfestival.com\/2026-\/wp-json\/wp\/v2\/pages"}],"about":[{"href":"https:\/\/fesfestival.com\/2026-\/wp-json\/wp\/v2\/types\/page"}],"author":[{"embeddable":true,"href":"https:\/\/fesfestival.com\/2026-\/wp-json\/wp\/v2\/users\/1"}],"replies":[{"embeddable":true,"href":"https:\/\/fesfestival.com\/2026-\/wp-json\/wp\/v2\/comments?post=5017"}],"version-history":[{"count":5,"href":"https:\/\/fesfestival.com\/2026-\/wp-json\/wp\/v2\/pages\/5017\/revisions"}],"predecessor-version":[{"id":5031,"href":"https:\/\/fesfestival.com\/2026-\/wp-json\/wp\/v2\/pages\/5017\/revisions\/5031"}],"wp:attachment":[{"href":"https:\/\/fesfestival.com\/2026-\/wp-json\/wp\/v2\/media?parent=5017"}],"curies":[{"name":"wp","href":"https:\/\/api.w.org\/{rel}","templated":true}]}}