{"id":496,"date":"2018-06-20T12:53:24","date_gmt":"2018-06-20T12:53:24","guid":{"rendered":"https:\/\/fesfestival.com\/2026-\/?page_id=496"},"modified":"2026-04-17T19:36:37","modified_gmt":"2026-04-17T17:36:37","slug":"historique","status":"publish","type":"page","link":"https:\/\/fesfestival.com\/2026-\/historique\/","title":{"rendered":"Historique"},"content":{"rendered":"\t\t<div data-elementor-type=\"wp-post\" data-elementor-id=\"496\" class=\"elementor elementor-496\">\n\t\t\t\t\t\t<section class=\"elementor-section elementor-top-section elementor-element elementor-element-e4d0933 elementor-section-boxed elementor-section-height-default elementor-section-height-default\" data-id=\"e4d0933\" data-element_type=\"section\" data-e-type=\"section\" data-settings=\"{&quot;shape_divider_top&quot;:&quot;mountains&quot;}\">\n\t\t\t\t\t\t\t<div class=\"elementor-background-overlay\"><\/div>\n\t\t\t\t\t\t<div class=\"elementor-shape elementor-shape-top\" aria-hidden=\"true\" data-negative=\"false\">\n\t\t\t<svg xmlns=\"http:\/\/www.w3.org\/2000\/svg\" viewBox=\"0 0 1000 100\" preserveAspectRatio=\"none\">\n\t<path class=\"elementor-shape-fill\" opacity=\"0.33\" d=\"M473,67.3c-203.9,88.3-263.1-34-320.3,0C66,119.1,0,59.7,0,59.7V0h1000v59.7 c0,0-62.1,26.1-94.9,29.3c-32.8,3.3-62.8-12.3-75.8-22.1C806,49.6,745.3,8.7,694.9,4.7S492.4,59,473,67.3z\"\/>\n\t<path class=\"elementor-shape-fill\" opacity=\"0.66\" d=\"M734,67.3c-45.5,0-77.2-23.2-129.1-39.1c-28.6-8.7-150.3-10.1-254,39.1 s-91.7-34.4-149.2,0C115.7,118.3,0,39.8,0,39.8V0h1000v36.5c0,0-28.2-18.5-92.1-18.5C810.2,18.1,775.7,67.3,734,67.3z\"\/>\n\t<path class=\"elementor-shape-fill\" d=\"M766.1,28.9c-200-57.5-266,65.5-395.1,19.5C242,1.8,242,5.4,184.8,20.6C128,35.8,132.3,44.9,89.9,52.5C28.6,63.7,0,0,0,0 h1000c0,0-9.9,40.9-83.6,48.1S829.6,47,766.1,28.9z\"\/>\n<\/svg>\t\t<\/div>\n\t\t\t\t\t<div class=\"elementor-container elementor-column-gap-default\">\n\t\t\t\t\t<div class=\"elementor-column elementor-col-100 elementor-top-column elementor-element elementor-element-aa6510e\" data-id=\"aa6510e\" data-element_type=\"column\" data-e-type=\"column\">\n\t\t\t<div class=\"elementor-widget-wrap elementor-element-populated\">\n\t\t\t\t\t\t<div class=\"elementor-element elementor-element-7bc8a36 elementor-widget elementor-widget-rt-title\" data-id=\"7bc8a36\" data-element_type=\"widget\" data-e-type=\"widget\" data-widget_type=\"rt-title.default\">\n\t\t\t\t<div class=\"elementor-widget-container\">\n\t\t\t\t\t<div class=\"rt-el-title section-heading title-black color-light text-center style1\">\n\t<h2 class=\"rtin-title\">F\u00e8s et son Festival<\/h2>\n\t<div class=\"rtin-subtitle\"><p><\/p><\/div>\n<\/div>\n\t\t\t\t<\/div>\n\t\t\t\t<\/div>\n\t\t\t\t\t<\/div>\n\t\t<\/div>\n\t\t\t\t\t<\/div>\n\t\t<\/section>\n\t\t\t\t<div class=\"elementor-section elementor-top-section elementor-element elementor-element-58819b7 elementor-section-stretched elementor-section-full_width elementor-section-content-middle elementor-section-height-default elementor-section-height-default\" data-id=\"58819b7\" data-element_type=\"section\" data-e-type=\"section\" data-settings=\"{&quot;stretch_section&quot;:&quot;section-stretched&quot;,&quot;background_background&quot;:&quot;classic&quot;}\">\n\t\t\t\t\t\t<div class=\"elementor-container elementor-column-gap-no\">\n\t\t\t\t\t<div class=\"elementor-column elementor-col-50 elementor-top-column elementor-element elementor-element-a48b398\" data-id=\"a48b398\" data-element_type=\"column\" data-e-type=\"column\">\n\t\t\t<div class=\"elementor-widget-wrap elementor-element-populated\">\n\t\t\t\t\t\t<div class=\"elementor-element elementor-element-6097e09 elementor-widget elementor-widget-rt-text-with-title\" data-id=\"6097e09\" data-element_type=\"widget\" data-e-type=\"widget\" data-widget_type=\"rt-text-with-title.default\">\n\t\t\t\t<div class=\"elementor-widget-container\">\n\t\t\t\t\t<div class=\"rt-el-twt-2 rtin-light\">\n\t\t\t<h2 class=\"rtin-title title-black\">UNE CIT\u00c9 D\u2019ART ET D\u2019HISTOIRE<\/h2>\n\t\t<div class=\"rtin-content\"><p style=\"margin-bottom: 10px;color: #333333;font-family: Roboto;font-size: 16px;font-style: normal;font-weight: 300;background-color: #\"><span style=\"font-family: Roboto;font-size: 16px;font-style: normal;font-weight: 300\">Bien qu\u2019anim\u00e9e et hospitali\u00e8re, F\u00e8s ne livre pas instantan\u00e9ment ses secrets. Depuis le sommet de ses collines o\u00f9 semblent dormir les tombeaux de la n\u00e9cropole m\u00e9rinide s\u2019\u00e9tend une mer de toits cuivr\u00e9s et des fortifications balay\u00e9es par la lumi\u00e8re. Elles prot\u00e8gent\u00a0<\/span><span style=\"font-family: Roboto;font-size: 16px;font-style: normal;font-weight: bold\">un patrimoine mat\u00e9riel et immat\u00e9riel\u00a0<\/span><span style=\"font-family: Roboto;font-size: 16px;font-style: normal;font-weight: 300\">qui demande du temps pour se r\u00e9v\u00e9ler, mais dont le voyageur devine le caract\u00e8re \u00e9blouissant d\u2019un regard.<\/span><\/p><p style=\"margin-bottom: 10px;color: #333333;font-family: Roboto;font-size: 16px;font-style: normal;font-weight: 300;background-color: #\">F\u00e8s qui fut pendant plusieurs si\u00e8cles la capitale politique et intellectuelle du Maroc, est rest\u00e9e\u00a0<span style=\"font-weight: bold\">un p\u00f4le de rencontre et d\u2019\u00e9change des cultures et savoirs<\/span>. Les penseurs, chercheurs, artistes, hommes et femmes de pi\u00e9t\u00e9 qu\u2019elle a accueillis sont innombrables.<\/p><p style=\"color: #333333;font-family: Roboto;font-size: 16px;font-style: normal;font-weight: 300;background-color: #\">Ainsi par exemple, on rapporte que Sylvestre II, Pape de 999 \u00e0 1003, y \u00e9tudia dans sa jeunesse avant d\u2019introduire les chiffres arabes en Europe. Au XII<span style=\"position: relative;font-size: 12px;line-height: 0;top: -0.5em\">e<\/span>si\u00e8cle, Ma\u00efmonide, m\u00e9decin et philosophe juif, enseigna \u00e0 Al Quaraouiyine qui serait la plus ancienne universit\u00e9 en activit\u00e9 de nos jours. Son \u0153uvre est une merveilleuse illustration de la symbiose jud\u00e9o-islamique pr\u00e9valant dans l\u2019Andalousie m\u00e9di\u00e9vale et dont F\u00e8s se fait encore l\u2019\u00e9cho.<\/p><\/div>\n\t<\/div>\t\t\t\t<\/div>\n\t\t\t\t<\/div>\n\t\t\t\t\t<\/div>\n\t\t<\/div>\n\t\t\t\t<div class=\"elementor-column elementor-col-50 elementor-top-column elementor-element elementor-element-fdd1a6a\" data-id=\"fdd1a6a\" data-element_type=\"column\" data-e-type=\"column\" data-settings=\"{&quot;background_background&quot;:&quot;classic&quot;}\">\n\t\t\t<div class=\"elementor-widget-wrap elementor-element-populated\">\n\t\t\t\t\t\t<div class=\"elementor-element elementor-element-c6202a6 elementor-widget elementor-widget-image\" data-id=\"c6202a6\" data-element_type=\"widget\" data-e-type=\"widget\" data-widget_type=\"image.default\">\n\t\t\t\t<div class=\"elementor-widget-container\">\n\t\t\t\t\t\t\t\t\t\t\t\t\t\t\t<img fetchpriority=\"high\" decoding=\"async\" width=\"580\" height=\"386\" src=\"https:\/\/fesfestival.com\/2026-\/wp-content\/uploads\/2026\/03\/image2.jpg\" class=\"attachment-large size-large wp-image-2999\" alt=\"\" srcset=\"https:\/\/fesfestival.com\/2026-\/wp-content\/uploads\/2026\/03\/image2.jpg 580w, https:\/\/fesfestival.com\/2026-\/wp-content\/uploads\/2026\/03\/image2-300x200.jpg 300w, https:\/\/fesfestival.com\/2026-\/wp-content\/uploads\/2026\/03\/image2-570x380.jpg 570w\" sizes=\"(max-width: 580px) 100vw, 580px\" \/>\t\t\t\t\t\t\t\t\t\t\t\t\t\t\t<\/div>\n\t\t\t\t<\/div>\n\t\t\t\t\t<\/div>\n\t\t<\/div>\n\t\t\t\t\t<\/div>\n\t\t<\/div>\n\t\t\t\t<div class=\"elementor-section elementor-top-section elementor-element elementor-element-edbfd55 elementor-section-stretched elementor-section-full_width elementor-section-content-middle elementor-section-height-default elementor-section-height-default\" data-id=\"edbfd55\" data-element_type=\"section\" data-e-type=\"section\" data-settings=\"{&quot;stretch_section&quot;:&quot;section-stretched&quot;,&quot;background_background&quot;:&quot;classic&quot;}\">\n\t\t\t\t\t\t<div class=\"elementor-container elementor-column-gap-no\">\n\t\t\t\t\t<div class=\"elementor-column elementor-col-50 elementor-top-column elementor-element elementor-element-ea74b4d\" data-id=\"ea74b4d\" data-element_type=\"column\" data-e-type=\"column\" data-settings=\"{&quot;background_background&quot;:&quot;classic&quot;}\">\n\t\t\t<div class=\"elementor-widget-wrap elementor-element-populated\">\n\t\t\t\t\t\t<div class=\"elementor-element elementor-element-61b4415 elementor-widget elementor-widget-image\" data-id=\"61b4415\" data-element_type=\"widget\" data-e-type=\"widget\" data-widget_type=\"image.default\">\n\t\t\t\t<div class=\"elementor-widget-container\">\n\t\t\t\t\t\t\t\t\t\t\t\t\t\t\t<img decoding=\"async\" width=\"580\" height=\"386\" src=\"https:\/\/fesfestival.com\/2026-\/wp-content\/uploads\/2026\/03\/image.jpg\" class=\"attachment-large size-large wp-image-3000\" alt=\"\" srcset=\"https:\/\/fesfestival.com\/2026-\/wp-content\/uploads\/2026\/03\/image.jpg 580w, https:\/\/fesfestival.com\/2026-\/wp-content\/uploads\/2026\/03\/image-300x200.jpg 300w, https:\/\/fesfestival.com\/2026-\/wp-content\/uploads\/2026\/03\/image-570x380.jpg 570w\" sizes=\"(max-width: 580px) 100vw, 580px\" \/>\t\t\t\t\t\t\t\t\t\t\t\t\t\t\t<\/div>\n\t\t\t\t<\/div>\n\t\t\t\t\t<\/div>\n\t\t<\/div>\n\t\t\t\t<div class=\"elementor-column elementor-col-50 elementor-top-column elementor-element elementor-element-20378aa\" data-id=\"20378aa\" data-element_type=\"column\" data-e-type=\"column\">\n\t\t\t<div class=\"elementor-widget-wrap elementor-element-populated\">\n\t\t\t\t\t\t<div class=\"elementor-element elementor-element-d68b1e5 elementor-widget elementor-widget-rt-text-with-title\" data-id=\"d68b1e5\" data-element_type=\"widget\" data-e-type=\"widget\" data-widget_type=\"rt-text-with-title.default\">\n\t\t\t\t<div class=\"elementor-widget-container\">\n\t\t\t\t\t<div class=\"rt-el-twt-2 rtin-light\">\n\t\t\t<h2 class=\"rtin-title title-black\">UN \u00c9V\u00c9NEMENT F\u00c9D\u00c9RATEUR<\/h2>\n\t\t<div class=\"rtin-content\"><p style=\"margin-bottom: 10px;color: #333333;font-family: Roboto;font-size: 16px;font-style: normal;font-weight: 300;background-color: #\"><span style=\"font-family: Roboto;font-size: 16px;font-style: normal;font-weight: bold\">Le<\/span><span style=\"font-family: Roboto;font-size: 16px;font-style: normal;font-weight: 300\">&nbsp;<\/span><span style=\"font-family: Roboto;font-size: 16px;font-style: normal;font-weight: bold\">Festival de F\u00e8s des Musiques Sacr\u00e9es du Monde<\/span><span style=\"font-family: Roboto;font-size: 16px;font-style: normal;font-weight: 300\">&nbsp;et son&nbsp;<\/span><span style=\"font-family: Roboto;font-size: 16px;font-style: normal;font-weight: bold\">Forum<\/span><span style=\"font-family: Roboto;font-size: 16px;font-style: normal;font-weight: 300\">, cr\u00e9\u00e9s respectivement&nbsp;<\/span><span style=\"font-family: Roboto;font-size: 16px;font-style: normal;font-weight: bold\">en 1994&nbsp;<\/span><span style=\"font-family: Roboto;font-size: 16px;font-style: normal;font-weight: 300\">et&nbsp;<\/span><span style=\"font-family: Roboto;font-size: 16px;font-style: normal;font-weight: bold\">2001<\/span><span style=\"font-family: Roboto;font-size: 16px;font-style: normal;font-weight: 300\">, s\u2019inscrivent dans la tradition savante, artistique et spirituelle de la ville. Depuis son av\u00e8nement, ce rendez-vous a connu un succ\u00e8s grandissant. Le Festival fut d\u00e9sign\u00e9 en 2001 par l\u2019O.N.U. comme l\u2019un des \u00e9v\u00e9nements marquants contribuant au dialogue des civilisations.<\/span><\/p>\n<p style=\"margin-bottom: 10px;color: #333333;font-family: Roboto;font-size: 16px;font-style: normal;font-weight: 300;background-color: #\">Magn\u00e9tique, l\u2019\u00e9v\u00e8nement a ralli\u00e9&nbsp;<span style=\"font-weight: bold\">des artistes de notori\u00e9t\u00e9 internationale<\/span>&nbsp;de tous les horizons, partageant&nbsp;<span style=\"font-weight: bold\">la qu\u00eate du sacr\u00e9<\/span>. Pour n\u2019en citer que quelques-uns&nbsp;: Joan Baez, Patti Smith, Bj\u00f6rk, Ben Harper, Paco de Lucia, Ravi Shankar, Sabah Fakhri, Kadhem Saher, Wadi al Safi, Julia Boutros,&nbsp; William Christie, Barbara Hendricks, Jessie Norman, Jordi Savall et Montserrat Figueras,&nbsp; Jean-Claude Casadesus, Archie Shepp, Randy Weston, Youssou N\u2019Dour ou encore Salif Keita, Marcel khalife,&nbsp;sami Yusuf ,Majda Roumi ...<\/p>\n<p style=\"color: #333333;font-family: Roboto;font-size: 16px;font-style: normal;background-color: #\"><strong>Vingt-sept \u00e9ditions<\/strong><span style=\"font-weight: 300\"> et de magnifiques surprises, car le Festival se veut aussi une p\u00e9pini\u00e8re r\u00e9v\u00e9lant au public des talents encore m\u00e9connus ou accompagnant <\/span><strong>des projets audacieux<\/strong><span style=\"font-weight: 300\">, avec un mapping exceptionnel. Depuis quelques ann\u00e9es, sous l\u2019impulsion de son <\/span><strong>fondation esprit de F\u00e8s<\/strong><span style=\"font-weight: 300\">, le Festival initie \u00e9galement des cr\u00e9ations pluridisciplinaires de grande envergure, pr\u00e9sent\u00e9es en ouverture. Pr\u00e8s de 90 artistes se sont parfois succ\u00e9d\u00e9s sur sc\u00e8ne.<\/span><\/p><\/div>\n\t<\/div>\t\t\t\t<\/div>\n\t\t\t\t<\/div>\n\t\t\t\t\t<\/div>\n\t\t<\/div>\n\t\t\t\t\t<\/div>\n\t\t<\/div>\n\t\t\t\t<div class=\"elementor-section elementor-top-section elementor-element elementor-element-1b9891b elementor-section-stretched elementor-section-full_width elementor-section-content-middle elementor-section-height-default elementor-section-height-default\" data-id=\"1b9891b\" data-element_type=\"section\" data-e-type=\"section\" data-settings=\"{&quot;stretch_section&quot;:&quot;section-stretched&quot;,&quot;background_background&quot;:&quot;classic&quot;}\">\n\t\t\t\t\t\t<div class=\"elementor-container elementor-column-gap-no\">\n\t\t\t\t\t<div class=\"elementor-column elementor-col-50 elementor-top-column elementor-element elementor-element-a3e6eec\" data-id=\"a3e6eec\" data-element_type=\"column\" data-e-type=\"column\">\n\t\t\t<div class=\"elementor-widget-wrap elementor-element-populated\">\n\t\t\t\t\t\t<div class=\"elementor-element elementor-element-bab698c elementor-widget elementor-widget-rt-text-with-title\" data-id=\"bab698c\" data-element_type=\"widget\" data-e-type=\"widget\" data-widget_type=\"rt-text-with-title.default\">\n\t\t\t\t<div class=\"elementor-widget-container\">\n\t\t\t\t\t<div class=\"rt-el-twt-2 rtin-light\">\n\t\t\t<h2 class=\"rtin-title title-black\">UNE CIT\u00c9 D\u2019ART ET D\u2019HISTOIRE<\/h2>\n\t\t<div class=\"rtin-content\"><p style=\"margin-bottom: 10px;color: #333333;font-family: Roboto;font-size: 16px;font-style: normal;font-weight: 300;background-color: #\"><span style=\"font-family: Roboto;font-size: 16px;font-style: normal;font-weight: 300\">La&nbsp;<\/span><span style=\"font-family: Roboto;font-size: 16px;font-style: normal;font-weight: bold\">diversit\u00e9 des propositions artistiques,<\/span><span style=\"font-family: Roboto;font-size: 16px;font-style: normal;font-weight: 300\">&nbsp;de ces cr\u00e9ations de prestige aux populaires&nbsp;<\/span><em style=\"font-family: Roboto;font-size: 16px;font-weight: 300\">Nuits soufies<\/em><span style=\"font-family: Roboto;font-size: 16px;font-style: normal;font-weight: 300\">&nbsp;en passant par la soixantaine de concerts et spectacles, prend corps dans la vieille ville.<\/span><\/p>\n<p style=\"margin-bottom: 10px;color: #333333;font-family: Roboto;font-size: 16px;font-style: normal;font-weight: 300;background-color: #\">Les festivit\u00e9s se d\u00e9ploient sur des sites \u00e0 forte valeur patrimoniale qui m\u00e9ritent d\u2019\u00eatre (re)d\u00e9couverts et valoris\u00e9s&nbsp;: la grandiose place de Bab Makina o\u00f9 se d\u00e9roulaient jadis les c\u00e9r\u00e9monies officielles du palais royal, mais encore les riads de la m\u00e9dina explor\u00e9s au fil de trois nuits de spectacles \u2013 et d\u2019autres lieux encore.<\/p>\n<p style=\"margin-bottom: 10px;color: #333333;font-family: Roboto;font-size: 16px;font-style: normal;font-weight: 300;background-color: #\"><span style=\"font-weight: bold\">\u00ab&nbsp;L\u2019ESPRIT DE F\u00c8S&nbsp;\u00bb \u00c0 TRAVERS LE MONDE, Paris, Madrid, Barcelona, Londres ...<\/span><\/p>\n<p style=\"margin-bottom: 10px;color: #333333;font-family: Roboto;font-size: 16px;font-style: normal;font-weight: 300;background-color: #\">La diffusion de cet \u00ab&nbsp;Esprit de F\u00e8s&nbsp;\u00bb continue ainsi d\u2019irradier vers les cit\u00e9s du monde. Il inspire la cr\u00e9ation de manifestations semblables et mobilise chaque ann\u00e9e&nbsp;<span style=\"font-weight: bold\">jusqu\u2019\u00e0 100.000 habitants et voyageurs venus le c\u00e9l\u00e9brer<\/span>.<\/p>\n<p style=\"color: #333333;font-family: Roboto;font-size: 16px;font-style: normal;font-weight: 300;background-color: #\">Son message demeure d\u2019une actualit\u00e9 br\u00fblante&nbsp;: le<span style=\"font-weight: bold\">&nbsp;dialogue des spiritualit\u00e9s \u00e0 travers la musique et la promotion d\u2019une culture de paix<\/span>&nbsp;favorisant une mondialisation plurielle, respectueuse de valeurs \u00e9thiques et spirituelles.<\/p><\/div>\n\t<\/div>\t\t\t\t<\/div>\n\t\t\t\t<\/div>\n\t\t\t\t\t<\/div>\n\t\t<\/div>\n\t\t\t\t<div class=\"elementor-column elementor-col-50 elementor-top-column elementor-element elementor-element-b178ccb\" data-id=\"b178ccb\" data-element_type=\"column\" data-e-type=\"column\" data-settings=\"{&quot;background_background&quot;:&quot;classic&quot;}\">\n\t\t\t<div class=\"elementor-widget-wrap elementor-element-populated\">\n\t\t\t\t\t\t<div class=\"elementor-element elementor-element-e01d313 elementor-widget elementor-widget-image\" data-id=\"e01d313\" data-element_type=\"widget\" data-e-type=\"widget\" data-widget_type=\"image.default\">\n\t\t\t\t<div class=\"elementor-widget-container\">\n\t\t\t\t\t\t\t\t\t\t\t\t\t\t\t<img decoding=\"async\" width=\"580\" height=\"386\" src=\"https:\/\/fesfestival.com\/2026-\/wp-content\/uploads\/2026\/03\/nuits-soufies-1.jpg\" class=\"attachment-large size-large wp-image-3001\" alt=\"\" srcset=\"https:\/\/fesfestival.com\/2026-\/wp-content\/uploads\/2026\/03\/nuits-soufies-1.jpg 580w, https:\/\/fesfestival.com\/2026-\/wp-content\/uploads\/2026\/03\/nuits-soufies-1-300x200.jpg 300w, https:\/\/fesfestival.com\/2026-\/wp-content\/uploads\/2026\/03\/nuits-soufies-1-570x380.jpg 570w\" sizes=\"(max-width: 580px) 100vw, 580px\" \/>\t\t\t\t\t\t\t\t\t\t\t\t\t\t\t<\/div>\n\t\t\t\t<\/div>\n\t\t\t\t\t<\/div>\n\t\t<\/div>\n\t\t\t\t\t<\/div>\n\t\t<\/div>\n\t\t\t\t<div class=\"elementor-section elementor-top-section elementor-element elementor-element-1c9b0b99 elementor-section-stretched elementor-section-boxed elementor-section-height-default elementor-section-height-default\" data-id=\"1c9b0b99\" data-element_type=\"section\" data-e-type=\"section\" data-settings=\"{&quot;stretch_section&quot;:&quot;section-stretched&quot;,&quot;background_background&quot;:&quot;classic&quot;}\">\n\t\t\t\t\t\t\t<div class=\"elementor-background-overlay\"><\/div>\n\t\t\t\t\t\t\t<div class=\"elementor-container elementor-column-gap-default\">\n\t\t\t\t\t<div class=\"elementor-column elementor-col-100 elementor-top-column elementor-element elementor-element-375f1e9a\" data-id=\"375f1e9a\" data-element_type=\"column\" data-e-type=\"column\">\n\t\t\t<div class=\"elementor-widget-wrap elementor-element-populated\">\n\t\t\t\t\t\t<div class=\"elementor-element elementor-element-196cd15 elementor-widget elementor-widget-rt-text-with-title\" data-id=\"196cd15\" data-element_type=\"widget\" data-e-type=\"widget\" data-widget_type=\"rt-text-with-title.default\">\n\t\t\t\t<div class=\"elementor-widget-container\">\n\t\t\t\t\t<div class=\"rt-el-twt-1 rtin-primary\">\n\t\t\t<h2 class=\"rtin-title title-black\">R\u00e9servez vos billets d\u00e8s maintenant<\/h2>\n\t\t<div class=\"rtin-content\"><p>Profitez d\u2019une exp\u00e9rience unique au c\u0153ur du Festival de Musique Sacr\u00e9e.<br data-start=\"558\" data-end=\"561\" \/>Ne manquez pas cet \u00e9v\u00e9nement exceptionnel.<\/p><\/div>\n\t\t\t<div class=\"rtin-button\"><a class=\"btn-fill size-lg border-radius-5 color-yellow gust\" href=\"\/programme\">Achetez vos billets<\/a><\/div>\t\t\n\t<\/div>\n\t\t\t\t<\/div>\n\t\t\t\t<\/div>\n\t\t\t\t\t<\/div>\n\t\t<\/div>\n\t\t\t\t\t<\/div>\n\t\t<\/div>\n\t\t\t\t<\/div>\n\t\t","protected":false},"excerpt":{"rendered":"<p>F\u00e8s et son Festival UNE CIT\u00c9 D\u2019ART ET D\u2019HISTOIRE Bien qu\u2019anim\u00e9e et hospitali\u00e8re, F\u00e8s ne livre pas instantan\u00e9ment ses secrets. Depuis le sommet de ses collines o\u00f9 semblent dormir les tombeaux de la n\u00e9cropole m\u00e9rinide s\u2019\u00e9tend une mer de toits cuivr\u00e9s et des fortifications balay\u00e9es par la lumi\u00e8re. Elles prot\u00e8gent\u00a0un patrimoine mat\u00e9riel et immat\u00e9riel\u00a0qui demande&#8230;<\/p>\n","protected":false},"author":1,"featured_media":0,"parent":0,"menu_order":0,"comment_status":"closed","ping_status":"closed","template":"","meta":{"footnotes":""},"class_list":["post-496","page","type-page","status-publish","hentry"],"jetpack_sharing_enabled":true,"_links":{"self":[{"href":"https:\/\/fesfestival.com\/2026-\/wp-json\/wp\/v2\/pages\/496","targetHints":{"allow":["GET"]}}],"collection":[{"href":"https:\/\/fesfestival.com\/2026-\/wp-json\/wp\/v2\/pages"}],"about":[{"href":"https:\/\/fesfestival.com\/2026-\/wp-json\/wp\/v2\/types\/page"}],"author":[{"embeddable":true,"href":"https:\/\/fesfestival.com\/2026-\/wp-json\/wp\/v2\/users\/1"}],"replies":[{"embeddable":true,"href":"https:\/\/fesfestival.com\/2026-\/wp-json\/wp\/v2\/comments?post=496"}],"version-history":[{"count":21,"href":"https:\/\/fesfestival.com\/2026-\/wp-json\/wp\/v2\/pages\/496\/revisions"}],"predecessor-version":[{"id":3724,"href":"https:\/\/fesfestival.com\/2026-\/wp-json\/wp\/v2\/pages\/496\/revisions\/3724"}],"wp:attachment":[{"href":"https:\/\/fesfestival.com\/2026-\/wp-json\/wp\/v2\/media?parent=496"}],"curies":[{"name":"wp","href":"https:\/\/api.w.org\/{rel}","templated":true}]}}