{"id":3068,"date":"2026-03-19T15:58:13","date_gmt":"2026-03-19T14:58:13","guid":{"rendered":"https:\/\/fesfestival.com\/2026-\/?page_id=3068"},"modified":"2026-03-19T16:01:02","modified_gmt":"2026-03-19T15:01:02","slug":"accreditation-presse","status":"publish","type":"page","link":"https:\/\/fesfestival.com\/2026-\/accreditation-presse\/","title":{"rendered":"Accr\u00e9ditation presse"},"content":{"rendered":"\t\t<div data-elementor-type=\"wp-page\" data-elementor-id=\"3068\" class=\"elementor elementor-3068\">\n\t\t\t\t\t\t<section class=\"elementor-section elementor-top-section elementor-element elementor-element-a4e1ab0 elementor-section-boxed elementor-section-height-default elementor-section-height-default\" data-id=\"a4e1ab0\" data-element_type=\"section\" data-e-type=\"section\">\n\t\t\t\t\t\t<div class=\"elementor-container elementor-column-gap-default\">\n\t\t\t\t\t<div class=\"elementor-column elementor-col-100 elementor-top-column elementor-element elementor-element-77a3b68\" data-id=\"77a3b68\" data-element_type=\"column\" data-e-type=\"column\">\n\t\t\t<div class=\"elementor-widget-wrap elementor-element-populated\">\n\t\t\t\t\t\t<div class=\"elementor-element elementor-element-341daee elementor-widget elementor-widget-shortcode\" data-id=\"341daee\" data-element_type=\"widget\" data-e-type=\"widget\" data-widget_type=\"shortcode.default\">\n\t\t\t\t<div class=\"elementor-widget-container\">\n\t\t\t\t\t\t\t<div class=\"elementor-shortcode\">\n<div class=\"wpcf7 no-js\" id=\"wpcf7-f3067-o1\" lang=\"fr-FR\" dir=\"ltr\" data-wpcf7-id=\"3067\">\n<div class=\"screen-reader-response\"><p role=\"status\" aria-live=\"polite\" aria-atomic=\"true\"><\/p> <ul><\/ul><\/div>\n<form action=\"\/2026-\/wp-json\/wp\/v2\/pages\/3068#wpcf7-f3067-o1\" method=\"post\" class=\"wpcf7-form init\" aria-label=\"Formulaire de contact\" enctype=\"multipart\/form-data\" novalidate=\"novalidate\" data-status=\"init\">\n<fieldset class=\"hidden-fields-container\"><input type=\"hidden\" name=\"_wpcf7\" value=\"3067\" \/><input type=\"hidden\" name=\"_wpcf7_version\" value=\"6.1.5\" \/><input type=\"hidden\" name=\"_wpcf7_locale\" value=\"fr_FR\" \/><input type=\"hidden\" name=\"_wpcf7_unit_tag\" value=\"wpcf7-f3067-o1\" \/><input type=\"hidden\" name=\"_wpcf7_container_post\" value=\"0\" \/><input type=\"hidden\" name=\"_wpcf7_posted_data_hash\" value=\"\" \/>\n<\/fieldset>\n<div class=\"press-contact-form\">\n\t<style>\n .press-contact-form {\n margin: 0 auto;\n padding: 20px;\n background: #f9f9f9;\n border-radius: 8px;\n box-shadow: 0 0 15px rgba(0,0,0,0.1);\n }\n \n .press-contact-form label {\n display: block;\n margin-bottom: 15px;\n font-weight: 600;\n color: #333;\n }\n \n .press-contact-form .form-row {\n display: flex;\n gap: 20px;\n margin-bottom: 15px;\n }\n \n .press-contact-form .form-col {\n flex: 1;\n }\n \n .press-contact-form input[type=\"text\"],\n .press-contact-form input[type=\"email\"],\n .press-contact-form input[type=\"tel\"],\n .press-contact-form input[type=\"url\"],\n .press-contact-form textarea,\n .press-contact-form .wpcf7-file {\n width: 100%;\n padding: 12px;\n border: 1px solid #ddd;\n border-radius: 4px;\n font-size: 14px;\n transition: border 0.3s;\n }\n \n .press-contact-form input:focus,\n .press-contact-form textarea:focus {\n border-color: #0066cc;\n outline: none;\n }\n \n .press-contact-form .wpcf7-submit {\n background: #0066cc;\n color: white;\n border: none;\n padding: 12px 25px;\n font-size: 16px;\n border-radius: 4px;\n cursor: pointer;\n transition: background 0.3s;\n }\n \n .press-contact-form .wpcf7-submit:hover {\n background: #004d99;\n }\n \n .press-contact-form .file-upload-label {\n display: block;\n margin-top: 5px;\n font-size: 13px;\n color: #666;\n font-weight: normal;\n }\n \n @media (max-width: 600px) {\n .press-contact-form .form-row {\n flex-direction: column;\n gap: 0;\n }\n }\n\t<\/style>\n\t<div class=\"form-row\">\n\t\t<div class=\"form-col\">\n\t\t\t<p><label>Nom et Pr\u00e9nom:<br \/>\n<span class=\"wpcf7-form-control-wrap\" data-name=\"text-62\"><input size=\"40\" maxlength=\"400\" class=\"wpcf7-form-control wpcf7-text wpcf7-validates-as-required\" aria-required=\"true\" aria-invalid=\"false\" placeholder=\"Votre nom complet\" value=\"\" type=\"text\" name=\"text-62\" \/><\/span><br \/>\n<\/label>\n\t\t\t<\/p>\n\t\t<\/div>\n\t\t<div class=\"form-col\">\n\t\t\t<p><label>Fonction:<br \/>\n<span class=\"wpcf7-form-control-wrap\" data-name=\"text-229\"><input size=\"40\" maxlength=\"400\" class=\"wpcf7-form-control wpcf7-text wpcf7-validates-as-required\" aria-required=\"true\" aria-invalid=\"false\" placeholder=\"Votre fonction\" value=\"\" type=\"text\" name=\"text-229\" \/><\/span><br \/>\n<\/label>\n\t\t\t<\/p>\n\t\t<\/div>\n\t<\/div>\n\t<div class=\"form-row\">\n\t\t<div class=\"form-col\">\n\t\t\t<p><label>Pays:<br \/>\n<span class=\"wpcf7-form-control-wrap\" data-name=\"text-392\"><input size=\"40\" maxlength=\"400\" class=\"wpcf7-form-control wpcf7-text wpcf7-validates-as-required\" aria-required=\"true\" aria-invalid=\"false\" placeholder=\"Votre pays\" value=\"\" type=\"text\" name=\"text-392\" \/><\/span><br \/>\n<\/label>\n\t\t\t<\/p>\n\t\t<\/div>\n\t\t<div class=\"form-col\">\n\t\t\t<p><label>Support:<br \/>\n<span class=\"wpcf7-form-control-wrap\" data-name=\"text-93\"><input size=\"40\" maxlength=\"400\" class=\"wpcf7-form-control wpcf7-text wpcf7-validates-as-required\" aria-required=\"true\" aria-invalid=\"false\" placeholder=\"Votre m\u00e9dia\/organisation\" value=\"\" type=\"text\" name=\"text-93\" \/><\/span><br \/>\n<\/label>\n\t\t\t<\/p>\n\t\t<\/div>\n\t<\/div>\n\t<div class=\"form-row\">\n\t\t<div class=\"form-col\">\n\t\t\t<p><label>Num\u00e9ro de carte de presse:<br \/>\n<span class=\"wpcf7-form-control-wrap\" data-name=\"text-962\"><input size=\"40\" maxlength=\"400\" class=\"wpcf7-form-control wpcf7-text wpcf7-validates-as-required\" aria-required=\"true\" aria-invalid=\"false\" placeholder=\"Num\u00e9ro de carte\" value=\"\" type=\"text\" name=\"text-962\" \/><\/span><br \/>\n<\/label>\n\t\t\t<\/p>\n\t\t<\/div>\n\t\t<div class=\"form-col\">\n\t\t\t<p><label>Num\u00e9ro de CIN \/ passport:<br \/>\n<span class=\"wpcf7-form-control-wrap\" data-name=\"text-775\"><input size=\"40\" maxlength=\"400\" class=\"wpcf7-form-control wpcf7-text wpcf7-validates-as-required\" aria-required=\"true\" aria-invalid=\"false\" placeholder=\"Num\u00e9ro de passeport\" value=\"\" type=\"text\" name=\"text-775\" \/><\/span><br \/>\n<\/label>\n\t\t\t<\/p>\n\t\t<\/div>\n\t<\/div>\n\t<div class=\"form-row\">\n\t\t<div class=\"form-col\">\n\t\t\t<p><label>T\u00e9l\u00e9phone:<br \/>\n<span class=\"wpcf7-form-control-wrap\" data-name=\"tel-755\"><input size=\"40\" maxlength=\"400\" class=\"wpcf7-form-control wpcf7-tel wpcf7-text wpcf7-validates-as-tel\" aria-invalid=\"false\" placeholder=\"Num\u00e9ro de t\u00e9l\u00e9phone\" value=\"\" type=\"tel\" name=\"tel-755\" \/><\/span><br \/>\n<\/label>\n\t\t\t<\/p>\n\t\t<\/div>\n\t\t<div class=\"form-col\">\n\t\t\t<p><label>Mobile:<br \/>\n<span class=\"wpcf7-form-control-wrap\" data-name=\"tel-825\"><input size=\"40\" maxlength=\"400\" class=\"wpcf7-form-control wpcf7-tel wpcf7-validates-as-required wpcf7-text wpcf7-validates-as-tel\" aria-required=\"true\" aria-invalid=\"false\" placeholder=\"Num\u00e9ro de mobile\" value=\"\" type=\"tel\" name=\"tel-825\" \/><\/span><br \/>\n<\/label>\n\t\t\t<\/p>\n\t\t<\/div>\n\t<\/div>\n\t<div class=\"form-row\">\n\t\t<div class=\"form-col\">\n\t\t\t<p><label>Email:<br \/>\n<span class=\"wpcf7-form-control-wrap\" data-name=\"email-130\"><input size=\"40\" maxlength=\"400\" class=\"wpcf7-form-control wpcf7-email wpcf7-validates-as-required wpcf7-text wpcf7-validates-as-email\" aria-required=\"true\" aria-invalid=\"false\" placeholder=\"Votre email professionnel\" value=\"\" type=\"email\" name=\"email-130\" \/><\/span><br \/>\n<\/label>\n\t\t\t<\/p>\n\t\t<\/div>\n\t\t<div class=\"form-col\">\n\t\t\t<p><label>Site internet:<br \/>\n<span class=\"wpcf7-form-control-wrap\" data-name=\"url-873\"><input size=\"40\" maxlength=\"400\" class=\"wpcf7-form-control wpcf7-url wpcf7-text wpcf7-validates-as-url\" aria-invalid=\"false\" placeholder=\"URL de votre m\u00e9dia\" value=\"\" type=\"url\" name=\"url-873\" \/><\/span><br \/>\n<\/label>\n\t\t\t<\/p>\n\t\t<\/div>\n\t<\/div>\n\t<div class=\"form-row\">\n\t\t<div class=\"form-col\">\n\t\t\t<p><label>Photo:<br \/>\n<span class=\"wpcf7-form-control-wrap\" data-name=\"file-991\"><input size=\"40\" class=\"wpcf7-form-control wpcf7-file wpcf7-validates-as-required\" accept=\"image\/*,.pdf\" aria-required=\"true\" aria-invalid=\"false\" type=\"file\" name=\"file-991\" \/><\/span><br \/>\n<span class=\"file-upload-label\">(Format image, max 1MB)<\/span><br \/>\n<\/label>\n\t\t\t<\/p>\n\t\t<\/div>\n\t\t<div class=\"form-col\">\n\t\t\t<p><label>Press Card:<br \/>\n<span class=\"wpcf7-form-control-wrap\" data-name=\"file-50\"><input size=\"40\" class=\"wpcf7-form-control wpcf7-file wpcf7-validates-as-required\" accept=\"image\/*,.pdf\" aria-required=\"true\" aria-invalid=\"false\" type=\"file\" name=\"file-50\" \/><\/span><br \/>\n<span class=\"file-upload-label\">(Format image, max 1MB)<\/span><br \/>\n<\/label>\n\t\t\t<\/p>\n\t\t<\/div>\n\t<\/div>\n\t<p><label>Message:<br \/>\n<span class=\"wpcf7-form-control-wrap\" data-name=\"textarea-799\"><textarea cols=\"40\" rows=\"10\" maxlength=\"2000\" class=\"wpcf7-form-control wpcf7-textarea\" aria-invalid=\"false\" placeholder=\"Votre message\" name=\"textarea-799\"><\/textarea><\/span><br \/>\n<\/label>\n\t<\/p>\n\t<div style=\"text-align: center;\">\n\t\t<p><input class=\"wpcf7-form-control wpcf7-submit has-spinner\" type=\"submit\" value=\"Envoyer\" \/>\n\t\t<\/p>\n\t<\/div>\n<\/div><p style=\"display: none !important;\" class=\"akismet-fields-container\" data-prefix=\"_wpcf7_ak_\"><label>&#916;<textarea name=\"_wpcf7_ak_hp_textarea\" cols=\"45\" rows=\"8\" maxlength=\"100\"><\/textarea><\/label><input type=\"hidden\" id=\"ak_js_1\" name=\"_wpcf7_ak_js\" value=\"238\"\/><script>document.getElementById( \"ak_js_1\" ).setAttribute( \"value\", ( new Date() ).getTime() );<\/script><\/p><div class=\"wpcf7-response-output\" aria-hidden=\"true\"><\/div>\n<\/form>\n<\/div>\n<\/div>\n\t\t\t\t\t\t<\/div>\n\t\t\t\t<\/div>\n\t\t\t\t\t<\/div>\n\t\t<\/div>\n\t\t\t\t\t<\/div>\n\t\t<\/section>\n\t\t\t\t<\/div>\n\t\t","protected":false},"excerpt":{"rendered":"","protected":false},"author":1,"featured_media":0,"parent":0,"menu_order":0,"comment_status":"closed","ping_status":"closed","template":"","meta":{"footnotes":""},"class_list":["post-3068","page","type-page","status-publish","hentry"],"yoast_head":"<!-- This site is optimized with the Yoast SEO plugin v27.5 - https:\/\/yoast.com\/product\/yoast-seo-wordpress\/ -->\n<title>Accr\u00e9ditation presse - Esprit de F\u00e8s<\/title>\n<meta name=\"robots\" content=\"index, follow, max-snippet:-1, max-image-preview:large, max-video-preview:-1\" \/>\n<link rel=\"canonical\" href=\"https:\/\/fesfestival.com\/2026-\/accreditation-presse\/\" \/>\n<meta property=\"og:locale\" content=\"fr_FR\" \/>\n<meta property=\"og:type\" content=\"article\" \/>\n<meta property=\"og:title\" content=\"Accr\u00e9ditation presse - Esprit de F\u00e8s\" \/>\n<meta property=\"og:url\" content=\"https:\/\/fesfestival.com\/2026-\/accreditation-presse\/\" \/>\n<meta property=\"og:site_name\" content=\"Esprit de F\u00e8s\" \/>\n<meta property=\"article:modified_time\" content=\"2026-03-19T15:01:02+00:00\" \/>\n<meta name=\"twitter:card\" content=\"summary_large_image\" \/>\n<script type=\"application\/ld+json\" class=\"yoast-schema-graph\">{\"@context\":\"https:\\\/\\\/schema.org\",\"@graph\":[{\"@type\":\"WebPage\",\"@id\":\"https:\\\/\\\/fesfestival.com\\\/2026-\\\/accreditation-presse\\\/\",\"url\":\"https:\\\/\\\/fesfestival.com\\\/2026-\\\/accreditation-presse\\\/\",\"name\":\"Accr\u00e9ditation presse - Esprit de F\u00e8s\",\"isPartOf\":{\"@id\":\"https:\\\/\\\/fesfestival.com\\\/2026-\\\/#website\"},\"datePublished\":\"2026-03-19T14:58:13+00:00\",\"dateModified\":\"2026-03-19T15:01:02+00:00\",\"breadcrumb\":{\"@id\":\"https:\\\/\\\/fesfestival.com\\\/2026-\\\/accreditation-presse\\\/#breadcrumb\"},\"inLanguage\":\"fr-FR\",\"potentialAction\":[{\"@type\":\"ReadAction\",\"target\":[\"https:\\\/\\\/fesfestival.com\\\/2026-\\\/accreditation-presse\\\/\"]}]},{\"@type\":\"BreadcrumbList\",\"@id\":\"https:\\\/\\\/fesfestival.com\\\/2026-\\\/accreditation-presse\\\/#breadcrumb\",\"itemListElement\":[{\"@type\":\"ListItem\",\"position\":1,\"name\":\"Accueil\",\"item\":\"https:\\\/\\\/fesfestival.com\\\/2026-\\\/\"},{\"@type\":\"ListItem\",\"position\":2,\"name\":\"Accr\u00e9ditation presse\"}]},{\"@type\":\"WebSite\",\"@id\":\"https:\\\/\\\/fesfestival.com\\\/2026-\\\/#website\",\"url\":\"https:\\\/\\\/fesfestival.com\\\/2026-\\\/\",\"name\":\"Esprit de F\u00e8s\",\"description\":\"F\u00e8s Festival Music Sacr\u00e9e\",\"publisher\":{\"@id\":\"https:\\\/\\\/fesfestival.com\\\/2026-\\\/#organization\"},\"potentialAction\":[{\"@type\":\"SearchAction\",\"target\":{\"@type\":\"EntryPoint\",\"urlTemplate\":\"https:\\\/\\\/fesfestival.com\\\/2026-\\\/?s={search_term_string}\"},\"query-input\":{\"@type\":\"PropertyValueSpecification\",\"valueRequired\":true,\"valueName\":\"search_term_string\"}}],\"inLanguage\":\"fr-FR\"},{\"@type\":\"Organization\",\"@id\":\"https:\\\/\\\/fesfestival.com\\\/2026-\\\/#organization\",\"name\":\"Esprit de F\u00e8s\",\"url\":\"https:\\\/\\\/fesfestival.com\\\/2026-\\\/\",\"logo\":{\"@type\":\"ImageObject\",\"inLanguage\":\"fr-FR\",\"@id\":\"https:\\\/\\\/fesfestival.com\\\/2026-\\\/#\\\/schema\\\/logo\\\/image\\\/\",\"url\":\"https:\\\/\\\/fesfestival.com\\\/2026-\\\/wp-content\\\/uploads\\\/2026\\\/03\\\/Logo_blue-scaled.png\",\"contentUrl\":\"https:\\\/\\\/fesfestival.com\\\/2026-\\\/wp-content\\\/uploads\\\/2026\\\/03\\\/Logo_blue-scaled.png\",\"width\":2560,\"height\":1032,\"caption\":\"Esprit de F\u00e8s\"},\"image\":{\"@id\":\"https:\\\/\\\/fesfestival.com\\\/2026-\\\/#\\\/schema\\\/logo\\\/image\\\/\"}}]}<\/script>\n<!-- \/ Yoast SEO plugin. -->","yoast_head_json":{"title":"Accr\u00e9ditation presse - Esprit de F\u00e8s","robots":{"index":"index","follow":"follow","max-snippet":"max-snippet:-1","max-image-preview":"max-image-preview:large","max-video-preview":"max-video-preview:-1"},"canonical":"https:\/\/fesfestival.com\/2026-\/accreditation-presse\/","og_locale":"fr_FR","og_type":"article","og_title":"Accr\u00e9ditation presse - Esprit de F\u00e8s","og_url":"https:\/\/fesfestival.com\/2026-\/accreditation-presse\/","og_site_name":"Esprit de F\u00e8s","article_modified_time":"2026-03-19T15:01:02+00:00","twitter_card":"summary_large_image","schema":{"@context":"https:\/\/schema.org","@graph":[{"@type":"WebPage","@id":"https:\/\/fesfestival.com\/2026-\/accreditation-presse\/","url":"https:\/\/fesfestival.com\/2026-\/accreditation-presse\/","name":"Accr\u00e9ditation presse - Esprit de F\u00e8s","isPartOf":{"@id":"https:\/\/fesfestival.com\/2026-\/#website"},"datePublished":"2026-03-19T14:58:13+00:00","dateModified":"2026-03-19T15:01:02+00:00","breadcrumb":{"@id":"https:\/\/fesfestival.com\/2026-\/accreditation-presse\/#breadcrumb"},"inLanguage":"fr-FR","potentialAction":[{"@type":"ReadAction","target":["https:\/\/fesfestival.com\/2026-\/accreditation-presse\/"]}]},{"@type":"BreadcrumbList","@id":"https:\/\/fesfestival.com\/2026-\/accreditation-presse\/#breadcrumb","itemListElement":[{"@type":"ListItem","position":1,"name":"Accueil","item":"https:\/\/fesfestival.com\/2026-\/"},{"@type":"ListItem","position":2,"name":"Accr\u00e9ditation presse"}]},{"@type":"WebSite","@id":"https:\/\/fesfestival.com\/2026-\/#website","url":"https:\/\/fesfestival.com\/2026-\/","name":"Esprit de F\u00e8s","description":"F\u00e8s Festival Music Sacr\u00e9e","publisher":{"@id":"https:\/\/fesfestival.com\/2026-\/#organization"},"potentialAction":[{"@type":"SearchAction","target":{"@type":"EntryPoint","urlTemplate":"https:\/\/fesfestival.com\/2026-\/?s={search_term_string}"},"query-input":{"@type":"PropertyValueSpecification","valueRequired":true,"valueName":"search_term_string"}}],"inLanguage":"fr-FR"},{"@type":"Organization","@id":"https:\/\/fesfestival.com\/2026-\/#organization","name":"Esprit de F\u00e8s","url":"https:\/\/fesfestival.com\/2026-\/","logo":{"@type":"ImageObject","inLanguage":"fr-FR","@id":"https:\/\/fesfestival.com\/2026-\/#\/schema\/logo\/image\/","url":"https:\/\/fesfestival.com\/2026-\/wp-content\/uploads\/2026\/03\/Logo_blue-scaled.png","contentUrl":"https:\/\/fesfestival.com\/2026-\/wp-content\/uploads\/2026\/03\/Logo_blue-scaled.png","width":2560,"height":1032,"caption":"Esprit de F\u00e8s"},"image":{"@id":"https:\/\/fesfestival.com\/2026-\/#\/schema\/logo\/image\/"}}]}},"jetpack_sharing_enabled":true,"_links":{"self":[{"href":"https:\/\/fesfestival.com\/2026-\/wp-json\/wp\/v2\/pages\/3068","targetHints":{"allow":["GET"]}}],"collection":[{"href":"https:\/\/fesfestival.com\/2026-\/wp-json\/wp\/v2\/pages"}],"about":[{"href":"https:\/\/fesfestival.com\/2026-\/wp-json\/wp\/v2\/types\/page"}],"author":[{"embeddable":true,"href":"https:\/\/fesfestival.com\/2026-\/wp-json\/wp\/v2\/users\/1"}],"replies":[{"embeddable":true,"href":"https:\/\/fesfestival.com\/2026-\/wp-json\/wp\/v2\/comments?post=3068"}],"version-history":[{"count":4,"href":"https:\/\/fesfestival.com\/2026-\/wp-json\/wp\/v2\/pages\/3068\/revisions"}],"predecessor-version":[{"id":3074,"href":"https:\/\/fesfestival.com\/2026-\/wp-json\/wp\/v2\/pages\/3068\/revisions\/3074"}],"wp:attachment":[{"href":"https:\/\/fesfestival.com\/2026-\/wp-json\/wp\/v2\/media?parent=3068"}],"curies":[{"name":"wp","href":"https:\/\/api.w.org\/{rel}","templated":true}]}}