{"id":3015,"date":"2026-03-19T14:33:06","date_gmt":"2026-03-19T13:33:06","guid":{"rendered":"https:\/\/fesfestival.com\/2026-\/?page_id=3015"},"modified":"2026-04-19T21:21:46","modified_gmt":"2026-04-19T19:21:46","slug":"mot-du-president","status":"publish","type":"page","link":"https:\/\/fesfestival.com\/2026-\/mot-du-president\/","title":{"rendered":"Mot du pr\u00e9sident"},"content":{"rendered":"\t\t<div data-elementor-type=\"wp-page\" data-elementor-id=\"3015\" class=\"elementor elementor-3015\">\n\t\t\t\t\t\t<section class=\"elementor-section elementor-top-section elementor-element elementor-element-17c7f26c elementor-section-full_width elementor-section-content-middle elementor-section-stretched elementor-section-height-default elementor-section-height-default\" data-id=\"17c7f26c\" data-element_type=\"section\" data-e-type=\"section\" data-settings=\"{&quot;stretch_section&quot;:&quot;section-stretched&quot;}\">\n\t\t\t\t\t\t<div class=\"elementor-container elementor-column-gap-no\">\n\t\t\t\t\t<div class=\"elementor-column elementor-col-100 elementor-top-column elementor-element elementor-element-6674a984\" data-id=\"6674a984\" data-element_type=\"column\" data-e-type=\"column\">\n\t\t\t<div class=\"elementor-widget-wrap elementor-element-populated\">\n\t\t\t\t\t\t<div class=\"elementor-element elementor-element-a054457 elementor-widget elementor-widget-text-editor\" data-id=\"a054457\" data-element_type=\"widget\" data-e-type=\"widget\" data-widget_type=\"text-editor.default\">\n\t\t\t\t<div class=\"elementor-widget-container\">\n\t\t\t\t\t\t\t\t\t<div class=\"elementor-widget-container\">\n\t\t\t\t\t\t\t\t\t<!-- ============================================================\n     FESTIVAL DE F\u00c8S \u2014 Bloc \u00e9ditorial\n     \u00c0 coller dans WordPress via :\n     \u2022 \u00c9diteur Gutenberg \u2192 bloc \"HTML personnalis\u00e9\"\n     \u2022 OU \u00c9diteur classique \u2192 onglet \"Texte\"\n     ============================================================ -->\n\n<link href=\"https:\/\/fonts.googleapis.com\/css2?family=Cormorant+Garamond:ital,wght@0,300;0,400;0,500;1,300;1,400&amp;display=swap\" rel=\"stylesheet\">\n\n<style>\n.fes-wrapper {\n  font-family: 'Cormorant Garamond', Georgia, serif;\n  color: #2C2C2A;\n  max-width: 1000px;\n  margin: 0 auto;\n  padding: 3rem 2rem;\n  line-height: 1.8;\n}\n\n.fes-ornament {\n  text-align: center;\n  font-size: 18px;\n  color: #666;\n  letter-spacing: 0.3em;\n  margin-bottom: 2.5rem;\n}\n\n.fes-blockquote {\n  border-left: 3px solid #000;\n  margin: 0 0 3rem 0;\n  padding: 1.5rem 0 1.5rem 2.5rem;\n  background: #F9F9F9;\n}\n\n.fes-blockquote-text {\n  font-size: 26px;\n  font-style: italic;\n  font-weight: 1000;\n  color: #000;\n  line-height: 1.7;\n  margin: 0 0 1rem 0;\n}\n\n.fes-blockquote-source {\n  font-size: 14px;\n  font-family: 'Cormorant Garamond', Georgia, serif;\n  font-weight: 400;\n  letter-spacing: 0.08em;\n  color: #000;\n  text-transform: uppercase;\n  margin: 0;\n  line-height: 1.6;\n}\n\n.fes-theme-label {\n  text-align: center;\n  font-family: 'Cormorant Garamond', Georgia, serif;\n  font-size: 14px;\n  letter-spacing: 0.2em;\n  text-transform: uppercase;\n  color: #000;\n  margin: 0 0 0.8rem 0;\n  font-weight: 600;\n}\n\n.fes-theme-title {\n  text-align: center;\n  font-family: 'Cormorant Garamond', Georgia, serif;\n  font-size: 32px;\n  font-weight: 400;\n  letter-spacing: 0.05em;\n  color: #000;\n  margin: 0 0 3rem 0;\n  line-height: 1.4;\n}\n\n.fes-divider {\n  border: none;\n  border-top: 1px solid #DDD;\n  margin: 3rem 0;\n}\n\n.fes-divider-ornament {\n  text-align: center;\n  margin: -1.2rem 0 3rem 0;\n}\n\n.fes-divider-ornament span {\n  background: #FFF;\n  padding: 0 1rem;\n  font-size: 12px;\n  color: #999;\n  letter-spacing: 0.2em;\n}\n\n\n\n.fes-body {\n  font-size: 20px;\n  font-weight: 600;\n  font-style: italic;\n  color: #000;\n  margin: 0 0 1.6rem 0;\n  line-height: 2;\n  text-align: justify;\n}\n\n.fes-closing {\n  text-align: center;\n  font-family: 'Cormorant Garamond', Georgia, serif;\n  font-size: 24px;\n  font-weight: 400;\n  color: #000;\n  margin: 3rem 0 0 0;\n  padding: 2.5rem 1.5rem;\n  border-top: 1px solid #DDD;\n  border-bottom: 1px solid #DDD;\n  line-height: 1.6;\n}\n\n.fes-closing-sub {\n  display: block;\n  font-size: 14px;\n  font-family: 'Cormorant Garamond', Georgia, serif;\n  font-weight: 600;\n  font-style: italic;\n  color: #000;\n  margin-top: 1rem;\n  letter-spacing: 0.08em;\n  text-transform: uppercase;\n}\n\n\/* Responsive mobile *\/\n@media (max-width: 768px) {\n  .fes-wrapper {\n    padding: 2rem 1.5rem;\n  }\n  .fes-theme-title {\n    font-size: 24px;\n  }\n  .fes-closing {\n    font-size: 20px;\n  }\n  .fes-blockquote {\n    padding: 1rem 0 1rem 1.5rem;\n  }\n}\n<\/style>\n\n<div class=\"fes-wrapper \" style=\"margin: 0 auto;\">\n\n  <div class=\"fes-ornament\">\u2726 &nbsp; \u2726 &nbsp; \u2726<\/div>\n\n  <div class=\"fes-blockquote\">\n    <p class=\"fes-blockquote-text\">\u00ab Dieu, le Tr\u00e8s-Haut, a bien voulu combler ce pays de comp\u00e9tences de valeur en arts et m\u00e9tiers et de potentialit\u00e9s jeunes et prometteuses. \u00bb<\/p>\n    <p class=\"fes-blockquote-source\">Message Royal \u2014 Colloque national sur le Livre Blanc de l\u2019artisanat et des m\u00e9tiers F\u00e8s, 14 septembre 2001<\/p>\n  <\/div>\n\n  <hr class=\"fes-divider\">\n\n \n\n  <p class=\"fes-body\">C\u2019est dans cet esprit que la 29e \u00e9dition du Festival de F\u00e8s des Musiques Sacr\u00e9es du\nMonde, plac\u00e9e sous le th\u00e8me : \u00ab Gardiens du Geste et du Patrimoine \u00bb c\u00e9l\u00e8bre\ncelles et ceux qui pr\u00e9servent et perp\u00e9tuent le patrimoine dans ses formes les plus\nvivantes. Les artistes, les musiciens, les ensembles et les cr\u00e9ateurs ne sont pas\nseulement des interpr\u00e8tes : ils sont les d\u00e9positaires de m\u00e9moires, les passeurs de\ntraditions, les gardiens de gestes affin\u00e9s au fil des si\u00e8cles.<br><br>\nCette v\u00e9rit\u00e9 ne se limite ni \u00e0 une r\u00e9gion du monde, ni \u00e0 une seule tradition.\nD\u2019un continent \u00e0 l\u2019autre, l\u2019humanit\u00e9 a confi\u00e9 une part essentielle de sa m\u00e9moire au\ngeste.\nEn Afrique, par l\u2019oralit\u00e9, le rythme, et le rituel ; en Asie, par la discipline des\nformes, la pr\u00e9cision des savoir-faire ; en Oc\u00e9anie, par\ndes pratiques o\u00f9 se rejoignent la terre, les anc\u00eatres et la communaut\u00e9 ; dans les\nAm\u00e9riques, par des gestes de transmission, de r\u00e9invention ; en\nEurope enfin, par les ateliers, les arts sacr\u00e9s, les m\u00e9tiers et les \u0153uvres fa\u00e7onn\u00e9es\npar la main.<br><br>\nEt c\u2019est \u00e0 F\u00e8s que cette m\u00e9moire vivante trouve l\u2019une de ses expressions les plus\nprofondes.\nF\u00e8s n\u2019est pas seulement une ville de m\u00e9moire ; elle est une ville o\u00f9 la m\u00e9moire\ndemeure \u00e0 l\u2019\u0153uvre, o\u00f9 l\u2019h\u00e9ritage se transmet encore par les gestes, par les savoir-\nfaire, par cette fid\u00e9lit\u00e9 silencieuse qui relie les g\u00e9n\u00e9rations les unes aux autres.\nIci, le patrimoine ne vit pas uniquement dans les pierres, il vit dans les ateliers, &nbsp;dans\nles mati\u00e8res travaill\u00e9es avec patience, dans la pr\u00e9cision d\u2019une main, dans la rigueur\nd\u2019un savoir-faire, dans la permanence de m\u00e9tiers qui continuent de donner forme \u00e0\nl\u2019\u00e2me m\u00eame de la cit\u00e9.<br><br>\nDans l\u2019art du zellige, du cuir, du bois sculpt\u00e9, du tissage, de la calligraphie ou du\nm\u00e9tal, de la broderie\u2026.F\u00e8s nous rappelle avec force qu\u2019un patrimoine n\u2019est jamais\naussi vivant que lorsqu\u2019il continue d\u2019\u00eatre pratiqu\u00e9, transmis, incarn\u00e9.\nC\u2019est sans doute ce qui donne \u00e0 notre th\u00e8me une r\u00e9sonance si profonde dans le\nmonde contemporain. Nous vivons une \u00e9poque de transformation rapide, o\u00f9 les\ntechnologies redessinent nos rapports au savoir et \u00e0 la cr\u00e9ation. L\u2019intelligence\nartificielle, en particulier, ouvre des horizons consid\u00e9rables. Elle promet d\u2019\u00e9largir\nl\u2019acc\u00e8s \u00e0 la connaissance, d\u2019accro\u00eetre les capacit\u00e9s humaines, d\u2019inventer de\nnouveaux langages de cr\u00e9ation.\nEt nous aurions tort de ne pas en reconna\u00eetre la port\u00e9e.<br><br>\nMais pr\u00e9cis\u00e9ment parce que ces avanc\u00e9es sont immenses, elles nous imposent une\nvigilance \u00e0 la mesure de leur puissance. Car ce que porte le geste humain ne saurait\nse r\u00e9duire \u00e0 la seule performance, ni \u00e0 la seule reproduction des formes.\nIl est fait de ce temps long par lequel la main se forme, par lequel une tradition se\ntransmet, par lequel une \u0153uvre re\u00e7oit ce suppl\u00e9ment d\u2019\u00e2me que rien ne remplace.\nD\u00e8s lors, prot\u00e9ger le geste ne revient pas \u00e0 tourner le dos \u00e0 la modernit\u00e9.<br><br>\nProt\u00e9ger le patrimoine, ce n\u2019est pas seulement pr\u00e9server le pass\u00e9.\nC\u2019est rendre possible un avenir pleinement humain.<\/p>  \n\n<\/div>\t\t\t\t\t\t\t\t<\/div>\t\t\t\t\t\t\t\t<\/div>\n\t\t\t\t<\/div>\n\t\t\t\t<div class=\"elementor-element elementor-element-f6a1926 elementor-widget elementor-widget-text-editor\" data-id=\"f6a1926\" data-element_type=\"widget\" data-e-type=\"widget\" data-widget_type=\"text-editor.default\">\n\t\t\t\t<div class=\"elementor-widget-container\">\n\t\t\t\t\t\t\t\t\t<h6 style=\"font-size: 20px;\"><br \/>Abderrafia Zouitene<br \/>Pr\u00e9sident<\/h6><h2>\u00a0<\/h2>\t\t\t\t\t\t\t\t<\/div>\n\t\t\t\t<\/div>\n\t\t\t\t\t<\/div>\n\t\t<\/div>\n\t\t\t\t\t<\/div>\n\t\t<\/section>\n\t\t\t\t<\/div>\n\t\t","protected":false},"excerpt":{"rendered":"<p>\u2726 &nbsp; \u2726 &nbsp; \u2726 \u00ab Dieu, le Tr\u00e8s-Haut, a bien voulu combler ce pays de comp\u00e9tences de valeur en arts et m\u00e9tiers et de potentialit\u00e9s jeunes et prometteuses. \u00bb Message Royal \u2014 Colloque national sur le Livre Blanc de l\u2019artisanat et des m\u00e9tiers F\u00e8s, 14 septembre 2001 C\u2019est dans cet esprit que la 29e&#8230;<\/p>\n","protected":false},"author":1,"featured_media":0,"parent":0,"menu_order":0,"comment_status":"closed","ping_status":"closed","template":"","meta":{"footnotes":""},"class_list":["post-3015","page","type-page","status-publish","hentry"],"jetpack_sharing_enabled":true,"_links":{"self":[{"href":"https:\/\/fesfestival.com\/2026-\/wp-json\/wp\/v2\/pages\/3015","targetHints":{"allow":["GET"]}}],"collection":[{"href":"https:\/\/fesfestival.com\/2026-\/wp-json\/wp\/v2\/pages"}],"about":[{"href":"https:\/\/fesfestival.com\/2026-\/wp-json\/wp\/v2\/types\/page"}],"author":[{"embeddable":true,"href":"https:\/\/fesfestival.com\/2026-\/wp-json\/wp\/v2\/users\/1"}],"replies":[{"embeddable":true,"href":"https:\/\/fesfestival.com\/2026-\/wp-json\/wp\/v2\/comments?post=3015"}],"version-history":[{"count":106,"href":"https:\/\/fesfestival.com\/2026-\/wp-json\/wp\/v2\/pages\/3015\/revisions"}],"predecessor-version":[{"id":3782,"href":"https:\/\/fesfestival.com\/2026-\/wp-json\/wp\/v2\/pages\/3015\/revisions\/3782"}],"wp:attachment":[{"href":"https:\/\/fesfestival.com\/2026-\/wp-json\/wp\/v2\/media?parent=3015"}],"curies":[{"name":"wp","href":"https:\/\/api.w.org\/{rel}","templated":true}]}}