{"id":2971,"date":"2026-03-19T11:58:29","date_gmt":"2026-03-19T10:58:29","guid":{"rendered":"https:\/\/fesfestival.com\/2026-\/?page_id=2971"},"modified":"2026-04-17T00:45:56","modified_gmt":"2026-04-16T22:45:56","slug":"le-festival","status":"publish","type":"page","link":"https:\/\/fesfestival.com\/2026-\/le-festival\/","title":{"rendered":"Le festival"},"content":{"rendered":"\t\t<div data-elementor-type=\"wp-page\" data-elementor-id=\"2971\" class=\"elementor elementor-2971\">\n\t\t\t\t\t\t<section class=\"elementor-section elementor-top-section elementor-element elementor-element-f484104 elementor-section-boxed elementor-section-height-default elementor-section-height-default\" data-id=\"f484104\" data-element_type=\"section\" data-e-type=\"section\">\n\t\t\t\t\t\t<div class=\"elementor-container elementor-column-gap-default\">\n\t\t\t\t\t<div class=\"elementor-column elementor-col-100 elementor-top-column elementor-element elementor-element-b902fd3\" data-id=\"b902fd3\" data-element_type=\"column\" data-e-type=\"column\">\n\t\t\t<div class=\"elementor-widget-wrap elementor-element-populated\">\n\t\t\t\t\t\t<div class=\"elementor-element elementor-element-90e0122 elementor-widget elementor-widget-rt-title\" data-id=\"90e0122\" data-element_type=\"widget\" data-e-type=\"widget\" data-widget_type=\"rt-title.default\">\n\t\t\t\t<div class=\"elementor-widget-container\">\n\t\t\t\t\t<div class=\"rt-el-title section-heading style4\">\t\n        <h3 class=\"rtin-title title-bold color-dark title-bar\">Sous le Haut Patronage de Sa Majest\u00e9 le Roi Mohammed VI, que Dieu l&#039;assiste<\/h3>\t\n<\/div>\n\t\t\t\t<\/div>\n\t\t\t\t<\/div>\n\t\t\t\t\t<\/div>\n\t\t<\/div>\n\t\t\t\t\t<\/div>\n\t\t<\/section>\n\t\t\t\t<section class=\"elementor-section elementor-top-section elementor-element elementor-element-5b464537 elementor-section-full_width elementor-section-content-middle elementor-section-height-default elementor-section-height-default\" data-id=\"5b464537\" data-element_type=\"section\" data-e-type=\"section\" data-settings=\"{&quot;shape_divider_top&quot;:&quot;opacity-tilt&quot;}\">\n\t\t\t\t\t<div class=\"elementor-shape elementor-shape-top\" aria-hidden=\"true\" data-negative=\"false\">\n\t\t\t<svg xmlns=\"http:\/\/www.w3.org\/2000\/svg\" viewBox=\"0 0 2600 131.1\" preserveAspectRatio=\"none\">\n\t<path class=\"elementor-shape-fill\" d=\"M0 0L2600 0 2600 69.1 0 0z\"\/>\n\t<path class=\"elementor-shape-fill\" style=\"opacity:0.5\" d=\"M0 0L2600 0 2600 69.1 0 69.1z\"\/>\n\t<path class=\"elementor-shape-fill\" style=\"opacity:0.25\" d=\"M2600 0L0 0 0 130.1 2600 69.1z\"\/>\n<\/svg>\t\t<\/div>\n\t\t\t\t\t<div class=\"elementor-container elementor-column-gap-no\">\n\t\t\t\t\t<div class=\"elementor-column elementor-col-66 elementor-top-column elementor-element elementor-element-413eda2f\" data-id=\"413eda2f\" data-element_type=\"column\" data-e-type=\"column\">\n\t\t\t<div class=\"elementor-widget-wrap elementor-element-populated\">\n\t\t\t\t\t\t<div class=\"elementor-element elementor-element-31424bd7 elementor-widget__width-initial elementor-widget elementor-widget-text-editor\" data-id=\"31424bd7\" data-element_type=\"widget\" data-e-type=\"widget\" data-widget_type=\"text-editor.default\">\n\t\t\t\t<div class=\"elementor-widget-container\">\n\t\t\t\t\t\t\t\t\t<div class=\"pagelayer-col-holder\"><p><br \/><strong><br \/><!-- TEXTE CITATION --><\/strong><\/p><p style=\"font-size: 18px; font-style: italic; line-height: 1.7; color: #555; border-left: 3px solid #0A3D62; padding-left: 15px; margin-bottom: 10px;\"><strong>\u00abIl Nous est agr\u00e9able de Nous adresser aux participants au Colloque National sur le Livre Blanc concernant l&#8217;artisanat et les m\u00e9tiers, tout en \u00e9voquant, avec d\u00e9f\u00e9rence, la m\u00e9moire de notre v\u00e9n\u00e9r\u00e9 p\u00e8re, feu Sa Majest\u00e9 le Roi Hassan II, que Dieu l&#8217;ait en Sa Sainte Mis\u00e9ricorde, qui avait oeuvr\u00e9 \u00e0 la r\u00e9habilitation de notre artisanat et de ses corps de m\u00e9tiers pour leur restituer leurs lettres de noblesse, \u00e9tant nous-m\u00eame anim\u00e9 du souci permanent d&#8217;asseoir les bases d&#8217;une nouvelle renaissance de ce secteur vital, Nous lui r\u00e9servons, ainsi qu&#8217;aux gens de m\u00e9tiers qui l&#8217;animent, une sollicitude particuli\u00e8re et une grande consid\u00e9ration, eu \u00e9gard \u00e0 leur r\u00f4le primordial dans la pr\u00e9servation de l&#8217;identit\u00e9 marocaine p\u00e9renne.\u00bb<\/strong><\/p><p><!-- SIGNATURE --><\/p><div class=\"p-0YxHIpWj8kj7BhUc pagelayer-text fadeInUp pagelayer-wow\"><div class=\"pagelayer-text-holder\"><p style=\"font-size: 14px; font-style: italic; color: #777; text-align: left;\"><strong>Message Royal aux participants au colloque national sur le Livre Blanc concernant l&#8217;artisanat et les m\u00e9tiers (F\u00e8s, vendredi 14 septembre 2001)<\/strong><\/p><\/div><\/div><\/div>\t\t\t\t\t\t\t\t<\/div>\n\t\t\t\t<\/div>\n\t\t\t\t\t<\/div>\n\t\t<\/div>\n\t\t\t\t<div class=\"elementor-column elementor-col-33 elementor-top-column elementor-element elementor-element-6180bed5\" data-id=\"6180bed5\" data-element_type=\"column\" data-e-type=\"column\">\n\t\t\t<div class=\"elementor-widget-wrap elementor-element-populated\">\n\t\t\t\t\t\t<div class=\"elementor-element elementor-element-50ef9e14 elementor-widget elementor-widget-image\" data-id=\"50ef9e14\" data-element_type=\"widget\" data-e-type=\"widget\" data-widget_type=\"image.default\">\n\t\t\t\t<div class=\"elementor-widget-container\">\n\t\t\t\t\t\t\t\t\t\t\t\t\t\t\t<img fetchpriority=\"high\" decoding=\"async\" width=\"325\" height=\"448\" src=\"https:\/\/fesfestival.com\/2026-\/wp-content\/uploads\/2026\/03\/SM-Mohammed-6.jpg\" class=\"attachment-full size-full wp-image-2975\" alt=\"\" srcset=\"https:\/\/fesfestival.com\/2026-\/wp-content\/uploads\/2026\/03\/SM-Mohammed-6.jpg 325w, https:\/\/fesfestival.com\/2026-\/wp-content\/uploads\/2026\/03\/SM-Mohammed-6-218x300.jpg 218w\" sizes=\"(max-width: 325px) 100vw, 325px\" \/>\t\t\t\t\t\t\t\t\t\t\t\t\t\t\t<\/div>\n\t\t\t\t<\/div>\n\t\t\t\t\t<\/div>\n\t\t<\/div>\n\t\t\t\t\t<\/div>\n\t\t<\/section>\n\t\t\t\t<section class=\"elementor-section elementor-top-section elementor-element elementor-element-9eb97a8 elementor-section-boxed elementor-section-height-default elementor-section-height-default\" data-id=\"9eb97a8\" data-element_type=\"section\" data-e-type=\"section\" data-settings=\"{&quot;background_background&quot;:&quot;gradient&quot;,&quot;shape_divider_top&quot;:&quot;mountains&quot;}\">\n\t\t\t\t\t\t\t<div class=\"elementor-background-overlay\"><\/div>\n\t\t\t\t\t\t<div class=\"elementor-shape elementor-shape-top\" aria-hidden=\"true\" data-negative=\"false\">\n\t\t\t<svg xmlns=\"http:\/\/www.w3.org\/2000\/svg\" viewBox=\"0 0 1000 100\" preserveAspectRatio=\"none\">\n\t<path class=\"elementor-shape-fill\" opacity=\"0.33\" d=\"M473,67.3c-203.9,88.3-263.1-34-320.3,0C66,119.1,0,59.7,0,59.7V0h1000v59.7 c0,0-62.1,26.1-94.9,29.3c-32.8,3.3-62.8-12.3-75.8-22.1C806,49.6,745.3,8.7,694.9,4.7S492.4,59,473,67.3z\"\/>\n\t<path class=\"elementor-shape-fill\" opacity=\"0.66\" d=\"M734,67.3c-45.5,0-77.2-23.2-129.1-39.1c-28.6-8.7-150.3-10.1-254,39.1 s-91.7-34.4-149.2,0C115.7,118.3,0,39.8,0,39.8V0h1000v36.5c0,0-28.2-18.5-92.1-18.5C810.2,18.1,775.7,67.3,734,67.3z\"\/>\n\t<path class=\"elementor-shape-fill\" d=\"M766.1,28.9c-200-57.5-266,65.5-395.1,19.5C242,1.8,242,5.4,184.8,20.6C128,35.8,132.3,44.9,89.9,52.5C28.6,63.7,0,0,0,0 h1000c0,0-9.9,40.9-83.6,48.1S829.6,47,766.1,28.9z\"\/>\n<\/svg>\t\t<\/div>\n\t\t\t\t\t<div class=\"elementor-container elementor-column-gap-default\">\n\t\t\t\t\t<div class=\"elementor-column elementor-col-100 elementor-top-column elementor-element elementor-element-0e539d0\" data-id=\"0e539d0\" data-element_type=\"column\" data-e-type=\"column\">\n\t\t\t<div class=\"elementor-widget-wrap elementor-element-populated\">\n\t\t\t\t\t\t<div class=\"elementor-section elementor-inner-section elementor-element elementor-element-03a5f0a elementor-section-boxed elementor-section-height-default elementor-section-height-default\" data-id=\"03a5f0a\" data-element_type=\"section\" data-e-type=\"section\">\n\t\t\t\t\t\t<div class=\"elementor-container elementor-column-gap-default\">\n\t\t\t\t\t<div class=\"elementor-column elementor-col-100 elementor-inner-column elementor-element elementor-element-b5a6508\" data-id=\"b5a6508\" data-element_type=\"column\" data-e-type=\"column\">\n\t\t\t<div class=\"elementor-widget-wrap elementor-element-populated\">\n\t\t\t\t\t\t<div class=\"elementor-element elementor-element-4e9b0fa elementor-widget elementor-widget-rt-title\" data-id=\"4e9b0fa\" data-element_type=\"widget\" data-e-type=\"widget\" data-widget_type=\"rt-title.default\">\n\t\t\t\t<div class=\"elementor-widget-container\">\n\t\t\t\t\t<div class=\"rt-el-title section-heading title-black color-light text-center style1\">\n\t<h2 class=\"rtin-title\">S.A.R. la Princesse Lalla HASNAA<\/h2>\n\t<div class=\"rtin-subtitle\"><p><\/p><\/div>\n<\/div>\n\t\t\t\t<\/div>\n\t\t\t\t<\/div>\n\t\t\t\t\t<\/div>\n\t\t<\/div>\n\t\t\t\t\t<\/div>\n\t\t<\/div>\n\t\t\t\t\t<\/div>\n\t\t<\/div>\n\t\t\t\t\t<\/div>\n\t\t<\/section>\n\t\t\t\t<section class=\"elementor-section elementor-top-section elementor-element elementor-element-f6eb743 elementor-section-full_width elementor-section-content-middle elementor-section-height-default elementor-section-height-default\" data-id=\"f6eb743\" data-element_type=\"section\" data-e-type=\"section\">\n\t\t\t\t\t\t\t<div class=\"elementor-background-overlay\"><\/div>\n\t\t\t\t\t\t\t<div class=\"elementor-container elementor-column-gap-no\">\n\t\t\t\t\t<div class=\"elementor-column elementor-col-50 elementor-top-column elementor-element elementor-element-ce4512d\" data-id=\"ce4512d\" data-element_type=\"column\" data-e-type=\"column\">\n\t\t\t<div class=\"elementor-widget-wrap elementor-element-populated\">\n\t\t\t\t\t\t<div class=\"elementor-element elementor-element-d5712bd elementor-widget elementor-widget-image\" data-id=\"d5712bd\" data-element_type=\"widget\" data-e-type=\"widget\" data-widget_type=\"image.default\">\n\t\t\t\t<div class=\"elementor-widget-container\">\n\t\t\t\t\t\t\t\t\t\t\t\t\t\t\t<img decoding=\"async\" width=\"1280\" height=\"853\" src=\"https:\/\/fesfestival.com\/2026-\/wp-content\/uploads\/2026\/04\/WhatsApp-Image-2026-04-13-at-21.40.34.jpeg\" class=\"attachment-full size-full wp-image-3531\" alt=\"\" srcset=\"https:\/\/fesfestival.com\/2026-\/wp-content\/uploads\/2026\/04\/WhatsApp-Image-2026-04-13-at-21.40.34.jpeg 1280w, https:\/\/fesfestival.com\/2026-\/wp-content\/uploads\/2026\/04\/WhatsApp-Image-2026-04-13-at-21.40.34-300x200.jpeg 300w, https:\/\/fesfestival.com\/2026-\/wp-content\/uploads\/2026\/04\/WhatsApp-Image-2026-04-13-at-21.40.34-1024x682.jpeg 1024w, https:\/\/fesfestival.com\/2026-\/wp-content\/uploads\/2026\/04\/WhatsApp-Image-2026-04-13-at-21.40.34-570x380.jpeg 570w, https:\/\/fesfestival.com\/2026-\/wp-content\/uploads\/2026\/04\/WhatsApp-Image-2026-04-13-at-21.40.34-600x400.jpeg 600w\" sizes=\"(max-width: 1280px) 100vw, 1280px\" \/>\t\t\t\t\t\t\t\t\t\t\t\t\t\t\t<\/div>\n\t\t\t\t<\/div>\n\t\t\t\t\t<\/div>\n\t\t<\/div>\n\t\t\t\t<div class=\"elementor-column elementor-col-50 elementor-top-column elementor-element elementor-element-8a7674b\" data-id=\"8a7674b\" data-element_type=\"column\" data-e-type=\"column\">\n\t\t\t<div class=\"elementor-widget-wrap elementor-element-populated\">\n\t\t\t\t\t\t<div class=\"elementor-element elementor-element-e89ca8a elementor-widget__width-initial elementor-widget elementor-widget-text-editor\" data-id=\"e89ca8a\" data-element_type=\"widget\" data-e-type=\"widget\" data-widget_type=\"text-editor.default\">\n\t\t\t\t<div class=\"elementor-widget-container\">\n\t\t\t\t\t\t\t\t\t<div><p><!-- TEXTE CITATION --><\/p><p style=\"font-size: 16px; font-style: italic; line-height: 1.7; color: #555; border-left: 3px solid #0A3D62; padding-left: 15px; margin-bottom: 10px;\">\u00ab Un immense privil\u00e8ge et honneur, Son Altesse Royale la Princesse LALLA HASNAA a pr\u00e9sid\u00e9 l\u2019ouverture officielle du festival de F\u00e8s des musiques sacr\u00e9es du monde. Au terme de ce concert inaugural, Son Altesse Royale a proc\u00e9d\u00e9 \u00e0 la remise du \u00ab Prix jeunes talents-Esprit de F\u00e8s \u00bb aux laur\u00e9ats du conservatoire de musique de F\u00e8s, organis\u00e9 en partenariat avec la Fondation Esprit de F\u00e8s.\u00bb<\/p><\/div>\t\t\t\t\t\t\t\t<\/div>\n\t\t\t\t<\/div>\n\t\t\t\t\t<\/div>\n\t\t<\/div>\n\t\t\t\t\t<\/div>\n\t\t<\/section>\n\t\t\t\t<\/div>\n\t\t","protected":false},"excerpt":{"rendered":"<p>Sous le Haut Patronage de Sa Majest\u00e9 le Roi Mohammed VI, que Dieu l&#039;assiste \u00abIl Nous est agr\u00e9able de Nous adresser aux participants au Colloque National sur le Livre Blanc concernant l&#8217;artisanat et les m\u00e9tiers, tout en \u00e9voquant, avec d\u00e9f\u00e9rence, la m\u00e9moire de notre v\u00e9n\u00e9r\u00e9 p\u00e8re, feu Sa Majest\u00e9 le Roi Hassan II, que Dieu&#8230;<\/p>\n","protected":false},"author":1,"featured_media":0,"parent":0,"menu_order":0,"comment_status":"closed","ping_status":"closed","template":"","meta":{"footnotes":""},"class_list":["post-2971","page","type-page","status-publish","hentry"],"jetpack_sharing_enabled":true,"_links":{"self":[{"href":"https:\/\/fesfestival.com\/2026-\/wp-json\/wp\/v2\/pages\/2971","targetHints":{"allow":["GET"]}}],"collection":[{"href":"https:\/\/fesfestival.com\/2026-\/wp-json\/wp\/v2\/pages"}],"about":[{"href":"https:\/\/fesfestival.com\/2026-\/wp-json\/wp\/v2\/types\/page"}],"author":[{"embeddable":true,"href":"https:\/\/fesfestival.com\/2026-\/wp-json\/wp\/v2\/users\/1"}],"replies":[{"embeddable":true,"href":"https:\/\/fesfestival.com\/2026-\/wp-json\/wp\/v2\/comments?post=2971"}],"version-history":[{"count":35,"href":"https:\/\/fesfestival.com\/2026-\/wp-json\/wp\/v2\/pages\/2971\/revisions"}],"predecessor-version":[{"id":3704,"href":"https:\/\/fesfestival.com\/2026-\/wp-json\/wp\/v2\/pages\/2971\/revisions\/3704"}],"wp:attachment":[{"href":"https:\/\/fesfestival.com\/2026-\/wp-json\/wp\/v2\/media?parent=2971"}],"curies":[{"name":"wp","href":"https:\/\/api.w.org\/{rel}","templated":true}]}}