{"id":1309,"date":"2018-07-10T09:28:55","date_gmt":"2018-07-10T09:28:55","guid":{"rendered":"https:\/\/fesfestival.com\/2026-\/?page_id=1309"},"modified":"2026-04-15T20:27:20","modified_gmt":"2026-04-15T18:27:20","slug":"home3","status":"publish","type":"page","link":"https:\/\/fesfestival.com\/2026-\/","title":{"rendered":"Home 3"},"content":{"rendered":"\t\t<div data-elementor-type=\"wp-post\" data-elementor-id=\"1309\" class=\"elementor elementor-1309\">\n\t\t\t\t\t\t<div class=\"elementor-section elementor-top-section elementor-element elementor-element-29807c09 elementor-section-stretched elementor-section-boxed elementor-section-height-default elementor-section-height-default\" data-id=\"29807c09\" data-element_type=\"section\" data-e-type=\"section\" data-settings=\"{&quot;stretch_section&quot;:&quot;section-stretched&quot;}\">\n\t\t\t\t\t\t<div class=\"elementor-container elementor-column-gap-no\">\n\t\t\t\t\t<div class=\"elementor-column elementor-col-100 elementor-top-column elementor-element elementor-element-5e4fac8b\" data-id=\"5e4fac8b\" data-element_type=\"column\" data-e-type=\"column\">\n\t\t\t<div class=\"elementor-widget-wrap elementor-element-populated\">\n\t\t\t\t\t\t<div class=\"elementor-element elementor-element-9f1fd43 elementor-widget elementor-widget-wp-widget-layerslider_widget\" data-id=\"9f1fd43\" data-element_type=\"widget\" data-e-type=\"widget\" data-widget_type=\"wp-widget-layerslider_widget.default\">\n\t\t\t\t<div class=\"elementor-widget-container\">\n\t\t\t\t\t<div class=\"widget single-sidebar padding-bottom1\"><link href=\"https:\/\/fonts.googleapis.com\/css?family=Roboto:100,100i,200,200i,300,300i,400,400i,500,500i,600,600i,700,700i,800,800i,900,900i\" rel=\"stylesheet\"><div id=\"layerslider_6_o6utrr6na6fb\"  class=\"ls-wp-container fitvidsignore ls-selectable\" style=\"width:1280px;height:780px;margin:0 auto;margin-bottom: 0px;\"><div class=\"ls-slide\" data-ls=\"bgsize:100% 100%;duration:5000;transition2d:all;\"><img fetchpriority=\"high\" decoding=\"async\" width=\"2560\" height=\"1615\" src=\"https:\/\/fesfestival.com\/2026-\/wp-content\/uploads\/2026\/04\/Fes-KV-3-web-1-scaled.jpg\" class=\"ls-bg\" alt=\"\" srcset=\"https:\/\/fesfestival.com\/2026-\/wp-content\/uploads\/2026\/04\/Fes-KV-3-web-1-scaled.jpg 2560w, https:\/\/fesfestival.com\/2026-\/wp-content\/uploads\/2026\/04\/Fes-KV-3-web-1-300x189.jpg 300w, https:\/\/fesfestival.com\/2026-\/wp-content\/uploads\/2026\/04\/Fes-KV-3-web-1-1024x646.jpg 1024w, https:\/\/fesfestival.com\/2026-\/wp-content\/uploads\/2026\/04\/Fes-KV-3-web-1-1536x969.jpg 1536w, https:\/\/fesfestival.com\/2026-\/wp-content\/uploads\/2026\/04\/Fes-KV-3-web-1-2048x1292.jpg 2048w, https:\/\/fesfestival.com\/2026-\/wp-content\/uploads\/2026\/04\/Fes-KV-3-web-1-600x379.jpg 600w\" sizes=\"(max-width: 2560px) 100vw, 2560px\" \/><div style=\"top:14px;left:10px;font-size:18px;\" class=\"ls-l ls-post-layer\" data-ls=\"position:relative;\"><\/div><div style=\"top:65.04%;left:50.03%;font-size:18px;\" class=\"ls-l ls-hide-phone ls-html-layer\" data-ls=\"position:relative;\"><div class=\"rt-shortcode countdown-layout3\"><div data-countdown=\"2030\/10\/09 00:00:00\" class=\"idcountdown\"><\/div><\/div><\/div><\/div><\/div><\/div>\t\t\t\t<\/div>\n\t\t\t\t<\/div>\n\t\t\t\t\t<\/div>\n\t\t<\/div>\n\t\t\t\t\t<\/div>\n\t\t<\/div>\n\t\t\t\t<\/div>\n\t\t","protected":false},"excerpt":{"rendered":"","protected":false},"author":1,"featured_media":0,"parent":0,"menu_order":0,"comment_status":"closed","ping_status":"closed","template":"","meta":{"footnotes":""},"class_list":["post-1309","page","type-page","status-publish","hentry"],"yoast_head":"<!-- This site is optimized with the Yoast SEO plugin v27.5 - https:\/\/yoast.com\/product\/yoast-seo-wordpress\/ -->\n<title>Home 3 - Esprit de F\u00e8s<\/title>\n<meta name=\"robots\" content=\"index, follow, max-snippet:-1, max-image-preview:large, max-video-preview:-1\" \/>\n<link rel=\"canonical\" href=\"https:\/\/fesfestival.com\/2026-\/\" \/>\n<meta property=\"og:locale\" content=\"fr_FR\" \/>\n<meta property=\"og:type\" content=\"article\" \/>\n<meta property=\"og:title\" content=\"Home 3 - Esprit de F\u00e8s\" \/>\n<meta property=\"og:url\" content=\"https:\/\/fesfestival.com\/2026-\/\" \/>\n<meta property=\"og:site_name\" content=\"Esprit de F\u00e8s\" \/>\n<meta property=\"article:modified_time\" content=\"2026-04-15T18:27:20+00:00\" \/>\n<meta name=\"twitter:card\" content=\"summary_large_image\" \/>\n<script type=\"application\/ld+json\" class=\"yoast-schema-graph\">{\"@context\":\"https:\\\/\\\/schema.org\",\"@graph\":[{\"@type\":\"WebPage\",\"@id\":\"https:\\\/\\\/fesfestival.com\\\/2026-\\\/\",\"url\":\"https:\\\/\\\/fesfestival.com\\\/2026-\\\/\",\"name\":\"Home 3 - Esprit de F\u00e8s\",\"isPartOf\":{\"@id\":\"https:\\\/\\\/fesfestival.com\\\/2026-\\\/#website\"},\"datePublished\":\"2018-07-10T09:28:55+00:00\",\"dateModified\":\"2026-04-15T18:27:20+00:00\",\"breadcrumb\":{\"@id\":\"https:\\\/\\\/fesfestival.com\\\/2026-\\\/#breadcrumb\"},\"inLanguage\":\"fr-FR\",\"potentialAction\":[{\"@type\":\"ReadAction\",\"target\":[\"https:\\\/\\\/fesfestival.com\\\/2026-\\\/\"]}]},{\"@type\":\"BreadcrumbList\",\"@id\":\"https:\\\/\\\/fesfestival.com\\\/2026-\\\/#breadcrumb\",\"itemListElement\":[{\"@type\":\"ListItem\",\"position\":1,\"name\":\"Accueil\",\"item\":\"https:\\\/\\\/fesfestival.com\\\/2026-\\\/\"},{\"@type\":\"ListItem\",\"position\":2,\"name\":\"Home 3\"}]},{\"@type\":\"WebSite\",\"@id\":\"https:\\\/\\\/fesfestival.com\\\/2026-\\\/#website\",\"url\":\"https:\\\/\\\/fesfestival.com\\\/2026-\\\/\",\"name\":\"Esprit de F\u00e8s\",\"description\":\"F\u00e8s Festival Music Sacr\u00e9e\",\"publisher\":{\"@id\":\"https:\\\/\\\/fesfestival.com\\\/2026-\\\/#organization\"},\"potentialAction\":[{\"@type\":\"SearchAction\",\"target\":{\"@type\":\"EntryPoint\",\"urlTemplate\":\"https:\\\/\\\/fesfestival.com\\\/2026-\\\/?s={search_term_string}\"},\"query-input\":{\"@type\":\"PropertyValueSpecification\",\"valueRequired\":true,\"valueName\":\"search_term_string\"}}],\"inLanguage\":\"fr-FR\"},{\"@type\":\"Organization\",\"@id\":\"https:\\\/\\\/fesfestival.com\\\/2026-\\\/#organization\",\"name\":\"Esprit de F\u00e8s\",\"url\":\"https:\\\/\\\/fesfestival.com\\\/2026-\\\/\",\"logo\":{\"@type\":\"ImageObject\",\"inLanguage\":\"fr-FR\",\"@id\":\"https:\\\/\\\/fesfestival.com\\\/2026-\\\/#\\\/schema\\\/logo\\\/image\\\/\",\"url\":\"https:\\\/\\\/fesfestival.com\\\/2026-\\\/wp-content\\\/uploads\\\/2026\\\/03\\\/Logo_blue-scaled.png\",\"contentUrl\":\"https:\\\/\\\/fesfestival.com\\\/2026-\\\/wp-content\\\/uploads\\\/2026\\\/03\\\/Logo_blue-scaled.png\",\"width\":2560,\"height\":1032,\"caption\":\"Esprit de F\u00e8s\"},\"image\":{\"@id\":\"https:\\\/\\\/fesfestival.com\\\/2026-\\\/#\\\/schema\\\/logo\\\/image\\\/\"}}]}<\/script>\n<!-- \/ Yoast SEO plugin. -->","yoast_head_json":{"title":"Home 3 - Esprit de F\u00e8s","robots":{"index":"index","follow":"follow","max-snippet":"max-snippet:-1","max-image-preview":"max-image-preview:large","max-video-preview":"max-video-preview:-1"},"canonical":"https:\/\/fesfestival.com\/2026-\/","og_locale":"fr_FR","og_type":"article","og_title":"Home 3 - Esprit de F\u00e8s","og_url":"https:\/\/fesfestival.com\/2026-\/","og_site_name":"Esprit de F\u00e8s","article_modified_time":"2026-04-15T18:27:20+00:00","twitter_card":"summary_large_image","schema":{"@context":"https:\/\/schema.org","@graph":[{"@type":"WebPage","@id":"https:\/\/fesfestival.com\/2026-\/","url":"https:\/\/fesfestival.com\/2026-\/","name":"Home 3 - Esprit de F\u00e8s","isPartOf":{"@id":"https:\/\/fesfestival.com\/2026-\/#website"},"datePublished":"2018-07-10T09:28:55+00:00","dateModified":"2026-04-15T18:27:20+00:00","breadcrumb":{"@id":"https:\/\/fesfestival.com\/2026-\/#breadcrumb"},"inLanguage":"fr-FR","potentialAction":[{"@type":"ReadAction","target":["https:\/\/fesfestival.com\/2026-\/"]}]},{"@type":"BreadcrumbList","@id":"https:\/\/fesfestival.com\/2026-\/#breadcrumb","itemListElement":[{"@type":"ListItem","position":1,"name":"Accueil","item":"https:\/\/fesfestival.com\/2026-\/"},{"@type":"ListItem","position":2,"name":"Home 3"}]},{"@type":"WebSite","@id":"https:\/\/fesfestival.com\/2026-\/#website","url":"https:\/\/fesfestival.com\/2026-\/","name":"Esprit de F\u00e8s","description":"F\u00e8s Festival Music Sacr\u00e9e","publisher":{"@id":"https:\/\/fesfestival.com\/2026-\/#organization"},"potentialAction":[{"@type":"SearchAction","target":{"@type":"EntryPoint","urlTemplate":"https:\/\/fesfestival.com\/2026-\/?s={search_term_string}"},"query-input":{"@type":"PropertyValueSpecification","valueRequired":true,"valueName":"search_term_string"}}],"inLanguage":"fr-FR"},{"@type":"Organization","@id":"https:\/\/fesfestival.com\/2026-\/#organization","name":"Esprit de F\u00e8s","url":"https:\/\/fesfestival.com\/2026-\/","logo":{"@type":"ImageObject","inLanguage":"fr-FR","@id":"https:\/\/fesfestival.com\/2026-\/#\/schema\/logo\/image\/","url":"https:\/\/fesfestival.com\/2026-\/wp-content\/uploads\/2026\/03\/Logo_blue-scaled.png","contentUrl":"https:\/\/fesfestival.com\/2026-\/wp-content\/uploads\/2026\/03\/Logo_blue-scaled.png","width":2560,"height":1032,"caption":"Esprit de F\u00e8s"},"image":{"@id":"https:\/\/fesfestival.com\/2026-\/#\/schema\/logo\/image\/"}}]}},"jetpack_sharing_enabled":true,"_links":{"self":[{"href":"https:\/\/fesfestival.com\/2026-\/wp-json\/wp\/v2\/pages\/1309","targetHints":{"allow":["GET"]}}],"collection":[{"href":"https:\/\/fesfestival.com\/2026-\/wp-json\/wp\/v2\/pages"}],"about":[{"href":"https:\/\/fesfestival.com\/2026-\/wp-json\/wp\/v2\/types\/page"}],"author":[{"embeddable":true,"href":"https:\/\/fesfestival.com\/2026-\/wp-json\/wp\/v2\/users\/1"}],"replies":[{"embeddable":true,"href":"https:\/\/fesfestival.com\/2026-\/wp-json\/wp\/v2\/comments?post=1309"}],"version-history":[{"count":60,"href":"https:\/\/fesfestival.com\/2026-\/wp-json\/wp\/v2\/pages\/1309\/revisions"}],"predecessor-version":[{"id":3661,"href":"https:\/\/fesfestival.com\/2026-\/wp-json\/wp\/v2\/pages\/1309\/revisions\/3661"}],"wp:attachment":[{"href":"https:\/\/fesfestival.com\/2026-\/wp-json\/wp\/v2\/media?parent=1309"}],"curies":[{"name":"wp","href":"https:\/\/api.w.org\/{rel}","templated":true}]}}