{"id":1149,"date":"2018-07-02T07:56:37","date_gmt":"2018-07-02T07:56:37","guid":{"rendered":"https:\/\/fesfestival.com\/2026-\/?page_id=1149"},"modified":"2026-04-17T00:53:25","modified_gmt":"2026-04-16T22:53:25","slug":"ancien-edition","status":"publish","type":"page","link":"https:\/\/fesfestival.com\/2026-\/ancien-edition\/","title":{"rendered":"\u00c9ditions Pr\u00e9c\u00e9dentes"},"content":{"rendered":"\t\t<div data-elementor-type=\"wp-post\" data-elementor-id=\"1149\" class=\"elementor elementor-1149\">\n\t\t\t\t\t\t<section class=\"elementor-section elementor-top-section elementor-element elementor-element-f290d31 elementor-section-stretched elementor-section-full_width elementor-section-height-default elementor-section-height-default\" data-id=\"f290d31\" data-element_type=\"section\" data-e-type=\"section\" data-settings=\"{&quot;stretch_section&quot;:&quot;section-stretched&quot;}\">\n\t\t\t\t\t\t<div class=\"elementor-container elementor-column-gap-default\">\n\t\t\t\t\t<div class=\"elementor-column elementor-col-100 elementor-top-column elementor-element elementor-element-01bcc2a\" data-id=\"01bcc2a\" data-element_type=\"column\" data-e-type=\"column\">\n\t\t\t<div class=\"elementor-widget-wrap elementor-element-populated\">\n\t\t\t\t\t\t<div class=\"elementor-element elementor-element-7d031f7 elementor-widget elementor-widget-rt-title\" data-id=\"7d031f7\" data-element_type=\"widget\" data-e-type=\"widget\" data-widget_type=\"rt-title.default\">\n\t\t\t\t<div class=\"elementor-widget-container\">\n\t\t\t\t\t<div class=\"rt-el-title section-heading title-black color-light text-center style2\">\n\t<h2 class=\"rtin-title\">\u00c9ditions Pr\u00e9c\u00e9dentes<\/h2>\n\t<div class=\"rtin-subtitle\"><p>Chaque \u00e9dition du Festival de F\u00e8s des Musiques Sacr\u00e9es du Monde est unique, forte et singuli\u00e8re, port\u00e9e par une identit\u00e9 propre, une th\u00e9matique engag\u00e9e et une vision artistique en constante r\u00e9invention, au croisement des cultures, des spiritualit\u00e9s et des esth\u00e9tiques<\/p><\/div>\n<\/div>\n\t\t\t\t<\/div>\n\t\t\t\t<\/div>\n\t\t\t\t<div class=\"elementor-element elementor-element-52d4514 elementor-widget elementor-widget-rt-gallrey\" data-id=\"52d4514\" data-element_type=\"widget\" data-e-type=\"widget\" data-widget_type=\"rt-gallrey.default\">\n\t\t\t\t<div class=\"elementor-widget-container\">\n\t\t\t\t\t<div class=\"rt-el-gallrey-2 rt-isotope-wrapper\">\n\t\t<div class=\"rt-el-gallrey-tab rt-isotope-tab\"> \n\t\t<a href=\"#\" data-filter=\"*\" class=\"current\">All<\/a>\n\t\t\t\t\t\t\t\t<a href=\"#\" data-filter=\".177665423667-2017-2025\">\u00c9ditions 23-28 (2017-2025)<\/a>\n\t\t\t\t\t\t\t\t<a href=\"#\" data-filter=\".177665423667-2010-2016\">\u00c9ditions 16-22 (2010-2016)<\/a>\n\t\t\t\t\t\t\t\t<a href=\"#\" data-filter=\".177665423667-2005-2009\">\u00c9ditions 11-15 (2005-2009)<\/a>\n\t\t\t\t\t\t\t\t<a href=\"#\" data-filter=\".177665423667-2000-2004\">\u00c9ditions 6-10 (2000-2004)<\/a>\n\t\t\t\t\t\t\t\t<a href=\"#\" data-filter=\".177665423667-1995-1999\">\u00c9ditions 1-5 (1995-1999)<\/a>\n\t\t\t<\/div>\n\t\t\t<div class=\"row no-gutters rt-isotope-content\">\n\t\t\t\t\t<div class=\"col-lg-3 col-md-4 col-sm-6 col-xs-12 177665423667-2017-2025\">\n\t\t\t\t<div class=\"rtin-item\">\n\t\t\t\t\t<img decoding=\"async\" src=\"https:\/\/fesfestival.com\/2026-\/wp-content\/uploads\/2026\/03\/affiche_edition28-900x700.png\" alt=\"\u00c9dition 28 \u2014 2025\">\n\t\t\t\t\t<a href=\"https:\/\/fesfestival.com\/2026-\/wp-content\/uploads\/2026\/03\/affiche_edition28-900x700.png\" class=\"rtin-icon\"><i class=\"fa fa-search\" aria-hidden=\"true\"><\/i><\/a>\t\t\t\t\t\n\t\t\t\t<\/div>\n\t\t\t<\/div>\n\t\t\t\t\t<div class=\"col-lg-3 col-md-4 col-sm-6 col-xs-12 177665423667-2017-2025\">\n\t\t\t\t<div class=\"rtin-item\">\n\t\t\t\t\t<img decoding=\"async\" src=\"https:\/\/fesfestival.com\/2026-\/wp-content\/uploads\/2026\/03\/affiche_edition27-900x700.png\" alt=\"\u00c9dition 27 \u2014 2023\">\n\t\t\t\t\t<a href=\"https:\/\/fesfestival.com\/2026-\/wp-content\/uploads\/2026\/03\/affiche_edition27-900x700.png\" class=\"rtin-icon\"><i class=\"fa fa-search\" aria-hidden=\"true\"><\/i><\/a>\t\t\t\t\t\n\t\t\t\t<\/div>\n\t\t\t<\/div>\n\t\t\t\t\t<div class=\"col-lg-3 col-md-4 col-sm-6 col-xs-12 177665423667-2017-2025\">\n\t\t\t\t<div class=\"rtin-item\">\n\t\t\t\t\t<img decoding=\"async\" src=\"https:\/\/fesfestival.com\/2026-\/wp-content\/uploads\/2026\/04\/f8cdf34220e9903a63533fe1379d6b7620220520134202-1.jpg\" alt=\"\u00c9dition 26 \u2014 2022\">\n\t\t\t\t\t<a href=\"https:\/\/fesfestival.com\/2026-\/wp-content\/uploads\/2026\/04\/f8cdf34220e9903a63533fe1379d6b7620220520134202-1.jpg\" class=\"rtin-icon\"><i class=\"fa fa-search\" aria-hidden=\"true\"><\/i><\/a>\t\t\t\t\t\n\t\t\t\t<\/div>\n\t\t\t<\/div>\n\t\t\t\t\t<div class=\"col-lg-3 col-md-4 col-sm-6 col-xs-12 177665423667-2017-2025\">\n\t\t\t\t<div class=\"rtin-item\">\n\t\t\t\t\t<img decoding=\"async\" src=\"https:\/\/fesfestival.com\/2026-\/wp-content\/uploads\/2026\/04\/0-4.jpg\" alt=\"\u00c9dition 25 \u2014 2019\">\n\t\t\t\t\t<a href=\"https:\/\/fesfestival.com\/2026-\/wp-content\/uploads\/2026\/04\/0-4.jpg\" class=\"rtin-icon\"><i class=\"fa fa-search\" aria-hidden=\"true\"><\/i><\/a>\t\t\t\t\t\n\t\t\t\t<\/div>\n\t\t\t<\/div>\n\t\t\t\t\t<div class=\"col-lg-3 col-md-4 col-sm-6 col-xs-12 177665423667-2017-2025\">\n\t\t\t\t<div class=\"rtin-item\">\n\t\t\t\t\t<img decoding=\"async\" src=\"https:\/\/fesfestival.com\/2026-\/wp-content\/uploads\/2026\/04\/as.jpg\" alt=\"\u00c9dition 24 \u2014 2018\">\n\t\t\t\t\t<a href=\"https:\/\/fesfestival.com\/2026-\/wp-content\/uploads\/2026\/04\/as.jpg\" class=\"rtin-icon\"><i class=\"fa fa-search\" aria-hidden=\"true\"><\/i><\/a>\t\t\t\t\t\n\t\t\t\t<\/div>\n\t\t\t<\/div>\n\t\t\t\t\t<div class=\"col-lg-3 col-md-4 col-sm-6 col-xs-12 177665423667-2017-2025\">\n\t\t\t\t<div class=\"rtin-item\">\n\t\t\t\t\t<img decoding=\"async\" src=\"https:\/\/fesfestival.com\/2026-\/wp-content\/uploads\/2026\/04\/cc.jpg\" alt=\"\u00c9dition 23 \u2014 2017\">\n\t\t\t\t\t<a href=\"https:\/\/fesfestival.com\/2026-\/wp-content\/uploads\/2026\/04\/cc.jpg\" class=\"rtin-icon\"><i class=\"fa fa-search\" aria-hidden=\"true\"><\/i><\/a>\t\t\t\t\t\n\t\t\t\t<\/div>\n\t\t\t<\/div>\n\t\t\t\t\t<div class=\"col-lg-3 col-md-4 col-sm-6 col-xs-12 177665423667-2010-2016\">\n\t\t\t\t<div class=\"rtin-item\">\n\t\t\t\t\t<img decoding=\"async\" src=\"https:\/\/fesfestival.com\/2026-\/wp-content\/uploads\/2026\/03\/affiche_edition22.jpg\" alt=\"\u00c9dition 22 \u2014 2016\">\n\t\t\t\t\t<a href=\"https:\/\/fesfestival.com\/2026-\/wp-content\/uploads\/2026\/03\/affiche_edition22.jpg\" class=\"rtin-icon\"><i class=\"fa fa-search\" aria-hidden=\"true\"><\/i><\/a>\t\t\t\t\t\n\t\t\t\t<\/div>\n\t\t\t<\/div>\n\t\t\t\t\t<div class=\"col-lg-3 col-md-4 col-sm-6 col-xs-12 177665423667-2010-2016\">\n\t\t\t\t<div class=\"rtin-item\">\n\t\t\t\t\t<img decoding=\"async\" src=\"https:\/\/fesfestival.com\/2026-\/wp-content\/uploads\/2026\/03\/affiche_edition21.jpg\" alt=\"\u00c9dition 21 \u2014 2015\">\n\t\t\t\t\t<a href=\"https:\/\/fesfestival.com\/2026-\/wp-content\/uploads\/2026\/03\/affiche_edition21.jpg\" class=\"rtin-icon\"><i class=\"fa fa-search\" aria-hidden=\"true\"><\/i><\/a>\t\t\t\t\t\n\t\t\t\t<\/div>\n\t\t\t<\/div>\n\t\t\t\t\t<div class=\"col-lg-3 col-md-4 col-sm-6 col-xs-12 177665423667-2010-2016\">\n\t\t\t\t<div class=\"rtin-item\">\n\t\t\t\t\t<img decoding=\"async\" src=\"https:\/\/fesfestival.com\/2026-\/wp-content\/uploads\/2026\/03\/affiche_edition20.jpg\" alt=\"\u00c9dition 20 \u2014 2014\">\n\t\t\t\t\t<a href=\"https:\/\/fesfestival.com\/2026-\/wp-content\/uploads\/2026\/03\/affiche_edition20.jpg\" class=\"rtin-icon\"><i class=\"fa fa-search\" aria-hidden=\"true\"><\/i><\/a>\t\t\t\t\t\n\t\t\t\t<\/div>\n\t\t\t<\/div>\n\t\t\t\t\t<div class=\"col-lg-3 col-md-4 col-sm-6 col-xs-12 177665423667-2010-2016\">\n\t\t\t\t<div class=\"rtin-item\">\n\t\t\t\t\t<img decoding=\"async\" src=\"https:\/\/fesfestival.com\/2026-\/wp-content\/uploads\/2026\/03\/affiche_edition19.jpg\" alt=\"\u00c9dition 19 \u2014 2013\">\n\t\t\t\t\t<a href=\"https:\/\/fesfestival.com\/2026-\/wp-content\/uploads\/2026\/03\/affiche_edition19.jpg\" class=\"rtin-icon\"><i class=\"fa fa-search\" aria-hidden=\"true\"><\/i><\/a>\t\t\t\t\t\n\t\t\t\t<\/div>\n\t\t\t<\/div>\n\t\t\t\t\t<div class=\"col-lg-3 col-md-4 col-sm-6 col-xs-12 177665423667-2010-2016\">\n\t\t\t\t<div class=\"rtin-item\">\n\t\t\t\t\t<img decoding=\"async\" src=\"https:\/\/fesfestival.com\/2026-\/wp-content\/uploads\/2026\/03\/affiche_edition18.jpg\" alt=\"\u00c9dition 18 \u2014 2012\">\n\t\t\t\t\t<a href=\"https:\/\/fesfestival.com\/2026-\/wp-content\/uploads\/2026\/03\/affiche_edition18.jpg\" class=\"rtin-icon\"><i class=\"fa fa-search\" aria-hidden=\"true\"><\/i><\/a>\t\t\t\t\t\n\t\t\t\t<\/div>\n\t\t\t<\/div>\n\t\t\t\t\t<div class=\"col-lg-3 col-md-4 col-sm-6 col-xs-12 177665423667-2010-2016\">\n\t\t\t\t<div class=\"rtin-item\">\n\t\t\t\t\t<img decoding=\"async\" src=\"https:\/\/fesfestival.com\/2026-\/wp-content\/uploads\/2026\/03\/affiche_edition17.jpg\" alt=\"\u00c9dition 17 \u2014 2011\">\n\t\t\t\t\t<a href=\"https:\/\/fesfestival.com\/2026-\/wp-content\/uploads\/2026\/03\/affiche_edition17.jpg\" class=\"rtin-icon\"><i class=\"fa fa-search\" aria-hidden=\"true\"><\/i><\/a>\t\t\t\t\t\n\t\t\t\t<\/div>\n\t\t\t<\/div>\n\t\t\t\t\t<div class=\"col-lg-3 col-md-4 col-sm-6 col-xs-12 177665423667-2010-2016\">\n\t\t\t\t<div class=\"rtin-item\">\n\t\t\t\t\t<img decoding=\"async\" src=\"https:\/\/fesfestival.com\/2026-\/wp-content\/uploads\/2026\/03\/affiche_edition16.jpg\" alt=\"\u00c9dition 16 \u2014 2010\">\n\t\t\t\t\t<a href=\"https:\/\/fesfestival.com\/2026-\/wp-content\/uploads\/2026\/03\/affiche_edition16.jpg\" class=\"rtin-icon\"><i class=\"fa fa-search\" aria-hidden=\"true\"><\/i><\/a>\t\t\t\t\t\n\t\t\t\t<\/div>\n\t\t\t<\/div>\n\t\t\t\t\t<div class=\"col-lg-3 col-md-4 col-sm-6 col-xs-12 177665423667-2005-2009\">\n\t\t\t\t<div class=\"rtin-item\">\n\t\t\t\t\t<img decoding=\"async\" src=\"https:\/\/fesfestival.com\/2026-\/wp-content\/uploads\/2026\/03\/affiche_edition15.jpg\" alt=\"\u00c9dition 15 \u2014 2009\">\n\t\t\t\t\t<a href=\"https:\/\/fesfestival.com\/2026-\/wp-content\/uploads\/2026\/03\/affiche_edition15.jpg\" class=\"rtin-icon\"><i class=\"fa fa-search\" aria-hidden=\"true\"><\/i><\/a>\t\t\t\t\t\n\t\t\t\t<\/div>\n\t\t\t<\/div>\n\t\t\t\t\t<div class=\"col-lg-3 col-md-4 col-sm-6 col-xs-12 177665423667-2005-2009\">\n\t\t\t\t<div class=\"rtin-item\">\n\t\t\t\t\t<img decoding=\"async\" src=\"https:\/\/fesfestival.com\/2026-\/wp-content\/uploads\/2026\/03\/affiche_edition14.jpg\" alt=\"\u00c9dition 14 \u2014 2008\">\n\t\t\t\t\t<a href=\"https:\/\/fesfestival.com\/2026-\/wp-content\/uploads\/2026\/03\/affiche_edition14.jpg\" class=\"rtin-icon\"><i class=\"fa fa-search\" aria-hidden=\"true\"><\/i><\/a>\t\t\t\t\t\n\t\t\t\t<\/div>\n\t\t\t<\/div>\n\t\t\t\t\t<div class=\"col-lg-3 col-md-4 col-sm-6 col-xs-12 177665423667-2005-2009\">\n\t\t\t\t<div class=\"rtin-item\">\n\t\t\t\t\t<img decoding=\"async\" src=\"https:\/\/fesfestival.com\/2026-\/wp-content\/uploads\/2026\/03\/affiche_edition13.jpg\" alt=\"\u00c9dition 13 \u2014 2007\">\n\t\t\t\t\t<a href=\"https:\/\/fesfestival.com\/2026-\/wp-content\/uploads\/2026\/03\/affiche_edition13.jpg\" class=\"rtin-icon\"><i class=\"fa fa-search\" aria-hidden=\"true\"><\/i><\/a>\t\t\t\t\t\n\t\t\t\t<\/div>\n\t\t\t<\/div>\n\t\t\t\t\t<div class=\"col-lg-3 col-md-4 col-sm-6 col-xs-12 177665423667-2005-2009\">\n\t\t\t\t<div class=\"rtin-item\">\n\t\t\t\t\t<img decoding=\"async\" src=\"https:\/\/fesfestival.com\/2026-\/wp-content\/uploads\/2026\/03\/affiche_edition12.jpg\" alt=\"\u00c9dition 12 \u2014 2006\">\n\t\t\t\t\t<a href=\"https:\/\/fesfestival.com\/2026-\/wp-content\/uploads\/2026\/03\/affiche_edition12.jpg\" class=\"rtin-icon\"><i class=\"fa fa-search\" aria-hidden=\"true\"><\/i><\/a>\t\t\t\t\t\n\t\t\t\t<\/div>\n\t\t\t<\/div>\n\t\t\t\t\t<div class=\"col-lg-3 col-md-4 col-sm-6 col-xs-12 177665423667-2005-2009\">\n\t\t\t\t<div class=\"rtin-item\">\n\t\t\t\t\t<img decoding=\"async\" src=\"https:\/\/fesfestival.com\/2026-\/wp-content\/uploads\/2026\/03\/affiche_edition11.jpg\" alt=\"\u00c9dition 11 \u2014 2005\">\n\t\t\t\t\t<a href=\"https:\/\/fesfestival.com\/2026-\/wp-content\/uploads\/2026\/03\/affiche_edition11.jpg\" class=\"rtin-icon\"><i class=\"fa fa-search\" aria-hidden=\"true\"><\/i><\/a>\t\t\t\t\t\n\t\t\t\t<\/div>\n\t\t\t<\/div>\n\t\t\t\t\t<div class=\"col-lg-3 col-md-4 col-sm-6 col-xs-12 177665423667-2000-2004\">\n\t\t\t\t<div class=\"rtin-item\">\n\t\t\t\t\t<img decoding=\"async\" src=\"https:\/\/fesfestival.com\/2026-\/wp-content\/uploads\/2026\/03\/affiche_edition10.jpg\" alt=\"\u00c9dition 10 \u2014 2004\">\n\t\t\t\t\t<a href=\"https:\/\/fesfestival.com\/2026-\/wp-content\/uploads\/2026\/03\/affiche_edition10.jpg\" class=\"rtin-icon\"><i class=\"fa fa-search\" aria-hidden=\"true\"><\/i><\/a>\t\t\t\t\t\n\t\t\t\t<\/div>\n\t\t\t<\/div>\n\t\t\t\t\t<div class=\"col-lg-3 col-md-4 col-sm-6 col-xs-12 177665423667-2000-2004\">\n\t\t\t\t<div class=\"rtin-item\">\n\t\t\t\t\t<img decoding=\"async\" src=\"https:\/\/fesfestival.com\/2026-\/wp-content\/uploads\/2026\/03\/affiche_edition9.jpg\" alt=\"\u00c9dition 9 \u2014 2003\">\n\t\t\t\t\t<a href=\"https:\/\/fesfestival.com\/2026-\/wp-content\/uploads\/2026\/03\/affiche_edition9.jpg\" class=\"rtin-icon\"><i class=\"fa fa-search\" aria-hidden=\"true\"><\/i><\/a>\t\t\t\t\t\n\t\t\t\t<\/div>\n\t\t\t<\/div>\n\t\t\t\t\t<div class=\"col-lg-3 col-md-4 col-sm-6 col-xs-12 177665423667-2000-2004\">\n\t\t\t\t<div class=\"rtin-item\">\n\t\t\t\t\t<img decoding=\"async\" src=\"https:\/\/fesfestival.com\/2026-\/wp-content\/uploads\/2026\/03\/affiche_edition8.jpg\" alt=\"\u00c9dition 8 \u2014 2002\">\n\t\t\t\t\t<a href=\"https:\/\/fesfestival.com\/2026-\/wp-content\/uploads\/2026\/03\/affiche_edition8.jpg\" class=\"rtin-icon\"><i class=\"fa fa-search\" aria-hidden=\"true\"><\/i><\/a>\t\t\t\t\t\n\t\t\t\t<\/div>\n\t\t\t<\/div>\n\t\t\t\t\t<div class=\"col-lg-3 col-md-4 col-sm-6 col-xs-12 177665423667-2000-2004\">\n\t\t\t\t<div class=\"rtin-item\">\n\t\t\t\t\t<img decoding=\"async\" src=\"https:\/\/fesfestival.com\/2026-\/wp-content\/uploads\/2026\/03\/affiche_edition7.jpg\" alt=\"\u00c9dition 7 \u2014 2001\">\n\t\t\t\t\t<a href=\"https:\/\/fesfestival.com\/2026-\/wp-content\/uploads\/2026\/03\/affiche_edition7.jpg\" class=\"rtin-icon\"><i class=\"fa fa-search\" aria-hidden=\"true\"><\/i><\/a>\t\t\t\t\t\n\t\t\t\t<\/div>\n\t\t\t<\/div>\n\t\t\t\t\t<div class=\"col-lg-3 col-md-4 col-sm-6 col-xs-12 177665423667-2000-2004\">\n\t\t\t\t<div class=\"rtin-item\">\n\t\t\t\t\t<img decoding=\"async\" src=\"https:\/\/fesfestival.com\/2026-\/wp-content\/uploads\/2026\/03\/affiche_edition6.jpg\" alt=\"\u00c9dition 6 \u2014 2000\">\n\t\t\t\t\t<a href=\"https:\/\/fesfestival.com\/2026-\/wp-content\/uploads\/2026\/03\/affiche_edition6.jpg\" class=\"rtin-icon\"><i class=\"fa fa-search\" aria-hidden=\"true\"><\/i><\/a>\t\t\t\t\t\n\t\t\t\t<\/div>\n\t\t\t<\/div>\n\t\t\t\t\t<div class=\"col-lg-3 col-md-4 col-sm-6 col-xs-12 177665423667-1995-1999\">\n\t\t\t\t<div class=\"rtin-item\">\n\t\t\t\t\t<img decoding=\"async\" src=\"https:\/\/fesfestival.com\/2026-\/wp-content\/uploads\/2026\/03\/affiche_edition5.jpg\" alt=\"\u00c9dition 5 \u2014 1999\">\n\t\t\t\t\t<a href=\"https:\/\/fesfestival.com\/2026-\/wp-content\/uploads\/2026\/03\/affiche_edition5.jpg\" class=\"rtin-icon\"><i class=\"fa fa-search\" aria-hidden=\"true\"><\/i><\/a>\t\t\t\t\t\n\t\t\t\t<\/div>\n\t\t\t<\/div>\n\t\t\t\t\t<div class=\"col-lg-3 col-md-4 col-sm-6 col-xs-12 177665423667-1995-1999\">\n\t\t\t\t<div class=\"rtin-item\">\n\t\t\t\t\t<img decoding=\"async\" src=\"https:\/\/fesfestival.com\/2026-\/wp-content\/uploads\/2026\/03\/affiche_edition4.jpg\" alt=\"\u00c9dition 4 \u2014 1998\">\n\t\t\t\t\t<a href=\"https:\/\/fesfestival.com\/2026-\/wp-content\/uploads\/2026\/03\/affiche_edition4.jpg\" class=\"rtin-icon\"><i class=\"fa fa-search\" aria-hidden=\"true\"><\/i><\/a>\t\t\t\t\t\n\t\t\t\t<\/div>\n\t\t\t<\/div>\n\t\t\t\t\t<div class=\"col-lg-3 col-md-4 col-sm-6 col-xs-12 177665423667-1995-1999\">\n\t\t\t\t<div class=\"rtin-item\">\n\t\t\t\t\t<img decoding=\"async\" src=\"https:\/\/fesfestival.com\/2026-\/wp-content\/uploads\/2026\/03\/affiche_edition3.jpg\" alt=\"\u00c9dition 3 \u2014 1997\">\n\t\t\t\t\t<a href=\"https:\/\/fesfestival.com\/2026-\/wp-content\/uploads\/2026\/03\/affiche_edition3.jpg\" class=\"rtin-icon\"><i class=\"fa fa-search\" aria-hidden=\"true\"><\/i><\/a>\t\t\t\t\t\n\t\t\t\t<\/div>\n\t\t\t<\/div>\n\t\t\t\t\t<div class=\"col-lg-3 col-md-4 col-sm-6 col-xs-12 177665423667-1995-1999\">\n\t\t\t\t<div class=\"rtin-item\">\n\t\t\t\t\t<img decoding=\"async\" src=\"https:\/\/fesfestival.com\/2026-\/wp-content\/uploads\/2026\/03\/affiche_edition2.jpg\" alt=\"\u00c9dition 2\">\n\t\t\t\t\t<a href=\"https:\/\/fesfestival.com\/2026-\/wp-content\/uploads\/2026\/03\/affiche_edition2.jpg\" class=\"rtin-icon\"><i class=\"fa fa-search\" aria-hidden=\"true\"><\/i><\/a>\t\t\t\t\t\n\t\t\t\t<\/div>\n\t\t\t<\/div>\n\t\t\t\t\t<div class=\"col-lg-3 col-md-4 col-sm-6 col-xs-12 177665423667-1995-1999\">\n\t\t\t\t<div class=\"rtin-item\">\n\t\t\t\t\t<img decoding=\"async\" src=\"https:\/\/fesfestival.com\/2026-\/wp-content\/uploads\/2026\/03\/affiche_edition1.jpg\" alt=\"\u00c9dition 1\">\n\t\t\t\t\t<a href=\"https:\/\/fesfestival.com\/2026-\/wp-content\/uploads\/2026\/03\/affiche_edition1.jpg\" class=\"rtin-icon\"><i class=\"fa fa-search\" aria-hidden=\"true\"><\/i><\/a>\t\t\t\t\t\n\t\t\t\t<\/div>\n\t\t\t<\/div>\n\t\t\t<\/div>\n<\/div>\t\t\t\t<\/div>\n\t\t\t\t<\/div>\n\t\t\t\t\t<\/div>\n\t\t<\/div>\n\t\t\t\t\t<\/div>\n\t\t<\/section>\n\t\t\t\t<\/div>\n\t\t","protected":false},"excerpt":{"rendered":"<p>\u00c9ditions Pr\u00e9c\u00e9dentes Chaque \u00e9dition du Festival de F\u00e8s des Musiques Sacr\u00e9es du Monde est unique, forte et singuli\u00e8re, port\u00e9e par une identit\u00e9 propre, une th\u00e9matique engag\u00e9e et une vision artistique en constante r\u00e9invention, au croisement des cultures, des spiritualit\u00e9s et des esth\u00e9tiques All \u00c9ditions 23-28 (2017-2025) \u00c9ditions 16-22 (2010-2016) \u00c9ditions 11-15 (2005-2009) \u00c9ditions 6-10 (2000-2004)&#8230;<\/p>\n","protected":false},"author":1,"featured_media":0,"parent":0,"menu_order":0,"comment_status":"closed","ping_status":"closed","template":"","meta":{"footnotes":""},"class_list":["post-1149","page","type-page","status-publish","hentry"],"jetpack_sharing_enabled":true,"_links":{"self":[{"href":"https:\/\/fesfestival.com\/2026-\/wp-json\/wp\/v2\/pages\/1149","targetHints":{"allow":["GET"]}}],"collection":[{"href":"https:\/\/fesfestival.com\/2026-\/wp-json\/wp\/v2\/pages"}],"about":[{"href":"https:\/\/fesfestival.com\/2026-\/wp-json\/wp\/v2\/types\/page"}],"author":[{"embeddable":true,"href":"https:\/\/fesfestival.com\/2026-\/wp-json\/wp\/v2\/users\/1"}],"replies":[{"embeddable":true,"href":"https:\/\/fesfestival.com\/2026-\/wp-json\/wp\/v2\/comments?post=1149"}],"version-history":[{"count":6,"href":"https:\/\/fesfestival.com\/2026-\/wp-json\/wp\/v2\/pages\/1149\/revisions"}],"predecessor-version":[{"id":3710,"href":"https:\/\/fesfestival.com\/2026-\/wp-json\/wp\/v2\/pages\/1149\/revisions\/3710"}],"wp:attachment":[{"href":"https:\/\/fesfestival.com\/2026-\/wp-json\/wp\/v2\/media?parent=1149"}],"curies":[{"name":"wp","href":"https:\/\/api.w.org\/{rel}","templated":true}]}}